{"id":11233,"date":"2018-06-19T12:03:05","date_gmt":"2018-06-19T10:03:05","guid":{"rendered":"https:\/\/www.beautymovies.com\/?page_id=11233"},"modified":"2020-08-21T19:23:49","modified_gmt":"2020-08-21T17:23:49","slug":"tags","status":"publish","type":"page","link":"https:\/\/www.beautymovies.com\/de\/sex-videos-mit-schonen-nackten-madchen\/","title":{"rendered":"Etiketten"},"content":{"rendered":"<p>[vc_row][vc_column css_animation=&#8221;none&#8221; offset=&#8221;vc_hidden-lg&#8221; css=&#8221;.vc_custom_1560785365306{margin-top: -50px !important;margin-bottom: -30px !important;}&#8221;][vc_column_text]<\/p>\n<p style=\"text-align: center;\"><div class=\"adsb30\" style=\" margin:0px; text-align:center\"><script async type=\"application\/javascript\" src=\"https:\/\/a.magsrv.com\/ad-provider.js\"><\/script> \r\n <ins class=\"eas6a97888e10\" data-zoneid=\"2718186\" data-keywords=\"keywords\" data-sub=\"123450000\"><\/ins> \r\n <script>(AdProvider = window.AdProvider || []).push({\"serve\": {}});<\/script><\/div>\n<p>[\/vc_column_text][\/vc_column][\/vc_row][vc_row full_width=&#8221;stretch_row_content&#8221;][vc_column css_animation=&#8221;none&#8221; css=&#8221;.vc_custom_1560785377834{margin-top: -20px !important;margin-bottom: -20px !important;}&#8221;][vc_column_text]<\/p>\n<h1 style=\"text-align: center;\"><span class=\"tlid-translation translation\" lang=\"de\"><span class=\"\" title=\"\">Sex videos mit sch\u00f6nen nackten m\u00e4dchen<\/span><\/span><\/h1>\n<p>[\/vc_column_text][mars_vc_vt_tag_cloud smallest=&#8221;12&#8243; largest=&#8221;12&#8243; number=&#8221;200&#8243;][\/vc_column][\/vc_row][vc_row full_width=&#8221;stretch_row_content&#8221;][vc_column css_animation=&#8221;none&#8221; offset=&#8221;vc_hidden-md vc_hidden-sm vc_hidden-xs&#8221;][vc_column_text]<div class=\"adsb30\" style=\" margin:12px; text-align:center\"><script async type=\"application\/javascript\" src=\"https:\/\/a.magsrv.com\/ad-provider.js\"><\/script> \r\n <ins class=\"eas6a97888e20\" data-zoneid=\"3423767\" data-keywords=\"keywords\" data-sub=\"123450000\"><\/ins> \r\n <script>(AdProvider = window.AdProvider || []).push({\"serve\": {}});<\/script><\/div>[\/vc_column_text][\/vc_column][\/vc_row][vc_row full_width=&#8221;stretch_row_content&#8221;][vc_column css_animation=&#8221;none&#8221; offset=&#8221;vc_hidden-lg&#8221;][vc_column_text][\/vc_column_text][\/vc_column][\/vc_row][vc_row full_width=&#8221;stretch_row_content&#8221; css_animation=&#8221;none&#8221;][vc_column css_animation=&#8221;none&#8221; offset=&#8221;vc_col-md-12 vc_col-sm-offset-0 vc_col-xs-offset-1 vc_col-xs-10&#8243;][vc_column_text]<\/p>\n<h2 style=\"text-align: center;\">Die Website mit den besten Filmen x online<\/h2>\n<p>Willkommen in dem Bereich, in dem Sie alle Labels finden, die wir im Web erstellt haben, um alle Sexvideos, die wir auf der Website haben, spezifisch und einzigartig zu verbreiten.<br \/>\nSie k\u00f6nnen sehr unterschiedliche Labels finden, entweder abh\u00e4ngig von der Anzahl der sch\u00f6nen nackten M\u00e4dchen, die auf dem Bildschirm erscheinen, oder abh\u00e4ngig von der Oberweite der xxx-Modelle. Wichtig ist jedoch, dass Sie alle Filme x kostenlos online ansehen k\u00f6nnen Wenn du nach Sexvideos von dir suchst, findest du in diesem Abschnitt ganz bestimmte Sexszenen, da hier die Filme viel konkreter und enger online sind.<br \/>\nNachdem Sie zuvor alle x Filme online nach Kategorien, aber auch nach xxx Models und jetzt auch nach Labels bestellt haben, finden Sie sehr intuitiv und einfach alles, was Sie suchen, da wir Ihnen die gr\u00f6\u00dfte Auswahl an sch\u00f6nen nackten M\u00e4dchen zur Verf\u00fcgung stellen, die Sie sich seitdem hier vorstellen k\u00f6nnen Sie werden die ber\u00fchmtesten Schauspielerinnen des Erwachsenenkinos sehen, aber Sie k\u00f6nnen auch alle xxx-Modelle sehen, die jetzt in der Pornofilmbranche anfangen zu arbeiten und versuchen, sich in diesem wettbewerbsintensiven Markt einzumischen.<br \/>\nHier k\u00f6nnen Sie \u00fcberpr\u00fcfen, ob die Sexvideos, die wir haben, mit einem Schl\u00fcsselwort oder einer ganz bestimmten Phrase verkn\u00fcpft sind, da Sie auf diese Weise die sch\u00f6nen nackten M\u00e4dchen finden k\u00f6nnen, nach denen Sie gesucht haben, w\u00e4hrend Sie Beziehungen an ganz bestimmten Orten wie einem Auto oder einem Krankenhaus unterhalten. Wir trennen sie jedoch auch nach der Anzahl der xxx-Modelle, die in der betreffenden Szene vorkommen.<br \/>\nMit den bereits erstellten Labels nehmen wir alle Filme x online, die wir bestellt haben, aber auch oben auf dieser Seite befindet sich eine Suchmaschine, in der Sie den gew\u00fcnschten Text eingeben k\u00f6nnen, entweder indem Sie Beispiele f\u00fcr den Namen von a angeben Eine besondere Szene, in der die sch\u00f6nen nackten M\u00e4dchen, die Sie sehen m\u00f6chten, oder irgendeine sexuelle Position, die unsere XXX-Models eingenommen haben, und die Sie auf keine der drei Arten finden, auf die wir ihnen den gesamten Inhalt bestellt haben, denn f\u00fcr uns ist es von entscheidender Bedeutung dass Benutzer die Sexvideos finden, nach denen sie sich sehnen.[\/vc_column_text][\/vc_column][\/vc_row][vc_row full_width=&#8221;stretch_row_content&#8221;][vc_column css_animation=&#8221;none&#8221; width=&#8221;1\/6&#8243; offset=&#8221;vc_hidden-md vc_hidden-sm vc_hidden-xs&#8221;][\/vc_column][vc_column width=&#8221;2\/3&#8243;][vc_column_text]<div class=\"adsb30\" style=\" margin:0px; margin-right:0px; text-align:right\"><script async type=\"application\/javascript\" src=\"https:\/\/a.magsrv.com\/ad-provider.js\"><\/script> \r\n <ins class=\"eas6a97888e20\" data-zoneid=\"3422213\" data-keywords=\"keywords\" data-sub=\"123450000\"><\/ins> \r\n <script>(AdProvider = window.AdProvider || []).push({\"serve\": {}});<\/script><\/div>[\/vc_column_text][\/vc_column][vc_column width=&#8221;1\/6&#8243;][\/vc_column][\/vc_row][vc_row full_width=&#8221;stretch_row_content&#8221; css_animation=&#8221;none&#8221;][vc_column css_animation=&#8221;none&#8221; offset=&#8221;vc_col-md-12 vc_col-sm-offset-0 vc_col-xs-offset-1 vc_col-xs-10&#8243;][vc_column_text]<\/p>\n<h3 style=\"text-align: center;\">Wundersch\u00f6ne xxx Modelle die eingedrungen sind<\/h3>\n<p>Wenn Sie ein neuer Benutzer sind oder wenn Sie bereits Stammkunde sind, werden Sie als Erstes darauf aufmerksam, dass es auf dieser Website die sch\u00f6nsten und angesehensten XXX-Models der Erotikfilmbranche gibt, mit denen all die sch\u00f6nen nackten M\u00e4dchen Wie Sie auf unserer Website sehen, handelt es sich um Frauen, die sich professionell f\u00fcr diese Art von Sexvideos einsetzen. Sie tun dies frei und sind sich bewusst, dass sie f\u00fcr die Online-Produktion von x Filmen aufgezeichnet wurden, da dies die von ihnen ausgew\u00e4hlte Arbeit ist und wir nur Sexvideos ver\u00f6ffentlichen sch\u00f6ne nackte M\u00e4dchen, die sich professionell daf\u00fcr einsetzen.<br \/>\nAlle Online-x-Filme, die wir haben, sind im gesamten Internet einzigartig, da wir jedes einzelne der Sexvideos, die wir zeigen, und, wie bereits erw\u00e4hnt, alle xxx-Models, die Sie hier finden, professionelle Schauspielerinnen sind, die sich dem Dolmetschen widmen und produzieren diese Art von Inhalten.<br \/>\nJeden Tag erscheinen neue sch\u00f6ne nackte M\u00e4dchen bereit, Filme x online zu drehen, mit denen wir die besten Szenen und die sch\u00f6nsten xxx-Models ausw\u00e4hlen, um Ihnen die besten Sexvideos und die besten Inhalte anbieten zu k\u00f6nnen, da wir feststellen, dass viele Websites mit xxx ges\u00e4ttigt sind Models, die es nicht wert sind oder Szenen, in denen die sch\u00f6nen nackten M\u00e4dchen nicht wissen, dass sie sie aufnehmen, dass wir sie nicht m\u00f6gen, und wir ver\u00f6ffentlichen nur Filme online mit sch\u00f6nen nackten M\u00e4dchen, die sich auf professionelle Weise daf\u00fcr einsetzen, weil nur In Auf diese Weise k\u00f6nnen wir Ihnen die beeindruckendsten Sexvideos anbieten und diese auf eine ganz bestimmte Weise klassifizieren, sodass Sie sich die Filme x online kostenlos und in guter Qualit\u00e4t ansehen k\u00f6nnen, nach denen Sie suchen.[\/vc_column_text][\/vc_column][\/vc_row][vc_row full_width=&#8221;stretch_row_content&#8221;][vc_column css_animation=&#8221;none&#8221; width=&#8221;1\/4&#8243;][vc_column_text]<div class=\"adsb30\" style=\" margin:0px; text-align:center\"><script async type=\"application\/javascript\" src=\"https:\/\/a.magsrv.com\/ad-provider.js\"><\/script> \r\n <ins class=\"eas6a97888e2\" data-zoneid=\"2736954\" data-keywords=\"keywords\" data-sub=\"123450000\"><\/ins> \r\n <script>(AdProvider = window.AdProvider || []).push({\"serve\": {}});<\/script><\/div>[\/vc_column_text][\/vc_column][vc_column css_animation=&#8221;none&#8221; width=&#8221;1\/4&#8243; offset=&#8221;vc_hidden-md vc_hidden-sm vc_hidden-xs&#8221;][vc_column_text]<div class=\"adsb30\" style=\" margin:0px; text-align:center\"><script async type=\"application\/javascript\" src=\"https:\/\/a.magsrv.com\/ad-provider.js\"><\/script> \r\n <ins class=\"eas6a97888e2\" data-zoneid=\"2736946\" data-keywords=\"keywords\" data-sub=\"123450000\"><\/ins> \r\n <script>(AdProvider = window.AdProvider || []).push({\"serve\": {}});<\/script><\/div>[\/vc_column_text][\/vc_column][vc_column css_animation=&#8221;none&#8221; width=&#8221;1\/4&#8243; offset=&#8221;vc_hidden-md vc_hidden-sm vc_hidden-xs&#8221;][vc_column_text]<div class=\"adsb30\" style=\" margin:0px; text-align:center\"><script async type=\"application\/javascript\" src=\"https:\/\/a.magsrv.com\/ad-provider.js\"><\/script> \r\n <ins class=\"eas6a97888e2\" data-zoneid=\"2736954\" data-keywords=\"keywords\" data-sub=\"123450000\"><\/ins> \r\n <script>(AdProvider = window.AdProvider || []).push({\"serve\": {}});<\/script><\/div>[\/vc_column_text][\/vc_column][vc_column css_animation=&#8221;none&#8221; width=&#8221;1\/4&#8243;][vc_column_text]<div class=\"adsb30\" style=\" margin:0px; text-align:center\"><script async type=\"application\/javascript\" src=\"https:\/\/a.magsrv.com\/ad-provider.js\"><\/script> \r\n <ins class=\"eas6a97888e2\" data-zoneid=\"2736946\" data-keywords=\"keywords\" data-sub=\"123450000\"><\/ins> \r\n <script>(AdProvider = window.AdProvider || []).push({\"serve\": {}});<\/script><\/div>[\/vc_column_text][\/vc_column][\/vc_row]<\/p>\n","protected":false},"excerpt":{"rendered":"<p>[vc_row][vc_column css_animation=&#8221;none&#8221; offset=&#8221;vc_hidden-lg&#8221; css=&#8221;.vc_custom_1560785365306{margin-top: -50px !important;margin-bottom: -30px !important;}&#8221;][vc_column_text] [\/vc_column_text][\/vc_column][\/vc_row][vc_row full_width=&#8221;stretch_row_content&#8221;][vc_column css_animation=&#8221;none&#8221; css=&#8221;.vc_custom_1560785377834{margin-top: -20px !important;margin-bottom: -20px !important;}&#8221;][vc_column_text] Sex videos mit sch\u00f6nen nackten m\u00e4dchen [\/vc_column_text][mars_vc_vt_tag_cloud smallest=&#8221;12&#8243; largest=&#8221;12&#8243; number=&#8221;200&#8243;][\/vc_column][\/vc_row][vc_row full_width=&#8221;stretch_row_content&#8221;][vc_column css_animation=&#8221;none&#8221; offset=&#8221;vc_hidden-md vc_hidden-sm vc_hidden-xs&#8221;][vc_column_text][\/vc_column_text][\/vc_column][\/vc_row][vc_row full_width=&#8221;stretch_row_content&#8221;][vc_column css_animation=&#8221;none&#8221; offset=&#8221;vc_hidden-lg&#8221;][vc_column_text][\/vc_column_text][\/vc_column][\/vc_row][vc_row full_width=&#8221;stretch_row_content&#8221; css_animation=&#8221;none&#8221;][vc_column css_animation=&#8221;none&#8221; offset=&#8221;vc_col-md-12 vc_col-sm-offset-0 vc_col-xs-offset-1 vc_col-xs-10&#8243;][vc_column_text] Die Website mit den besten Filmen x online Willkommen in dem Bereich, in dem [&hellip;]<\/p>\n","protected":false},"author":1,"featured_media":1232,"parent":0,"menu_order":0,"comment_status":"closed","ping_status":"closed","template":"tpl-page-builder.php","meta":{"_acf_changed":false,"_monsterinsights_skip_tracking":false,"_monsterinsights_sitenote_active":false,"_monsterinsights_sitenote_note":"","_monsterinsights_sitenote_category":0,"footnotes":""},"class_list":["post-11233","page","type-page","status-publish","has-post-thumbnail","hentry"],"acf":[],"yoast_head":"<!-- This site is optimized with the Yoast SEO plugin v26.9 - https:\/\/yoast.com\/product\/yoast-seo-wordpress\/ -->\n<title>Scene porno e video di sesso ordinati per etichette<\/title>\n<meta name=\"description\" content=\"Tutti i etichette dei nostri video pornografici per poter scegliere la scena e il tipo di video che vuoi vedere, questa \u00e8 la nostra squisita selezione:\" \/>\n<meta name=\"robots\" content=\"index, follow, max-snippet:-1, max-image-preview:large, max-video-preview:-1\" \/>\n<link rel=\"canonical\" href=\"https:\/\/www.beautymovies.com\/it\/video-di-sesso-con-belle-ragazze-nude\/\" \/>\n<meta property=\"og:locale\" content=\"de_DE\" \/>\n<meta property=\"og:type\" content=\"article\" \/>\n<meta property=\"og:title\" content=\"Scene porno e video di sesso ordinati per etichette\" \/>\n<meta property=\"og:description\" content=\"Tutti i etichette dei nostri video pornografici per poter scegliere la scena e il tipo di video che vuoi vedere, questa \u00e8 la nostra squisita selezione:\" \/>\n<meta property=\"og:url\" content=\"https:\/\/www.beautymovies.com\/it\/video-di-sesso-con-belle-ragazze-nude\/\" \/>\n<meta property=\"og:site_name\" content=\"beautymovies.com\" \/>\n<meta property=\"article:modified_time\" content=\"2020-08-21T17:23:49+00:00\" \/>\n<meta property=\"og:image\" content=\"https:\/\/www.beautymovies.com\/wp-content\/uploads\/2017\/03\/logotipo-grande.jpg\" \/>\n\t<meta property=\"og:image:width\" content=\"556\" \/>\n\t<meta property=\"og:image:height\" content=\"200\" \/>\n\t<meta property=\"og:image:type\" content=\"image\/jpeg\" \/>\n<meta name=\"twitter:card\" content=\"summary_large_image\" \/>\n<meta name=\"twitter:site\" content=\"@BeautyMoviesXXX\" \/>\n<meta name=\"twitter:label1\" content=\"Gesch\u00e4tzte Lesezeit\" \/>\n\t<meta name=\"twitter:data1\" content=\"5\u00a0Minuten\" \/>\n<script type=\"application\/ld+json\" class=\"yoast-schema-graph\">{\"@context\":\"https:\/\/schema.org\",\"@graph\":[{\"@type\":\"WebPage\",\"@id\":\"https:\/\/www.beautymovies.com\/it\/video-di-sesso-con-belle-ragazze-nude\/\",\"url\":\"https:\/\/www.beautymovies.com\/it\/video-di-sesso-con-belle-ragazze-nude\/\",\"name\":\"Scene porno e video di sesso ordinati per etichette\",\"isPartOf\":{\"@id\":\"https:\/\/www.beautymovies.com\/de\/#website\"},\"primaryImageOfPage\":{\"@id\":\"https:\/\/www.beautymovies.com\/it\/video-di-sesso-con-belle-ragazze-nude\/#primaryimage\"},\"image\":{\"@id\":\"https:\/\/www.beautymovies.com\/it\/video-di-sesso-con-belle-ragazze-nude\/#primaryimage\"},\"thumbnailUrl\":\"https:\/\/www.beautymovies.com\/wp-content\/uploads\/2017\/03\/logotipo-grande.jpg\",\"datePublished\":\"2018-06-19T10:03:05+00:00\",\"dateModified\":\"2020-08-21T17:23:49+00:00\",\"description\":\"Tutti i etichette dei nostri video pornografici per poter scegliere la scena e il tipo di video che vuoi vedere, questa \u00e8 la nostra squisita selezione:\",\"inLanguage\":\"de\",\"potentialAction\":[{\"@type\":\"ReadAction\",\"target\":[\"https:\/\/www.beautymovies.com\/it\/video-di-sesso-con-belle-ragazze-nude\/\"]}]},{\"@type\":\"ImageObject\",\"inLanguage\":\"de\",\"@id\":\"https:\/\/www.beautymovies.com\/it\/video-di-sesso-con-belle-ragazze-nude\/#primaryimage\",\"url\":\"https:\/\/www.beautymovies.com\/wp-content\/uploads\/2017\/03\/logotipo-grande.jpg\",\"contentUrl\":\"https:\/\/www.beautymovies.com\/wp-content\/uploads\/2017\/03\/logotipo-grande.jpg\",\"width\":556,\"height\":200,\"caption\":\"logotipo de beautymovies.com\"},{\"@type\":\"WebSite\",\"@id\":\"https:\/\/www.beautymovies.com\/de\/#website\",\"url\":\"https:\/\/www.beautymovies.com\/de\/\",\"name\":\"beautymovies.com\",\"description\":\"Die beste Auswahl an Pornofilmen in HD Qualit\u00e4t ohne invasive Werbung und mit sicherer Verbindung\",\"publisher\":{\"@id\":\"https:\/\/www.beautymovies.com\/de\/#organization\"},\"potentialAction\":[{\"@type\":\"SearchAction\",\"target\":{\"@type\":\"EntryPoint\",\"urlTemplate\":\"https:\/\/www.beautymovies.com\/de\/?s={search_term_string}\"},\"query-input\":{\"@type\":\"PropertyValueSpecification\",\"valueRequired\":true,\"valueName\":\"search_term_string\"}}],\"inLanguage\":\"de\"},{\"@type\":\"Organization\",\"@id\":\"https:\/\/www.beautymovies.com\/de\/#organization\",\"name\":\"beautymovies.com\",\"url\":\"https:\/\/www.beautymovies.com\/de\/\",\"logo\":{\"@type\":\"ImageObject\",\"inLanguage\":\"de\",\"@id\":\"https:\/\/www.beautymovies.com\/de\/#\/schema\/logo\/image\/\",\"url\":\"https:\/\/www.beautymovies.com\/wp-content\/uploads\/2019\/04\/logo-end.jpg\",\"contentUrl\":\"https:\/\/www.beautymovies.com\/wp-content\/uploads\/2019\/04\/logo-end.jpg\",\"width\":200,\"height\":73,\"caption\":\"beautymovies.com\"},\"image\":{\"@id\":\"https:\/\/www.beautymovies.com\/de\/#\/schema\/logo\/image\/\"},\"sameAs\":[\"https:\/\/x.com\/BeautyMoviesXXX\"]}]}<\/script>\n<!-- \/ Yoast SEO plugin. -->","yoast_head_json":{"title":"Scene porno e video di sesso ordinati per etichette","description":"Tutti i etichette dei nostri video pornografici per poter scegliere la scena e il tipo di video che vuoi vedere, questa \u00e8 la nostra squisita selezione:","robots":{"index":"index","follow":"follow","max-snippet":"max-snippet:-1","max-image-preview":"max-image-preview:large","max-video-preview":"max-video-preview:-1"},"canonical":"https:\/\/www.beautymovies.com\/it\/video-di-sesso-con-belle-ragazze-nude\/","og_locale":"de_DE","og_type":"article","og_title":"Scene porno e video di sesso ordinati per etichette","og_description":"Tutti i etichette dei nostri video pornografici per poter scegliere la scena e il tipo di video che vuoi vedere, questa \u00e8 la nostra squisita selezione:","og_url":"https:\/\/www.beautymovies.com\/it\/video-di-sesso-con-belle-ragazze-nude\/","og_site_name":"beautymovies.com","article_modified_time":"2020-08-21T17:23:49+00:00","og_image":[{"width":556,"height":200,"url":"https:\/\/www.beautymovies.com\/wp-content\/uploads\/2017\/03\/logotipo-grande.jpg","type":"image\/jpeg"}],"twitter_card":"summary_large_image","twitter_site":"@BeautyMoviesXXX","twitter_misc":{"Gesch\u00e4tzte Lesezeit":"5\u00a0Minuten"},"schema":{"@context":"https:\/\/schema.org","@graph":[{"@type":"WebPage","@id":"https:\/\/www.beautymovies.com\/it\/video-di-sesso-con-belle-ragazze-nude\/","url":"https:\/\/www.beautymovies.com\/it\/video-di-sesso-con-belle-ragazze-nude\/","name":"Scene porno e video di sesso ordinati per etichette","isPartOf":{"@id":"https:\/\/www.beautymovies.com\/de\/#website"},"primaryImageOfPage":{"@id":"https:\/\/www.beautymovies.com\/it\/video-di-sesso-con-belle-ragazze-nude\/#primaryimage"},"image":{"@id":"https:\/\/www.beautymovies.com\/it\/video-di-sesso-con-belle-ragazze-nude\/#primaryimage"},"thumbnailUrl":"https:\/\/www.beautymovies.com\/wp-content\/uploads\/2017\/03\/logotipo-grande.jpg","datePublished":"2018-06-19T10:03:05+00:00","dateModified":"2020-08-21T17:23:49+00:00","description":"Tutti i etichette dei nostri video pornografici per poter scegliere la scena e il tipo di video che vuoi vedere, questa \u00e8 la nostra squisita selezione:","inLanguage":"de","potentialAction":[{"@type":"ReadAction","target":["https:\/\/www.beautymovies.com\/it\/video-di-sesso-con-belle-ragazze-nude\/"]}]},{"@type":"ImageObject","inLanguage":"de","@id":"https:\/\/www.beautymovies.com\/it\/video-di-sesso-con-belle-ragazze-nude\/#primaryimage","url":"https:\/\/www.beautymovies.com\/wp-content\/uploads\/2017\/03\/logotipo-grande.jpg","contentUrl":"https:\/\/www.beautymovies.com\/wp-content\/uploads\/2017\/03\/logotipo-grande.jpg","width":556,"height":200,"caption":"logotipo de beautymovies.com"},{"@type":"WebSite","@id":"https:\/\/www.beautymovies.com\/de\/#website","url":"https:\/\/www.beautymovies.com\/de\/","name":"beautymovies.com","description":"Die beste Auswahl an Pornofilmen in HD Qualit\u00e4t ohne invasive Werbung und mit sicherer Verbindung","publisher":{"@id":"https:\/\/www.beautymovies.com\/de\/#organization"},"potentialAction":[{"@type":"SearchAction","target":{"@type":"EntryPoint","urlTemplate":"https:\/\/www.beautymovies.com\/de\/?s={search_term_string}"},"query-input":{"@type":"PropertyValueSpecification","valueRequired":true,"valueName":"search_term_string"}}],"inLanguage":"de"},{"@type":"Organization","@id":"https:\/\/www.beautymovies.com\/de\/#organization","name":"beautymovies.com","url":"https:\/\/www.beautymovies.com\/de\/","logo":{"@type":"ImageObject","inLanguage":"de","@id":"https:\/\/www.beautymovies.com\/de\/#\/schema\/logo\/image\/","url":"https:\/\/www.beautymovies.com\/wp-content\/uploads\/2019\/04\/logo-end.jpg","contentUrl":"https:\/\/www.beautymovies.com\/wp-content\/uploads\/2019\/04\/logo-end.jpg","width":200,"height":73,"caption":"beautymovies.com"},"image":{"@id":"https:\/\/www.beautymovies.com\/de\/#\/schema\/logo\/image\/"},"sameAs":["https:\/\/x.com\/BeautyMoviesXXX"]}]}},"amp_enabled":false,"_links":{"self":[{"href":"https:\/\/www.beautymovies.com\/de\/wp-json\/wp\/v2\/pages\/11233","targetHints":{"allow":["GET"]}}],"collection":[{"href":"https:\/\/www.beautymovies.com\/de\/wp-json\/wp\/v2\/pages"}],"about":[{"href":"https:\/\/www.beautymovies.com\/de\/wp-json\/wp\/v2\/types\/page"}],"author":[{"embeddable":true,"href":"https:\/\/www.beautymovies.com\/de\/wp-json\/wp\/v2\/users\/1"}],"replies":[{"embeddable":true,"href":"https:\/\/www.beautymovies.com\/de\/wp-json\/wp\/v2\/comments?post=11233"}],"version-history":[{"count":0,"href":"https:\/\/www.beautymovies.com\/de\/wp-json\/wp\/v2\/pages\/11233\/revisions"}],"wp:featuredmedia":[{"embeddable":true,"href":"https:\/\/www.beautymovies.com\/de\/wp-json\/wp\/v2\/media\/1232"}],"wp:attachment":[{"href":"https:\/\/www.beautymovies.com\/de\/wp-json\/wp\/v2\/media?parent=11233"}],"curies":[{"name":"wp","href":"https:\/\/api.w.org\/{rel}","templated":true}]}}