{"id":1494,"date":"2017-05-08T17:38:44","date_gmt":"2017-05-08T15:38:44","guid":{"rendered":"https:\/\/www.beautymovies.com\/?page_id=1494"},"modified":"2019-06-26T13:12:04","modified_gmt":"2019-06-26T11:12:04","slug":"subil-arch-profile","status":"publish","type":"page","link":"https:\/\/www.beautymovies.com\/de\/online-filme-beruhmter-aktfotos\/subil-arch-profile\/","title":{"rendered":"Subil Arch"},"content":{"rendered":"<p>[vc_row][vc_column css_animation=&#8221;none&#8221; offset=&#8221;vc_hidden-lg&#8221; css=&#8221;.vc_custom_1560862014473{margin-top: -50px !important;margin-bottom: -30px !important;}&#8221;][vc_column_text]<\/p>\n<p style=\"text-align: center;\"><div class=\"adsb30\" style=\" margin:0px; text-align:center\"><script async type=\"application\/javascript\" src=\"https:\/\/a.magsrv.com\/ad-provider.js\"><\/script> \r\n <ins class=\"eas6a97888e10\" data-zoneid=\"2718186\" data-keywords=\"keywords\" data-sub=\"123450000\"><\/ins> \r\n <script>(AdProvider = window.AdProvider || []).push({\"serve\": {}});<\/script><\/div>\n<p>[\/vc_column_text][\/vc_column][\/vc_row][vc_row css=&#8221;.vc_custom_1560869538466{margin-top: -20px !important;}&#8221;][vc_column width=&#8221;2\/6&#8243;][vc_column_text]<\/p>\n<h1 style=\"text-align: center;\"><strong>Biografie von Subil Arch<\/strong><\/h1>\n<p>[\/vc_column_text][vc_column_text]<img decoding=\"async\" class=\"aligncenter wp-image-1546\" src=\"https:\/\/www.beautymovies.com\/wp-content\/uploads\/2017\/05\/Subil-Arch.jpg\" alt=\"Keiran Lee\" width=\"267\" height=\"400\" \/>[\/vc_column_text][\/vc_column][vc_column width=&#8221;4\/6&#8243;][vc_column_text]<strong>Name<\/strong>: Arch Subil<\/p>\n<p><strong>K\u00fcnstlername<\/strong>: Sibul Arch, Bogen Subie, Subil Arsh, Talina, Tolina, Trixy<\/p>\n<p><strong>Geboren<\/strong>: 12. April 1989 in West-Nera<\/p>\n<p><strong>Nationalit\u00e4t<\/strong>: Russisch<\/p>\n<p><strong>H\u00f6he<\/strong>: 166 cm<\/p>\n<p><strong>Gewicht<\/strong>: 51 kg<\/p>\n<p><strong>Herkunft<\/strong>: Europ\u00e4isch<\/p>\n<p><strong>Augenfarbe<\/strong>: Blau<\/p>\n<p><strong>Haare<\/strong>: Chestnut[\/vc_column_text][vc_column_text]<div class=\"adsb30\" style=\" margin:0px; margin-right:0px; text-align:right\"><script async type=\"application\/javascript\" src=\"https:\/\/a.magsrv.com\/ad-provider.js\"><\/script> \r\n <ins class=\"eas6a97888e20\" data-zoneid=\"3422213\" data-keywords=\"keywords\" data-sub=\"123450000\"><\/ins> \r\n <script>(AdProvider = window.AdProvider || []).push({\"serve\": {}});<\/script><\/div>[\/vc_column_text][\/vc_column][\/vc_row][vc_row full_width=&#8221;stretch_row_content&#8221;][vc_column css=&#8221;.vc_custom_1560869983749{margin-top: -20px !important;}&#8221;][vc_column_text]<\/p>\n<h2 style=\"text-align: center;\"><strong>Porno Videos von Subil Arch<\/strong><\/h2>\n<p>[\/vc_column_text]<div class=\"widget widget-shortcode widget-builder\"><div class=\"widget-content\">\t\t\t\t<div class=\"video-section\">\n\t\t\t\t\t<div id=\"pagebuilder-5238\" class=\"row row-5 columns-6 \"> \n\t\t\t\t\t\t\t\t\t\t\t\t\t<div class=\"col-xl-2 col-lg-2 col-md-3 col-6 item responsive-height post\">\n\t\t\t\t\t\t\t\t<article class=\"post-2824 video type-video status-publish format-standard has-post-thumbnail hentry categories-brown-haired-girls categories-girls-doing-blowjob categories-girls-with-big-ass categories-busty-girls-fucking categories-mature-women-fucking categories-subil-arch categories-threesome-sex-videos categories-sex-with-double-penetration video_tag-hot video_tag-nymphomaniac video_tag-hardcore video_tag-couch video_tag-lick-pussy video_tag-swallow\">\n\t\t\t\t\t\t\t\t\t<div class=\"item-img\">\n\t                                \t<a href=\"https:\/\/www.beautymovies.com\/de\/video\/subil-arch-enjoying-sex-with-2-men-in-threesome\/\">\n\t\t\t\t\t\t\t\t\t\t\t<img decoding=\"async\" width=\"360\" height=\"240\" src=\"https:\/\/www.beautymovies.com\/wp-content\/uploads\/2017\/06\/Subil-Arch-enjoying-sex-with-2-men-in-a-threesome-360x240.jpg\" class=\"img-responsive wp-post-image\" alt=\"Subil Arch enjoying sex with 2 men in a threesome\" srcset=\"https:\/\/www.beautymovies.com\/wp-content\/uploads\/2017\/06\/Subil-Arch-enjoying-sex-with-2-men-in-a-threesome-360x240.jpg 360w, https:\/\/www.beautymovies.com\/wp-content\/uploads\/2017\/06\/Subil-Arch-enjoying-sex-with-2-men-in-a-threesome-295x197.jpg 295w\" sizes=\"(max-width: 360px) 100vw, 360px\" \/>\t                                \t<\/a>\t\t\t\t\t\t\t\t\t\n\t\t\t\t\t\t\t\t\t\t\t\t\t\t\t\t\t\t\t\t<a href=\"https:\/\/www.beautymovies.com\/de\/video\/subil-arch-enjoying-sex-with-2-men-in-threesome\/\"><div class=\"img-hover\"><\/div><\/a>\n\t\t\t\t\t\t\t\t\t<\/div>\n\t\t\t\t\t\t\t\t\t<div class=\"post-header\">\n\t\t\t\t\t\t\t\t\t\t<h3 class=\"post-title h2\"><a href=\"https:\/\/www.beautymovies.com\/de\/video\/subil-arch-enjoying-sex-with-2-men-in-threesome\/\">Subil Arch genie\u00dft Sex mit 2 M\u00e4nnern in einem Dreier<\/a><\/h3>\n\t\t\t\t\t\t\t\t\t\t\t\t\t\t\t\t\t\t\t\t\t\r\n\t\t\t<div class=\"meta\"><span class=\"date\">9\u00a0Jahren ago<\/span><span class=\"views\"><i class=\"fa fa-eye\"><\/i>20,129<\/span><span class=\"heart\"><i class=\"fa fa-thumbs-up\"><\/i>14<\/span>\r\n\t\t\t\t\t<span class=\"fcomments\"><i class=\"fa fa-comments\"><\/i>0<\/span>\r\n\t\t\t\t\r\n\t\t\t<\/div>\r\n\t\t\t\t\t\t\t\t\t\t\t\t\t\t\t\t\t\t\t\t\t\t\n\t\t\t\t\t\t\t\t\t\t\t\t\t\t\t\t\t\t\t<\/div>\n\t\t\t\t\t\t\t\t<\/article>\n\t\t\t\t\t\t\t<\/div>\n\t\t\t\t\t\t\t\t\t\t\t\t\t<div class=\"col-xl-2 col-lg-2 col-md-3 col-6 item responsive-height post\">\n\t\t\t\t\t\t\t\t<article class=\"post-2822 video type-video status-publish format-standard has-post-thumbnail hentry categories-blonde-girls-fucking categories-family-sex-videos categories-girls-doing-blowjob categories-mature-women-fucking categories-subil-arch categories-threesome-sex-videos categories-young-girls-fucking video_tag-creampie video_tag-doggystyle video_tag-mother-and-daughter video_tag-fucking-with-two-girls video_tag-two-blondes-fucking video_tag-family-sex video_tag-fake-tits\">\n\t\t\t\t\t\t\t\t\t<div class=\"item-img\">\n\t                                \t<a href=\"https:\/\/www.beautymovies.com\/de\/video\/beautiful-stepmother-and-stepdaughter-enjoying-cock\/\">\n\t\t\t\t\t\t\t\t\t\t\t<img decoding=\"async\" width=\"360\" height=\"240\" src=\"https:\/\/www.beautymovies.com\/wp-content\/uploads\/2017\/06\/Beautiful-stepmother-and-stepdaughter-enjoying-a-cock-360x240.jpg\" class=\"img-responsive wp-post-image\" alt=\"Beautiful stepmother and stepdaughter enjoying a cock\" srcset=\"https:\/\/www.beautymovies.com\/wp-content\/uploads\/2017\/06\/Beautiful-stepmother-and-stepdaughter-enjoying-a-cock-360x240.jpg 360w, https:\/\/www.beautymovies.com\/wp-content\/uploads\/2017\/06\/Beautiful-stepmother-and-stepdaughter-enjoying-a-cock-295x197.jpg 295w\" sizes=\"(max-width: 360px) 100vw, 360px\" \/>\t                                \t<\/a>\t\t\t\t\t\t\t\t\t\n\t\t\t\t\t\t\t\t\t\t\t\t\t\t\t\t\t\t\t\t<a href=\"https:\/\/www.beautymovies.com\/de\/video\/beautiful-stepmother-and-stepdaughter-enjoying-cock\/\"><div class=\"img-hover\"><\/div><\/a>\n\t\t\t\t\t\t\t\t\t<\/div>\n\t\t\t\t\t\t\t\t\t<div class=\"post-header\">\n\t\t\t\t\t\t\t\t\t\t<h3 class=\"post-title h2\"><a href=\"https:\/\/www.beautymovies.com\/de\/video\/beautiful-stepmother-and-stepdaughter-enjoying-cock\/\">Sch\u00f6ne Mutter und Tochter \u00fcben Sex<\/a><\/h3>\n\t\t\t\t\t\t\t\t\t\t\t\t\t\t\t\t\t\t\t\t\t\r\n\t\t\t<div class=\"meta\"><span class=\"date\">9\u00a0Jahren ago<\/span><span class=\"views\"><i class=\"fa fa-eye\"><\/i>18,384<\/span><span class=\"heart\"><i class=\"fa fa-thumbs-up\"><\/i>51<\/span>\r\n\t\t\t\t\t<span class=\"fcomments\"><i class=\"fa fa-comments\"><\/i>0<\/span>\r\n\t\t\t\t\r\n\t\t\t<\/div>\r\n\t\t\t\t\t\t\t\t\t\t\t\t\t\t\t\t\t\t\t\t\t\t\n\t\t\t\t\t\t\t\t\t\t\t\t\t\t\t\t\t\t\t<\/div>\n\t\t\t\t\t\t\t\t<\/article>\n\t\t\t\t\t\t\t<\/div>\n\t\t\t\t\t\t\t\t\t\t\t<\/div>\n\t\t\t\t<\/div>\n\t\t\t\t\t\t<\/div><\/div>[vc_column_text][\/vc_column_text][vc_column_text]<div class=\"adsb30\" style=\" margin:12px; text-align:center\"><script async type=\"application\/javascript\" src=\"https:\/\/a.magsrv.com\/ad-provider.js\"><\/script> \r\n <ins class=\"eas6a97888e20\" data-zoneid=\"3423767\" data-keywords=\"keywords\" data-sub=\"123450000\"><\/ins> \r\n <script>(AdProvider = window.AdProvider || []).push({\"serve\": {}});<\/script><\/div>[\/vc_column_text][\/vc_column][\/vc_row][vc_row full_width=&#8221;stretch_row_content&#8221;][vc_column][vc_column_text]Wenn Sie ein Fan Inhalt von DDF, Evil Angel und Filme Nubile sind, dann sind Sie verpflichtet, Subil Arch irgendwo zu sehen, wann immer Sie Pornografie sehen. Sein erster Film wurde Cosplay Puppen genannt, die durch DDF und ver\u00f6ffentlichte im Jahr 2012. Arch Subil erstellt zwei Filme in diesem Jahr von der gleichen Firma verteilt wurde, die unter dem Titel Zwischen Cowgirls ging. Es scheint, dass, wie die Jahre vergehen sie sich mehr und mehr Inhalte und hohe Qualit\u00e4t hergestellt.[\/vc_column_text][\/vc_column][\/vc_row][vc_row full_width=&#8221;stretch_row_content&#8221;][vc_column css_animation=&#8221;none&#8221; width=&#8221;1\/4&#8243;][vc_column_text]<div class=\"adsb30\" style=\" margin:0px; text-align:center\"><script async type=\"application\/javascript\" src=\"https:\/\/a.magsrv.com\/ad-provider.js\"><\/script> \r\n <ins class=\"eas6a97888e2\" data-zoneid=\"2736954\" data-keywords=\"keywords\" data-sub=\"123450000\"><\/ins> \r\n <script>(AdProvider = window.AdProvider || []).push({\"serve\": {}});<\/script><\/div>[\/vc_column_text][\/vc_column][vc_column css_animation=&#8221;none&#8221; width=&#8221;1\/4&#8243; offset=&#8221;vc_hidden-md vc_hidden-sm vc_hidden-xs&#8221;][vc_column_text]<div class=\"adsb30\" style=\" margin:0px; text-align:center\"><script async type=\"application\/javascript\" src=\"https:\/\/a.magsrv.com\/ad-provider.js\"><\/script> \r\n <ins class=\"eas6a97888e2\" data-zoneid=\"2736946\" data-keywords=\"keywords\" data-sub=\"123450000\"><\/ins> \r\n <script>(AdProvider = window.AdProvider || []).push({\"serve\": {}});<\/script><\/div>[\/vc_column_text][\/vc_column][vc_column css_animation=&#8221;none&#8221; width=&#8221;1\/4&#8243; offset=&#8221;vc_hidden-md vc_hidden-sm vc_hidden-xs&#8221;][vc_column_text]<div class=\"adsb30\" style=\" margin:0px; text-align:center\"><script async type=\"application\/javascript\" src=\"https:\/\/a.magsrv.com\/ad-provider.js\"><\/script> \r\n <ins class=\"eas6a97888e2\" data-zoneid=\"2736954\" data-keywords=\"keywords\" data-sub=\"123450000\"><\/ins> \r\n <script>(AdProvider = window.AdProvider || []).push({\"serve\": {}});<\/script><\/div>[\/vc_column_text][\/vc_column][vc_column css_animation=&#8221;none&#8221; width=&#8221;1\/4&#8243;][vc_column_text]<div class=\"adsb30\" style=\" margin:0px; text-align:center\"><script async type=\"application\/javascript\" src=\"https:\/\/a.magsrv.com\/ad-provider.js\"><\/script> \r\n <ins class=\"eas6a97888e2\" data-zoneid=\"2736946\" data-keywords=\"keywords\" data-sub=\"123450000\"><\/ins> \r\n <script>(AdProvider = window.AdProvider || []).push({\"serve\": {}});<\/script><\/div>[\/vc_column_text][\/vc_column][\/vc_row]<\/p>\n","protected":false},"excerpt":{"rendered":"<p>[vc_row][vc_column css_animation=&#8221;none&#8221; offset=&#8221;vc_hidden-lg&#8221; css=&#8221;.vc_custom_1560862014473{margin-top: -50px !important;margin-bottom: -30px !important;}&#8221;][vc_column_text] [\/vc_column_text][\/vc_column][\/vc_row][vc_row css=&#8221;.vc_custom_1560869538466{margin-top: -20px !important;}&#8221;][vc_column width=&#8221;2\/6&#8243;][vc_column_text] Biografie von Subil Arch [\/vc_column_text][vc_column_text][\/vc_column_text][\/vc_column][vc_column width=&#8221;4\/6&#8243;][vc_column_text]Name: Arch Subil K\u00fcnstlername: Sibul Arch, Bogen Subie, Subil Arsh, Talina, Tolina, Trixy Geboren: 12. April 1989 in West-Nera Nationalit\u00e4t: Russisch H\u00f6he: 166 cm Gewicht: 51 kg Herkunft: Europ\u00e4isch Augenfarbe: Blau Haare: Chestnut[\/vc_column_text][vc_column_text][\/vc_column_text][\/vc_column][\/vc_row][vc_row full_width=&#8221;stretch_row_content&#8221;][vc_column css=&#8221;.vc_custom_1560869983749{margin-top: -20px !important;}&#8221;][vc_column_text] [&hellip;]<\/p>\n","protected":false},"author":1,"featured_media":1497,"parent":291,"menu_order":0,"comment_status":"closed","ping_status":"closed","template":"tpl-page-builder.php","meta":{"_acf_changed":false,"_monsterinsights_skip_tracking":false,"_monsterinsights_sitenote_active":false,"_monsterinsights_sitenote_note":"","_monsterinsights_sitenote_category":0,"footnotes":""},"class_list":["post-1494","page","type-page","status-publish","has-post-thumbnail","hentry"],"acf":[],"yoast_head":"<!-- This site is optimized with the Yoast SEO plugin v26.9 - https:\/\/yoast.com\/product\/yoast-seo-wordpress\/ -->\n<title>\u25b7The best videos of Subil Arch in high resolution<\/title>\n<meta name=\"description\" content=\"Guarda i video porno online e gratis Subil Arco e la pratica cazzo porno stella scopa e succhia molto bene e costituisce porno hardcore\" \/>\n<meta name=\"robots\" content=\"index, follow, max-snippet:-1, max-image-preview:large, max-video-preview:-1\" \/>\n<link rel=\"canonical\" href=\"https:\/\/www.beautymovies.com\/es\/peliculas-online-de-famosas-desnudas\/subil-arch-profile\/\" \/>\n<meta property=\"og:locale\" content=\"de_DE\" \/>\n<meta property=\"og:type\" content=\"article\" \/>\n<meta property=\"og:title\" content=\"\u25b7The best videos of Subil Arch in high resolution\" \/>\n<meta property=\"og:description\" content=\"Guarda i video porno online e gratis Subil Arco e la pratica cazzo porno stella scopa e succhia molto bene e costituisce porno hardcore\" \/>\n<meta property=\"og:url\" content=\"https:\/\/www.beautymovies.com\/es\/peliculas-online-de-famosas-desnudas\/subil-arch-profile\/\" \/>\n<meta property=\"og:site_name\" content=\"beautymovies.com\" \/>\n<meta property=\"article:modified_time\" content=\"2019-06-26T11:12:04+00:00\" \/>\n<meta property=\"og:image\" content=\"https:\/\/www.beautymovies.com\/wp-content\/uploads\/2017\/05\/Subil-Arch-featured-e1494258599206.jpg\" \/>\n\t<meta property=\"og:image:width\" content=\"416\" \/>\n\t<meta property=\"og:image:height\" content=\"403\" \/>\n\t<meta property=\"og:image:type\" content=\"image\/jpeg\" \/>\n<meta name=\"twitter:card\" content=\"summary_large_image\" \/>\n<meta name=\"twitter:site\" content=\"@BeautyMoviesXXX\" \/>\n<meta name=\"twitter:label1\" content=\"Gesch\u00e4tzte Lesezeit\" \/>\n\t<meta name=\"twitter:data1\" content=\"2\u00a0Minuten\" \/>\n<script type=\"application\/ld+json\" class=\"yoast-schema-graph\">{\"@context\":\"https:\/\/schema.org\",\"@graph\":[{\"@type\":\"WebPage\",\"@id\":\"https:\/\/www.beautymovies.com\/es\/peliculas-online-de-famosas-desnudas\/subil-arch-profile\/\",\"url\":\"https:\/\/www.beautymovies.com\/es\/peliculas-online-de-famosas-desnudas\/subil-arch-profile\/\",\"name\":\"\u25b7The best videos of Subil Arch in high resolution\",\"isPartOf\":{\"@id\":\"https:\/\/www.beautymovies.com\/de\/#website\"},\"primaryImageOfPage\":{\"@id\":\"https:\/\/www.beautymovies.com\/es\/peliculas-online-de-famosas-desnudas\/subil-arch-profile\/#primaryimage\"},\"image\":{\"@id\":\"https:\/\/www.beautymovies.com\/es\/peliculas-online-de-famosas-desnudas\/subil-arch-profile\/#primaryimage\"},\"thumbnailUrl\":\"https:\/\/www.beautymovies.com\/wp-content\/uploads\/2017\/05\/Subil-Arch-featured-e1494258599206.jpg\",\"datePublished\":\"2017-05-08T15:38:44+00:00\",\"dateModified\":\"2019-06-26T11:12:04+00:00\",\"description\":\"Guarda i video porno online e gratis Subil Arco e la pratica cazzo porno stella scopa e succhia molto bene e costituisce porno hardcore\",\"breadcrumb\":{\"@id\":\"https:\/\/www.beautymovies.com\/es\/peliculas-online-de-famosas-desnudas\/subil-arch-profile\/#breadcrumb\"},\"inLanguage\":\"de\",\"potentialAction\":[{\"@type\":\"ReadAction\",\"target\":[\"https:\/\/www.beautymovies.com\/es\/peliculas-online-de-famosas-desnudas\/subil-arch-profile\/\"]}]},{\"@type\":\"ImageObject\",\"inLanguage\":\"de\",\"@id\":\"https:\/\/www.beautymovies.com\/es\/peliculas-online-de-famosas-desnudas\/subil-arch-profile\/#primaryimage\",\"url\":\"https:\/\/www.beautymovies.com\/wp-content\/uploads\/2017\/05\/Subil-Arch-featured-e1494258599206.jpg\",\"contentUrl\":\"https:\/\/www.beautymovies.com\/wp-content\/uploads\/2017\/05\/Subil-Arch-featured-e1494258599206.jpg\",\"width\":416,\"height\":403,\"caption\":\"Subil Arch featured\"},{\"@type\":\"BreadcrumbList\",\"@id\":\"https:\/\/www.beautymovies.com\/es\/peliculas-online-de-famosas-desnudas\/subil-arch-profile\/#breadcrumb\",\"itemListElement\":[{\"@type\":\"ListItem\",\"position\":1,\"name\":\"Estrellas del porno\",\"item\":\"https:\/\/www.beautymovies.com\/es\/peliculas-online-de-famosas-desnudas\/\"},{\"@type\":\"ListItem\",\"position\":2,\"name\":\"Subil Arch\"}]},{\"@type\":\"WebSite\",\"@id\":\"https:\/\/www.beautymovies.com\/de\/#website\",\"url\":\"https:\/\/www.beautymovies.com\/de\/\",\"name\":\"beautymovies.com\",\"description\":\"Die beste Auswahl an Pornofilmen in HD Qualit\u00e4t ohne invasive Werbung und mit sicherer Verbindung\",\"publisher\":{\"@id\":\"https:\/\/www.beautymovies.com\/de\/#organization\"},\"potentialAction\":[{\"@type\":\"SearchAction\",\"target\":{\"@type\":\"EntryPoint\",\"urlTemplate\":\"https:\/\/www.beautymovies.com\/de\/?s={search_term_string}\"},\"query-input\":{\"@type\":\"PropertyValueSpecification\",\"valueRequired\":true,\"valueName\":\"search_term_string\"}}],\"inLanguage\":\"de\"},{\"@type\":\"Organization\",\"@id\":\"https:\/\/www.beautymovies.com\/de\/#organization\",\"name\":\"beautymovies.com\",\"url\":\"https:\/\/www.beautymovies.com\/de\/\",\"logo\":{\"@type\":\"ImageObject\",\"inLanguage\":\"de\",\"@id\":\"https:\/\/www.beautymovies.com\/de\/#\/schema\/logo\/image\/\",\"url\":\"https:\/\/www.beautymovies.com\/wp-content\/uploads\/2019\/04\/logo-end.jpg\",\"contentUrl\":\"https:\/\/www.beautymovies.com\/wp-content\/uploads\/2019\/04\/logo-end.jpg\",\"width\":200,\"height\":73,\"caption\":\"beautymovies.com\"},\"image\":{\"@id\":\"https:\/\/www.beautymovies.com\/de\/#\/schema\/logo\/image\/\"},\"sameAs\":[\"https:\/\/x.com\/BeautyMoviesXXX\"]}]}<\/script>\n<!-- \/ Yoast SEO plugin. -->","yoast_head_json":{"title":"\u25b7The best videos of Subil Arch in high resolution","description":"Guarda i video porno online e gratis Subil Arco e la pratica cazzo porno stella scopa e succhia molto bene e costituisce porno hardcore","robots":{"index":"index","follow":"follow","max-snippet":"max-snippet:-1","max-image-preview":"max-image-preview:large","max-video-preview":"max-video-preview:-1"},"canonical":"https:\/\/www.beautymovies.com\/es\/peliculas-online-de-famosas-desnudas\/subil-arch-profile\/","og_locale":"de_DE","og_type":"article","og_title":"\u25b7The best videos of Subil Arch in high resolution","og_description":"Guarda i video porno online e gratis Subil Arco e la pratica cazzo porno stella scopa e succhia molto bene e costituisce porno hardcore","og_url":"https:\/\/www.beautymovies.com\/es\/peliculas-online-de-famosas-desnudas\/subil-arch-profile\/","og_site_name":"beautymovies.com","article_modified_time":"2019-06-26T11:12:04+00:00","og_image":[{"width":416,"height":403,"url":"https:\/\/www.beautymovies.com\/wp-content\/uploads\/2017\/05\/Subil-Arch-featured-e1494258599206.jpg","type":"image\/jpeg"}],"twitter_card":"summary_large_image","twitter_site":"@BeautyMoviesXXX","twitter_misc":{"Gesch\u00e4tzte Lesezeit":"2\u00a0Minuten"},"schema":{"@context":"https:\/\/schema.org","@graph":[{"@type":"WebPage","@id":"https:\/\/www.beautymovies.com\/es\/peliculas-online-de-famosas-desnudas\/subil-arch-profile\/","url":"https:\/\/www.beautymovies.com\/es\/peliculas-online-de-famosas-desnudas\/subil-arch-profile\/","name":"\u25b7The best videos of Subil Arch in high resolution","isPartOf":{"@id":"https:\/\/www.beautymovies.com\/de\/#website"},"primaryImageOfPage":{"@id":"https:\/\/www.beautymovies.com\/es\/peliculas-online-de-famosas-desnudas\/subil-arch-profile\/#primaryimage"},"image":{"@id":"https:\/\/www.beautymovies.com\/es\/peliculas-online-de-famosas-desnudas\/subil-arch-profile\/#primaryimage"},"thumbnailUrl":"https:\/\/www.beautymovies.com\/wp-content\/uploads\/2017\/05\/Subil-Arch-featured-e1494258599206.jpg","datePublished":"2017-05-08T15:38:44+00:00","dateModified":"2019-06-26T11:12:04+00:00","description":"Guarda i video porno online e gratis Subil Arco e la pratica cazzo porno stella scopa e succhia molto bene e costituisce porno hardcore","breadcrumb":{"@id":"https:\/\/www.beautymovies.com\/es\/peliculas-online-de-famosas-desnudas\/subil-arch-profile\/#breadcrumb"},"inLanguage":"de","potentialAction":[{"@type":"ReadAction","target":["https:\/\/www.beautymovies.com\/es\/peliculas-online-de-famosas-desnudas\/subil-arch-profile\/"]}]},{"@type":"ImageObject","inLanguage":"de","@id":"https:\/\/www.beautymovies.com\/es\/peliculas-online-de-famosas-desnudas\/subil-arch-profile\/#primaryimage","url":"https:\/\/www.beautymovies.com\/wp-content\/uploads\/2017\/05\/Subil-Arch-featured-e1494258599206.jpg","contentUrl":"https:\/\/www.beautymovies.com\/wp-content\/uploads\/2017\/05\/Subil-Arch-featured-e1494258599206.jpg","width":416,"height":403,"caption":"Subil Arch featured"},{"@type":"BreadcrumbList","@id":"https:\/\/www.beautymovies.com\/es\/peliculas-online-de-famosas-desnudas\/subil-arch-profile\/#breadcrumb","itemListElement":[{"@type":"ListItem","position":1,"name":"Estrellas del porno","item":"https:\/\/www.beautymovies.com\/es\/peliculas-online-de-famosas-desnudas\/"},{"@type":"ListItem","position":2,"name":"Subil Arch"}]},{"@type":"WebSite","@id":"https:\/\/www.beautymovies.com\/de\/#website","url":"https:\/\/www.beautymovies.com\/de\/","name":"beautymovies.com","description":"Die beste Auswahl an Pornofilmen in HD Qualit\u00e4t ohne invasive Werbung und mit sicherer Verbindung","publisher":{"@id":"https:\/\/www.beautymovies.com\/de\/#organization"},"potentialAction":[{"@type":"SearchAction","target":{"@type":"EntryPoint","urlTemplate":"https:\/\/www.beautymovies.com\/de\/?s={search_term_string}"},"query-input":{"@type":"PropertyValueSpecification","valueRequired":true,"valueName":"search_term_string"}}],"inLanguage":"de"},{"@type":"Organization","@id":"https:\/\/www.beautymovies.com\/de\/#organization","name":"beautymovies.com","url":"https:\/\/www.beautymovies.com\/de\/","logo":{"@type":"ImageObject","inLanguage":"de","@id":"https:\/\/www.beautymovies.com\/de\/#\/schema\/logo\/image\/","url":"https:\/\/www.beautymovies.com\/wp-content\/uploads\/2019\/04\/logo-end.jpg","contentUrl":"https:\/\/www.beautymovies.com\/wp-content\/uploads\/2019\/04\/logo-end.jpg","width":200,"height":73,"caption":"beautymovies.com"},"image":{"@id":"https:\/\/www.beautymovies.com\/de\/#\/schema\/logo\/image\/"},"sameAs":["https:\/\/x.com\/BeautyMoviesXXX"]}]}},"amp_enabled":false,"_links":{"self":[{"href":"https:\/\/www.beautymovies.com\/de\/wp-json\/wp\/v2\/pages\/1494","targetHints":{"allow":["GET"]}}],"collection":[{"href":"https:\/\/www.beautymovies.com\/de\/wp-json\/wp\/v2\/pages"}],"about":[{"href":"https:\/\/www.beautymovies.com\/de\/wp-json\/wp\/v2\/types\/page"}],"author":[{"embeddable":true,"href":"https:\/\/www.beautymovies.com\/de\/wp-json\/wp\/v2\/users\/1"}],"replies":[{"embeddable":true,"href":"https:\/\/www.beautymovies.com\/de\/wp-json\/wp\/v2\/comments?post=1494"}],"version-history":[{"count":0,"href":"https:\/\/www.beautymovies.com\/de\/wp-json\/wp\/v2\/pages\/1494\/revisions"}],"up":[{"embeddable":true,"href":"https:\/\/www.beautymovies.com\/de\/wp-json\/wp\/v2\/pages\/291"}],"wp:featuredmedia":[{"embeddable":true,"href":"https:\/\/www.beautymovies.com\/de\/wp-json\/wp\/v2\/media\/1497"}],"wp:attachment":[{"href":"https:\/\/www.beautymovies.com\/de\/wp-json\/wp\/v2\/media?parent=1494"}],"curies":[{"name":"wp","href":"https:\/\/api.w.org\/{rel}","templated":true}]}}