{"id":2462,"date":"2017-06-12T19:57:32","date_gmt":"2017-06-12T17:57:32","guid":{"rendered":"https:\/\/www.beautymovies.com\/?page_id=2462"},"modified":"2019-06-18T20:20:09","modified_gmt":"2019-06-18T18:20:09","slug":"alaina-fox-profile","status":"publish","type":"page","link":"https:\/\/www.beautymovies.com\/de\/online-filme-beruhmter-aktfotos\/alaina-fox-profile\/","title":{"rendered":"Alaina Fox"},"content":{"rendered":"<p>[vc_row][vc_column css_animation=&#8221;none&#8221; offset=&#8221;vc_hidden-lg&#8221; css=&#8221;.vc_custom_1560862014473{margin-top: -50px !important;margin-bottom: -30px !important;}&#8221;][vc_column_text]<\/p>\n<p style=\"text-align: center;\"><div class=\"adsb30\" style=\" margin:0px; text-align:center\"><script async type=\"application\/javascript\" src=\"https:\/\/a.magsrv.com\/ad-provider.js\"><\/script> \r\n <ins class=\"eas6a97888e10\" data-zoneid=\"2718186\" data-keywords=\"keywords\" data-sub=\"123450000\"><\/ins> \r\n <script>(AdProvider = window.AdProvider || []).push({\"serve\": {}});<\/script><\/div>\n<p>[\/vc_column_text][\/vc_column][\/vc_row][vc_row css=&#8221;.vc_custom_1560869538466{margin-top: -20px !important;}&#8221;][vc_column width=&#8221;2\/6&#8243;][vc_column_text]<\/p>\n<h1 style=\"text-align: center;\"><strong>Biografie von Alaina Fox<\/strong><\/h1>\n<p>[\/vc_column_text][vc_column_text]<img decoding=\"async\" class=\"aligncenter wp-image-1546\" src=\"https:\/\/www.beautymovies.com\/wp-content\/uploads\/2017\/06\/Alaina-Fox.jpg\" alt=\"Keiran Lee\" width=\"267\" height=\"400\" \/>[\/vc_column_text][\/vc_column][vc_column width=&#8221;4\/6&#8243;][vc_column_text]<span id=\"result_box\" class=\"\" lang=\"de\"><span class=\"\"><strong>Name:<\/strong> Alaina Fox<\/span><\/span><\/p>\n<p><span class=\"\"><strong>Geboren<\/strong>: 18. M\u00e4rz 1993 in Kansas, Kalifornien<\/span><\/p>\n<p><span class=\"\"><strong>Nationalit\u00e4t:<\/strong> Vereinigte Staaten<\/span><\/p>\n<p><strong>H\u00f6he<\/strong>: 171cm<\/p>\n<p><strong>Gewicht<\/strong>: 55 kg<\/p>\n<p><strong>Ethnie<\/strong>: Kaukasisch<\/p>\n<p><strong>Augen<\/strong>: Haselnussfarbe<\/p>\n<p><strong>Haare<\/strong>: Blondine[\/vc_column_text][vc_column_text]<div class=\"adsb30\" style=\" margin:0px; margin-right:0px; text-align:right\"><script async type=\"application\/javascript\" src=\"https:\/\/a.magsrv.com\/ad-provider.js\"><\/script> \r\n <ins class=\"eas6a97888e20\" data-zoneid=\"3422213\" data-keywords=\"keywords\" data-sub=\"123450000\"><\/ins> \r\n <script>(AdProvider = window.AdProvider || []).push({\"serve\": {}});<\/script><\/div>[\/vc_column_text][\/vc_column][\/vc_row][vc_row full_width=&#8221;stretch_row_content&#8221;][vc_column css=&#8221;.vc_custom_1560869983749{margin-top: -20px !important;}&#8221;][vc_column_text]<\/p>\n<h2 style=\"text-align: center;\"><strong>Porno Videos von Alaina Fox<\/strong><\/h2>\n<p>[\/vc_column_text]<div class=\"widget widget-shortcode widget-builder\"><div class=\"widget-content\">\t\t\t\t<div class=\"video-section\">\n\t\t\t\t\t<div id=\"pagebuilder-5238\" class=\"row row-5 columns-6 \"> \n\t\t\t\t\t\t\t\t\t\t\t\t\t<div class=\"col-xl-2 col-lg-2 col-md-3 col-6 item responsive-height post\">\n\t\t\t\t\t\t\t\t<article class=\"post-2470 video type-video status-publish format-standard has-post-thumbnail hentry categories-alaina-fox categories-blonde-girls-fucking categories-erotic-sex-videos categories-lesbian-girls-fucking categories-videos-of-girls-masturbating categories-young-girls-fucking video_tag-excited video_tag-hot video_tag-christmas video_tag-handjob video_tag-beautiful-sex video_tag-natural-tits\">\n\t\t\t\t\t\t\t\t\t<div class=\"item-img\">\n\t                                \t<a href=\"https:\/\/www.beautymovies.com\/de\/video\/satisfy-your-primary-urges-while-waiting-for-santa\/\">\n\t\t\t\t\t\t\t\t\t\t\t<img decoding=\"async\" width=\"360\" height=\"240\" src=\"https:\/\/www.beautymovies.com\/wp-content\/uploads\/2017\/06\/Satisfy-your-primary-urges-while-waiting-for-Santa-360x240.jpg\" class=\"img-responsive wp-post-image\" alt=\"Satisfy your primary urges while waiting for Santa\" srcset=\"https:\/\/www.beautymovies.com\/wp-content\/uploads\/2017\/06\/Satisfy-your-primary-urges-while-waiting-for-Santa-360x240.jpg 360w, https:\/\/www.beautymovies.com\/wp-content\/uploads\/2017\/06\/Satisfy-your-primary-urges-while-waiting-for-Santa-295x197.jpg 295w\" sizes=\"(max-width: 360px) 100vw, 360px\" \/>\t                                \t<\/a>\t\t\t\t\t\t\t\t\t\n\t\t\t\t\t\t\t\t\t\t\t\t\t\t\t\t\t\t\t\t<a href=\"https:\/\/www.beautymovies.com\/de\/video\/satisfy-your-primary-urges-while-waiting-for-santa\/\"><div class=\"img-hover\"><\/div><\/a>\n\t\t\t\t\t\t\t\t\t<\/div>\n\t\t\t\t\t\t\t\t\t<div class=\"post-header\">\n\t\t\t\t\t\t\t\t\t\t<h3 class=\"post-title h2\"><a href=\"https:\/\/www.beautymovies.com\/de\/video\/satisfy-your-primary-urges-while-waiting-for-santa\/\">Erf\u00fclle deine prim\u00e4ren Triebe beim Warten auf Sankt<\/a><\/h3>\n\t\t\t\t\t\t\t\t\t\t\t\t\t\t\t\t\t\t\t\t\t\r\n\t\t\t<div class=\"meta\"><span class=\"date\">9\u00a0Jahren ago<\/span><span class=\"views\"><i class=\"fa fa-eye\"><\/i>12,744<\/span><span class=\"heart\"><i class=\"fa fa-thumbs-up\"><\/i>12<\/span>\r\n\t\t\t\t\t<span class=\"fcomments\"><i class=\"fa fa-comments\"><\/i>0<\/span>\r\n\t\t\t\t\r\n\t\t\t<\/div>\r\n\t\t\t\t\t\t\t\t\t\t\t\t\t\t\t\t\t\t\t\t\t\t\n\t\t\t\t\t\t\t\t\t\t\t\t\t\t\t\t\t\t\t<\/div>\n\t\t\t\t\t\t\t\t<\/article>\n\t\t\t\t\t\t\t<\/div>\n\t\t\t\t\t\t\t\t\t\t\t\t\t<div class=\"col-xl-2 col-lg-2 col-md-3 col-6 item responsive-height post\">\n\t\t\t\t\t\t\t\t<article class=\"post-2468 video type-video status-publish format-standard has-post-thumbnail hentry categories-alaina-fox categories-blonde-girls-fucking categories-erotic-sex-videos categories-lesbian-girls-fucking categories-videos-of-girls-masturbating categories-young-girls-fucking video_tag-excited video_tag-hot video_tag-toy video_tag-adventure video_tag-shaved-pussy video_tag-natural-tits\">\n\t\t\t\t\t\t\t\t\t<div class=\"item-img\">\n\t                                \t<a href=\"https:\/\/www.beautymovies.com\/de\/video\/blonde-takes-off-her-clothes-and-masturbates-with-2-dildos\/\">\n\t\t\t\t\t\t\t\t\t\t\t<img decoding=\"async\" width=\"360\" height=\"240\" src=\"https:\/\/www.beautymovies.com\/wp-content\/uploads\/2017\/06\/Blonde-takes-off-her-clothes-and-masturbates-with-2-dildos-360x240.jpg\" class=\"img-responsive wp-post-image\" alt=\"Blonde takes off her clothes and masturbates with 2 dildos\" srcset=\"https:\/\/www.beautymovies.com\/wp-content\/uploads\/2017\/06\/Blonde-takes-off-her-clothes-and-masturbates-with-2-dildos-360x240.jpg 360w, https:\/\/www.beautymovies.com\/wp-content\/uploads\/2017\/06\/Blonde-takes-off-her-clothes-and-masturbates-with-2-dildos-295x197.jpg 295w\" sizes=\"(max-width: 360px) 100vw, 360px\" \/>\t                                \t<\/a>\t\t\t\t\t\t\t\t\t\n\t\t\t\t\t\t\t\t\t\t\t\t\t\t\t\t\t\t\t\t<a href=\"https:\/\/www.beautymovies.com\/de\/video\/blonde-takes-off-her-clothes-and-masturbates-with-2-dildos\/\"><div class=\"img-hover\"><\/div><\/a>\n\t\t\t\t\t\t\t\t\t<\/div>\n\t\t\t\t\t\t\t\t\t<div class=\"post-header\">\n\t\t\t\t\t\t\t\t\t\t<h3 class=\"post-title h2\"><a href=\"https:\/\/www.beautymovies.com\/de\/video\/blonde-takes-off-her-clothes-and-masturbates-with-2-dildos\/\">Blonde zieht ihre Kleider aus und masturbiert mit 2 Dildos<\/a><\/h3>\n\t\t\t\t\t\t\t\t\t\t\t\t\t\t\t\t\t\t\t\t\t\r\n\t\t\t<div class=\"meta\"><span class=\"date\">9\u00a0Jahren ago<\/span><span class=\"views\"><i class=\"fa fa-eye\"><\/i>16,017<\/span><span class=\"heart\"><i class=\"fa fa-thumbs-up\"><\/i>23<\/span>\r\n\t\t\t\t\t<span class=\"fcomments\"><i class=\"fa fa-comments\"><\/i>0<\/span>\r\n\t\t\t\t\r\n\t\t\t<\/div>\r\n\t\t\t\t\t\t\t\t\t\t\t\t\t\t\t\t\t\t\t\t\t\t\n\t\t\t\t\t\t\t\t\t\t\t\t\t\t\t\t\t\t\t<\/div>\n\t\t\t\t\t\t\t\t<\/article>\n\t\t\t\t\t\t\t<\/div>\n\t\t\t\t\t\t\t\t\t\t\t\t\t<div class=\"col-xl-2 col-lg-2 col-md-3 col-6 item responsive-height post\">\n\t\t\t\t\t\t\t\t<article class=\"post-2448 video type-video status-publish format-standard has-post-thumbnail hentry categories-alaina-fox categories-anastasia-morna categories-brown-haired-girls categories-brunette-girls-fucking categories-pov-porn categories-girls-doing-blowjob categories-threesome-sex-videos categories-young-girls-fucking video_tag-schoolgirl video_tag-excited video_tag-good-sex video_tag-fucking-with-two-girls video_tag-blonde-and-brunette video_tag-adventure video_tag-natural-tits\">\n\t\t\t\t\t\t\t\t\t<div class=\"item-img\">\n\t                                \t<a href=\"https:\/\/www.beautymovies.com\/de\/video\/anastasia-morna-showing-her-sexual-skills-to-her-friends\/\">\n\t\t\t\t\t\t\t\t\t\t\t<img decoding=\"async\" width=\"360\" height=\"240\" src=\"https:\/\/www.beautymovies.com\/wp-content\/uploads\/2017\/06\/Anastasia-Morna-showing-her-sexual-skills-to-her-friends-360x240.jpg\" class=\"img-responsive wp-post-image\" alt=\"Anastasia Morna showing her sexual skills to her friends\" srcset=\"https:\/\/www.beautymovies.com\/wp-content\/uploads\/2017\/06\/Anastasia-Morna-showing-her-sexual-skills-to-her-friends-360x240.jpg 360w, https:\/\/www.beautymovies.com\/wp-content\/uploads\/2017\/06\/Anastasia-Morna-showing-her-sexual-skills-to-her-friends-295x197.jpg 295w\" sizes=\"(max-width: 360px) 100vw, 360px\" \/>\t                                \t<\/a>\t\t\t\t\t\t\t\t\t\n\t\t\t\t\t\t\t\t\t\t\t\t\t\t\t\t\t\t\t\t<a href=\"https:\/\/www.beautymovies.com\/de\/video\/anastasia-morna-showing-her-sexual-skills-to-her-friends\/\"><div class=\"img-hover\"><\/div><\/a>\n\t\t\t\t\t\t\t\t\t<\/div>\n\t\t\t\t\t\t\t\t\t<div class=\"post-header\">\n\t\t\t\t\t\t\t\t\t\t<h3 class=\"post-title h2\"><a href=\"https:\/\/www.beautymovies.com\/de\/video\/anastasia-morna-showing-her-sexual-skills-to-her-friends\/\">Anastasia Morna zeigt ihre sexuellen F\u00e4higkeiten zu ihren Freunden<\/a><\/h3>\n\t\t\t\t\t\t\t\t\t\t\t\t\t\t\t\t\t\t\t\t\t\r\n\t\t\t<div class=\"meta\"><span class=\"date\">9\u00a0Jahren ago<\/span><span class=\"views\"><i class=\"fa fa-eye\"><\/i>12,875<\/span><span class=\"heart\"><i class=\"fa fa-thumbs-up\"><\/i>9<\/span>\r\n\t\t\t\t\t<span class=\"fcomments\"><i class=\"fa fa-comments\"><\/i>0<\/span>\r\n\t\t\t\t\r\n\t\t\t<\/div>\r\n\t\t\t\t\t\t\t\t\t\t\t\t\t\t\t\t\t\t\t\t\t\t\n\t\t\t\t\t\t\t\t\t\t\t\t\t\t\t\t\t\t\t<\/div>\n\t\t\t\t\t\t\t\t<\/article>\n\t\t\t\t\t\t\t<\/div>\n\t\t\t\t\t\t\t\t\t\t\t<\/div>\n\t\t\t\t<\/div>\n\t\t\t\t\t\t<\/div><\/div>[vc_column_text][\/vc_column_text][vc_column_text]<div class=\"adsb30\" style=\" margin:12px; text-align:center\"><script async type=\"application\/javascript\" src=\"https:\/\/a.magsrv.com\/ad-provider.js\"><\/script> \r\n <ins class=\"eas6a97888e20\" data-zoneid=\"3423767\" data-keywords=\"keywords\" data-sub=\"123450000\"><\/ins> \r\n <script>(AdProvider = window.AdProvider || []).push({\"serve\": {}});<\/script><\/div>[\/vc_column_text][\/vc_column][\/vc_row][vc_row full_width=&#8221;stretch_row_content&#8221;][vc_column][vc_column_text]<span class=\"\">Alaina Fox wurde am 18. M\u00e4rz 1993 in Kalifornien geboren und hat ein sch\u00f6nes Paar nat\u00fcrliche Br\u00fcste.<\/span> <span class=\"\">Sie hat lange blonde Haare und hazel Augen, die fesseln.<\/span> <span class=\"\">Alaina hat keine Piercings oder Tattoos in ihrem unglaublichen nat\u00fcrlichen K\u00f6rper, die meisten Szenen, die sie macht Masturbation und Lesben, wurde von gro\u00dfartigen Seiten f\u00fcr Erwachsene wie Hustler und Digital Desire gefilmt.<\/span>[\/vc_column_text][\/vc_column][\/vc_row][vc_row full_width=&#8221;stretch_row_content&#8221;][vc_column css_animation=&#8221;none&#8221; width=&#8221;1\/4&#8243;][vc_column_text]<div class=\"adsb30\" style=\" margin:0px; text-align:center\"><script async type=\"application\/javascript\" src=\"https:\/\/a.magsrv.com\/ad-provider.js\"><\/script> \r\n <ins class=\"eas6a97888e2\" data-zoneid=\"2736954\" data-keywords=\"keywords\" data-sub=\"123450000\"><\/ins> \r\n <script>(AdProvider = window.AdProvider || []).push({\"serve\": {}});<\/script><\/div>[\/vc_column_text][\/vc_column][vc_column css_animation=&#8221;none&#8221; width=&#8221;1\/4&#8243; offset=&#8221;vc_hidden-md vc_hidden-sm vc_hidden-xs&#8221;][vc_column_text]<div class=\"adsb30\" style=\" margin:0px; text-align:center\"><script async type=\"application\/javascript\" src=\"https:\/\/a.magsrv.com\/ad-provider.js\"><\/script> \r\n <ins class=\"eas6a97888e2\" data-zoneid=\"2736946\" data-keywords=\"keywords\" data-sub=\"123450000\"><\/ins> \r\n <script>(AdProvider = window.AdProvider || []).push({\"serve\": {}});<\/script><\/div>[\/vc_column_text][\/vc_column][vc_column css_animation=&#8221;none&#8221; width=&#8221;1\/4&#8243; offset=&#8221;vc_hidden-md vc_hidden-sm vc_hidden-xs&#8221;][vc_column_text]<div class=\"adsb30\" style=\" margin:0px; text-align:center\"><script async type=\"application\/javascript\" src=\"https:\/\/a.magsrv.com\/ad-provider.js\"><\/script> \r\n <ins class=\"eas6a97888e2\" data-zoneid=\"2736954\" data-keywords=\"keywords\" data-sub=\"123450000\"><\/ins> \r\n <script>(AdProvider = window.AdProvider || []).push({\"serve\": {}});<\/script><\/div>[\/vc_column_text][\/vc_column][vc_column css_animation=&#8221;none&#8221; width=&#8221;1\/4&#8243;][vc_column_text]<div class=\"adsb30\" style=\" margin:0px; text-align:center\"><script async type=\"application\/javascript\" src=\"https:\/\/a.magsrv.com\/ad-provider.js\"><\/script> \r\n <ins class=\"eas6a97888e2\" data-zoneid=\"2736946\" data-keywords=\"keywords\" data-sub=\"123450000\"><\/ins> \r\n <script>(AdProvider = window.AdProvider || []).push({\"serve\": {}});<\/script><\/div>[\/vc_column_text][\/vc_column][\/vc_row]<\/p>\n","protected":false},"excerpt":{"rendered":"<p>[vc_row][vc_column css_animation=&#8221;none&#8221; offset=&#8221;vc_hidden-lg&#8221; css=&#8221;.vc_custom_1560862014473{margin-top: -50px !important;margin-bottom: -30px !important;}&#8221;][vc_column_text] [\/vc_column_text][\/vc_column][\/vc_row][vc_row css=&#8221;.vc_custom_1560869538466{margin-top: -20px !important;}&#8221;][vc_column width=&#8221;2\/6&#8243;][vc_column_text] Biografie von Alaina Fox [\/vc_column_text][vc_column_text][\/vc_column_text][\/vc_column][vc_column width=&#8221;4\/6&#8243;][vc_column_text]Name: Alaina Fox Geboren: 18. M\u00e4rz 1993 in Kansas, Kalifornien Nationalit\u00e4t: Vereinigte Staaten H\u00f6he: 171cm Gewicht: 55 kg Ethnie: Kaukasisch Augen: Haselnussfarbe Haare: Blondine[\/vc_column_text][vc_column_text][\/vc_column_text][\/vc_column][\/vc_row][vc_row full_width=&#8221;stretch_row_content&#8221;][vc_column css=&#8221;.vc_custom_1560869983749{margin-top: -20px !important;}&#8221;][vc_column_text] Porno Videos von Alaina Fox [\/vc_column_text][vc_column_text][\/vc_column_text][vc_column_text][\/vc_column_text][\/vc_column][\/vc_row][vc_row full_width=&#8221;stretch_row_content&#8221;][vc_column][vc_column_text]Alaina Fox wurde [&hellip;]<\/p>\n","protected":false},"author":1,"featured_media":2464,"parent":291,"menu_order":0,"comment_status":"closed","ping_status":"closed","template":"tpl-page-builder.php","meta":{"_acf_changed":false,"_monsterinsights_skip_tracking":false,"_monsterinsights_sitenote_active":false,"_monsterinsights_sitenote_note":"","_monsterinsights_sitenote_category":0,"footnotes":""},"class_list":["post-2462","page","type-page","status-publish","has-post-thumbnail","hentry"],"acf":[],"yoast_head":"<!-- This site is optimized with the Yoast SEO plugin v26.9 - https:\/\/yoast.com\/product\/yoast-seo-wordpress\/ -->\n<title>\u25b7The best videos of Alaina Fox in high resolution<\/title>\n<meta name=\"description\" content=\"Guarda i video porno in linea di alta qualit\u00e0 e pornostar sicura Alaina Fox cazzo, succhiare il cazzo e praticare il sesso in situazioni diverse\" \/>\n<meta name=\"robots\" content=\"index, follow, max-snippet:-1, max-image-preview:large, max-video-preview:-1\" \/>\n<link rel=\"canonical\" href=\"https:\/\/www.beautymovies.com\/es\/peliculas-online-de-famosas-desnudas\/alaina-fox-profile\/\" \/>\n<meta property=\"og:locale\" content=\"de_DE\" \/>\n<meta property=\"og:type\" content=\"article\" \/>\n<meta property=\"og:title\" content=\"\u25b7The best videos of Alaina Fox in high resolution\" \/>\n<meta property=\"og:description\" content=\"Guarda i video porno in linea di alta qualit\u00e0 e pornostar sicura Alaina Fox cazzo, succhiare il cazzo e praticare il sesso in situazioni diverse\" \/>\n<meta property=\"og:url\" content=\"https:\/\/www.beautymovies.com\/es\/peliculas-online-de-famosas-desnudas\/alaina-fox-profile\/\" \/>\n<meta property=\"og:site_name\" content=\"beautymovies.com\" \/>\n<meta property=\"article:modified_time\" content=\"2019-06-18T18:20:09+00:00\" \/>\n<meta property=\"og:image\" content=\"https:\/\/www.beautymovies.com\/wp-content\/uploads\/2017\/06\/Alaina-Fox-featured.jpg\" \/>\n\t<meta property=\"og:image:width\" content=\"419\" \/>\n\t<meta property=\"og:image:height\" content=\"360\" \/>\n\t<meta property=\"og:image:type\" content=\"image\/jpeg\" \/>\n<meta name=\"twitter:card\" content=\"summary_large_image\" \/>\n<meta name=\"twitter:site\" content=\"@BeautyMoviesXXX\" \/>\n<meta name=\"twitter:label1\" content=\"Gesch\u00e4tzte Lesezeit\" \/>\n\t<meta name=\"twitter:data1\" content=\"2\u00a0Minuten\" \/>\n<script type=\"application\/ld+json\" class=\"yoast-schema-graph\">{\"@context\":\"https:\/\/schema.org\",\"@graph\":[{\"@type\":\"WebPage\",\"@id\":\"https:\/\/www.beautymovies.com\/es\/peliculas-online-de-famosas-desnudas\/alaina-fox-profile\/\",\"url\":\"https:\/\/www.beautymovies.com\/es\/peliculas-online-de-famosas-desnudas\/alaina-fox-profile\/\",\"name\":\"\u25b7The best videos of Alaina Fox in high resolution\",\"isPartOf\":{\"@id\":\"https:\/\/www.beautymovies.com\/de\/#website\"},\"primaryImageOfPage\":{\"@id\":\"https:\/\/www.beautymovies.com\/es\/peliculas-online-de-famosas-desnudas\/alaina-fox-profile\/#primaryimage\"},\"image\":{\"@id\":\"https:\/\/www.beautymovies.com\/es\/peliculas-online-de-famosas-desnudas\/alaina-fox-profile\/#primaryimage\"},\"thumbnailUrl\":\"https:\/\/www.beautymovies.com\/wp-content\/uploads\/2017\/06\/Alaina-Fox-featured.jpg\",\"datePublished\":\"2017-06-12T17:57:32+00:00\",\"dateModified\":\"2019-06-18T18:20:09+00:00\",\"description\":\"Guarda i video porno in linea di alta qualit\u00e0 e pornostar sicura Alaina Fox cazzo, succhiare il cazzo e praticare il sesso in situazioni diverse\",\"breadcrumb\":{\"@id\":\"https:\/\/www.beautymovies.com\/es\/peliculas-online-de-famosas-desnudas\/alaina-fox-profile\/#breadcrumb\"},\"inLanguage\":\"de\",\"potentialAction\":[{\"@type\":\"ReadAction\",\"target\":[\"https:\/\/www.beautymovies.com\/es\/peliculas-online-de-famosas-desnudas\/alaina-fox-profile\/\"]}]},{\"@type\":\"ImageObject\",\"inLanguage\":\"de\",\"@id\":\"https:\/\/www.beautymovies.com\/es\/peliculas-online-de-famosas-desnudas\/alaina-fox-profile\/#primaryimage\",\"url\":\"https:\/\/www.beautymovies.com\/wp-content\/uploads\/2017\/06\/Alaina-Fox-featured.jpg\",\"contentUrl\":\"https:\/\/www.beautymovies.com\/wp-content\/uploads\/2017\/06\/Alaina-Fox-featured.jpg\",\"width\":419,\"height\":360,\"caption\":\"Alaina Fox featured image\"},{\"@type\":\"BreadcrumbList\",\"@id\":\"https:\/\/www.beautymovies.com\/es\/peliculas-online-de-famosas-desnudas\/alaina-fox-profile\/#breadcrumb\",\"itemListElement\":[{\"@type\":\"ListItem\",\"position\":1,\"name\":\"Estrellas del porno\",\"item\":\"https:\/\/www.beautymovies.com\/es\/peliculas-online-de-famosas-desnudas\/\"},{\"@type\":\"ListItem\",\"position\":2,\"name\":\"Alaina Fox\"}]},{\"@type\":\"WebSite\",\"@id\":\"https:\/\/www.beautymovies.com\/de\/#website\",\"url\":\"https:\/\/www.beautymovies.com\/de\/\",\"name\":\"beautymovies.com\",\"description\":\"Die beste Auswahl an Pornofilmen in HD Qualit\u00e4t ohne invasive Werbung und mit sicherer Verbindung\",\"publisher\":{\"@id\":\"https:\/\/www.beautymovies.com\/de\/#organization\"},\"potentialAction\":[{\"@type\":\"SearchAction\",\"target\":{\"@type\":\"EntryPoint\",\"urlTemplate\":\"https:\/\/www.beautymovies.com\/de\/?s={search_term_string}\"},\"query-input\":{\"@type\":\"PropertyValueSpecification\",\"valueRequired\":true,\"valueName\":\"search_term_string\"}}],\"inLanguage\":\"de\"},{\"@type\":\"Organization\",\"@id\":\"https:\/\/www.beautymovies.com\/de\/#organization\",\"name\":\"beautymovies.com\",\"url\":\"https:\/\/www.beautymovies.com\/de\/\",\"logo\":{\"@type\":\"ImageObject\",\"inLanguage\":\"de\",\"@id\":\"https:\/\/www.beautymovies.com\/de\/#\/schema\/logo\/image\/\",\"url\":\"https:\/\/www.beautymovies.com\/wp-content\/uploads\/2019\/04\/logo-end.jpg\",\"contentUrl\":\"https:\/\/www.beautymovies.com\/wp-content\/uploads\/2019\/04\/logo-end.jpg\",\"width\":200,\"height\":73,\"caption\":\"beautymovies.com\"},\"image\":{\"@id\":\"https:\/\/www.beautymovies.com\/de\/#\/schema\/logo\/image\/\"},\"sameAs\":[\"https:\/\/x.com\/BeautyMoviesXXX\"]}]}<\/script>\n<!-- \/ Yoast SEO plugin. -->","yoast_head_json":{"title":"\u25b7The best videos of Alaina Fox in high resolution","description":"Guarda i video porno in linea di alta qualit\u00e0 e pornostar sicura Alaina Fox cazzo, succhiare il cazzo e praticare il sesso in situazioni diverse","robots":{"index":"index","follow":"follow","max-snippet":"max-snippet:-1","max-image-preview":"max-image-preview:large","max-video-preview":"max-video-preview:-1"},"canonical":"https:\/\/www.beautymovies.com\/es\/peliculas-online-de-famosas-desnudas\/alaina-fox-profile\/","og_locale":"de_DE","og_type":"article","og_title":"\u25b7The best videos of Alaina Fox in high resolution","og_description":"Guarda i video porno in linea di alta qualit\u00e0 e pornostar sicura Alaina Fox cazzo, succhiare il cazzo e praticare il sesso in situazioni diverse","og_url":"https:\/\/www.beautymovies.com\/es\/peliculas-online-de-famosas-desnudas\/alaina-fox-profile\/","og_site_name":"beautymovies.com","article_modified_time":"2019-06-18T18:20:09+00:00","og_image":[{"width":419,"height":360,"url":"https:\/\/www.beautymovies.com\/wp-content\/uploads\/2017\/06\/Alaina-Fox-featured.jpg","type":"image\/jpeg"}],"twitter_card":"summary_large_image","twitter_site":"@BeautyMoviesXXX","twitter_misc":{"Gesch\u00e4tzte Lesezeit":"2\u00a0Minuten"},"schema":{"@context":"https:\/\/schema.org","@graph":[{"@type":"WebPage","@id":"https:\/\/www.beautymovies.com\/es\/peliculas-online-de-famosas-desnudas\/alaina-fox-profile\/","url":"https:\/\/www.beautymovies.com\/es\/peliculas-online-de-famosas-desnudas\/alaina-fox-profile\/","name":"\u25b7The best videos of Alaina Fox in high resolution","isPartOf":{"@id":"https:\/\/www.beautymovies.com\/de\/#website"},"primaryImageOfPage":{"@id":"https:\/\/www.beautymovies.com\/es\/peliculas-online-de-famosas-desnudas\/alaina-fox-profile\/#primaryimage"},"image":{"@id":"https:\/\/www.beautymovies.com\/es\/peliculas-online-de-famosas-desnudas\/alaina-fox-profile\/#primaryimage"},"thumbnailUrl":"https:\/\/www.beautymovies.com\/wp-content\/uploads\/2017\/06\/Alaina-Fox-featured.jpg","datePublished":"2017-06-12T17:57:32+00:00","dateModified":"2019-06-18T18:20:09+00:00","description":"Guarda i video porno in linea di alta qualit\u00e0 e pornostar sicura Alaina Fox cazzo, succhiare il cazzo e praticare il sesso in situazioni diverse","breadcrumb":{"@id":"https:\/\/www.beautymovies.com\/es\/peliculas-online-de-famosas-desnudas\/alaina-fox-profile\/#breadcrumb"},"inLanguage":"de","potentialAction":[{"@type":"ReadAction","target":["https:\/\/www.beautymovies.com\/es\/peliculas-online-de-famosas-desnudas\/alaina-fox-profile\/"]}]},{"@type":"ImageObject","inLanguage":"de","@id":"https:\/\/www.beautymovies.com\/es\/peliculas-online-de-famosas-desnudas\/alaina-fox-profile\/#primaryimage","url":"https:\/\/www.beautymovies.com\/wp-content\/uploads\/2017\/06\/Alaina-Fox-featured.jpg","contentUrl":"https:\/\/www.beautymovies.com\/wp-content\/uploads\/2017\/06\/Alaina-Fox-featured.jpg","width":419,"height":360,"caption":"Alaina Fox featured image"},{"@type":"BreadcrumbList","@id":"https:\/\/www.beautymovies.com\/es\/peliculas-online-de-famosas-desnudas\/alaina-fox-profile\/#breadcrumb","itemListElement":[{"@type":"ListItem","position":1,"name":"Estrellas del porno","item":"https:\/\/www.beautymovies.com\/es\/peliculas-online-de-famosas-desnudas\/"},{"@type":"ListItem","position":2,"name":"Alaina Fox"}]},{"@type":"WebSite","@id":"https:\/\/www.beautymovies.com\/de\/#website","url":"https:\/\/www.beautymovies.com\/de\/","name":"beautymovies.com","description":"Die beste Auswahl an Pornofilmen in HD Qualit\u00e4t ohne invasive Werbung und mit sicherer Verbindung","publisher":{"@id":"https:\/\/www.beautymovies.com\/de\/#organization"},"potentialAction":[{"@type":"SearchAction","target":{"@type":"EntryPoint","urlTemplate":"https:\/\/www.beautymovies.com\/de\/?s={search_term_string}"},"query-input":{"@type":"PropertyValueSpecification","valueRequired":true,"valueName":"search_term_string"}}],"inLanguage":"de"},{"@type":"Organization","@id":"https:\/\/www.beautymovies.com\/de\/#organization","name":"beautymovies.com","url":"https:\/\/www.beautymovies.com\/de\/","logo":{"@type":"ImageObject","inLanguage":"de","@id":"https:\/\/www.beautymovies.com\/de\/#\/schema\/logo\/image\/","url":"https:\/\/www.beautymovies.com\/wp-content\/uploads\/2019\/04\/logo-end.jpg","contentUrl":"https:\/\/www.beautymovies.com\/wp-content\/uploads\/2019\/04\/logo-end.jpg","width":200,"height":73,"caption":"beautymovies.com"},"image":{"@id":"https:\/\/www.beautymovies.com\/de\/#\/schema\/logo\/image\/"},"sameAs":["https:\/\/x.com\/BeautyMoviesXXX"]}]}},"amp_enabled":false,"_links":{"self":[{"href":"https:\/\/www.beautymovies.com\/de\/wp-json\/wp\/v2\/pages\/2462","targetHints":{"allow":["GET"]}}],"collection":[{"href":"https:\/\/www.beautymovies.com\/de\/wp-json\/wp\/v2\/pages"}],"about":[{"href":"https:\/\/www.beautymovies.com\/de\/wp-json\/wp\/v2\/types\/page"}],"author":[{"embeddable":true,"href":"https:\/\/www.beautymovies.com\/de\/wp-json\/wp\/v2\/users\/1"}],"replies":[{"embeddable":true,"href":"https:\/\/www.beautymovies.com\/de\/wp-json\/wp\/v2\/comments?post=2462"}],"version-history":[{"count":0,"href":"https:\/\/www.beautymovies.com\/de\/wp-json\/wp\/v2\/pages\/2462\/revisions"}],"up":[{"embeddable":true,"href":"https:\/\/www.beautymovies.com\/de\/wp-json\/wp\/v2\/pages\/291"}],"wp:featuredmedia":[{"embeddable":true,"href":"https:\/\/www.beautymovies.com\/de\/wp-json\/wp\/v2\/media\/2464"}],"wp:attachment":[{"href":"https:\/\/www.beautymovies.com\/de\/wp-json\/wp\/v2\/media?parent=2462"}],"curies":[{"name":"wp","href":"https:\/\/api.w.org\/{rel}","templated":true}]}}