{"id":11233,"date":"2018-06-19T12:03:05","date_gmt":"2018-06-19T10:03:05","guid":{"rendered":"https:\/\/www.beautymovies.com\/?page_id=11233"},"modified":"2020-08-21T19:23:49","modified_gmt":"2020-08-21T17:23:49","slug":"tags","status":"publish","type":"page","link":"https:\/\/www.beautymovies.com\/es\/videos-de-sexo-con-chicas-guapas-desnudas\/","title":{"rendered":"Etiquetas"},"content":{"rendered":"<p>[vc_row][vc_column css_animation=&#8221;none&#8221; offset=&#8221;vc_hidden-lg&#8221; css=&#8221;.vc_custom_1560785222815{margin-top: -50px !important;margin-bottom: -30px !important;}&#8221;][vc_column_text]<\/p>\n<p style=\"text-align: center;\"><div class=\"adsb30\" style=\" margin:0px; text-align:center\"><script async type=\"application\/javascript\" src=\"https:\/\/a.magsrv.com\/ad-provider.js\"><\/script> \r\n <ins class=\"eas6a97888e10\" data-zoneid=\"2718186\" data-keywords=\"keywords\" data-sub=\"123450000\"><\/ins> \r\n <script>(AdProvider = window.AdProvider || []).push({\"serve\": {}});<\/script><\/div>\n<p>[\/vc_column_text][\/vc_column][\/vc_row][vc_row full_width=&#8221;stretch_row_content&#8221;][vc_column css_animation=&#8221;none&#8221; css=&#8221;.vc_custom_1560785255934{margin-top: -20px !important;margin-bottom: -20px !important;}&#8221;][vc_column_text]<\/p>\n<h1 style=\"text-align: center;\">V\u00eddeos de sexo con chicas guapas desnudas<\/h1>\n<p>[\/vc_column_text][mars_vc_vt_tag_cloud smallest=&#8221;12&#8243; largest=&#8221;12&#8243; number=&#8221;200&#8243;][\/vc_column][\/vc_row][vc_row full_width=&#8221;stretch_row_content&#8221;][vc_column css_animation=&#8221;none&#8221; offset=&#8221;vc_hidden-md vc_hidden-sm vc_hidden-xs&#8221;][vc_column_text]<div class=\"adsb30\" style=\" margin:12px; text-align:center\"><script async type=\"application\/javascript\" src=\"https:\/\/a.magsrv.com\/ad-provider.js\"><\/script> \r\n <ins class=\"eas6a97888e20\" data-zoneid=\"3423767\" data-keywords=\"keywords\" data-sub=\"123450000\"><\/ins> \r\n <script>(AdProvider = window.AdProvider || []).push({\"serve\": {}});<\/script><\/div>[\/vc_column_text][\/vc_column][\/vc_row][vc_row full_width=&#8221;stretch_row_content&#8221;][vc_column css_animation=&#8221;none&#8221; offset=&#8221;vc_hidden-lg&#8221;][vc_column_text][\/vc_column_text][\/vc_column][\/vc_row][vc_row full_width=&#8221;stretch_row_content&#8221; css_animation=&#8221;none&#8221;][vc_column css_animation=&#8221;none&#8221; offset=&#8221;vc_col-md-12 vc_col-sm-offset-0 vc_col-xs-offset-1 vc_col-xs-10&#8243;][vc_column_text]<\/p>\n<h2 style=\"text-align: center;\">La pagina web con las mejores peliculas x online<\/h2>\n<p>Bienvenidos a la secci\u00f3n donde encontraras todas las etiquetas que hemos creado en la web para distribuir espec\u00edficamente y de forma \u00fanica todos los v\u00eddeos de sexo que tenemos en la pagina web.<br \/>\nSe pueden encontrar etiquetas muy dispares, ya sea dependiendo del numero de chicas guapas desnudas que aparecen en pantalla o dependiendo del busto que tengan las modelos xxx, pero lo importante es que puedes ver todas las peliculas x online gratuitamente, as\u00ed que si buscas v\u00eddeos de sexo muy espec\u00edficos en esta secci\u00f3n los vas a poder encontrar f\u00e1cilmente ya que aqu\u00ed se distribuyen las peliculas x online de una forma mucho mas concreta y cercana.<br \/>\nAl haber ordenado previamente todas las peliculas x online por categor\u00edas pero tambi\u00e9n por modelos xxx y ahora ademas por etiquetas puedes encontrar de manera muy intuitiva y f\u00e1cil todo lo que buscas porque ponemos al alcance de tu mano la mayor selecci\u00f3n de chicas guapas desnudas que puedas imaginar ya que aqu\u00ed veras a las actrices mas famosas del cine para adultos pero ademas podr\u00e1s ver a todas las modelos xxx que empiezan a trabajar ahora en la industria del cine pornogr\u00e1fico y que buscan hacerse un hueco en este mercado tan competitivo.<br \/>\nAqu\u00ed podr\u00e1s comprobar que los v\u00eddeos de sexo que tenemos est\u00e1n asociados a una palabra clave o una frase muy especifica porque de esta manera podr\u00e1s encontrar a esas chicas guapas desnudas que buscabas manteniendo relaciones en lugares muy concretos como puede ser un coche o un hospital, pero ademas las separamos por numero de modelos xxx que aparecen en la escena en cuesti\u00f3n.<br \/>\nCon las etiquetas ya creadas damos por ordenadas todas las peliculas x online que tenemos pero ademas en la parte superior de esta pagina hay un buscador donde puedes escribir todo el texto que quieras ya sea por poner ejemplos el nombre de alguna escena en concreto donde salgan las chicas guapas desnudas que quieres ver o alguna posici\u00f3n sexual que hayan realizado nuestras modelos xxx y que no encuentras de ninguna de las tres maneras en que los hemos ordenado todo el contenido, porque para nosotros es vital que los usuarios encuentren los v\u00eddeos de sexo que anhelan.[\/vc_column_text][\/vc_column][\/vc_row][vc_row full_width=&#8221;stretch_row_content&#8221; content_placement=&#8221;middle&#8221;][vc_column css_animation=&#8221;none&#8221; width=&#8221;1\/6&#8243; offset=&#8221;vc_hidden-md vc_hidden-sm vc_hidden-xs&#8221;][\/vc_column][vc_column width=&#8221;2\/3&#8243;][vc_column_text]<div class=\"adsb30\" style=\" margin:0px; margin-right:0px; text-align:right\"><script async type=\"application\/javascript\" src=\"https:\/\/a.magsrv.com\/ad-provider.js\"><\/script> \r\n <ins class=\"eas6a97888e20\" data-zoneid=\"3422213\" data-keywords=\"keywords\" data-sub=\"123450000\"><\/ins> \r\n <script>(AdProvider = window.AdProvider || []).push({\"serve\": {}});<\/script><\/div>[\/vc_column_text][\/vc_column][vc_column width=&#8221;1\/6&#8243;][\/vc_column][\/vc_row][vc_row full_width=&#8221;stretch_row_content&#8221; css_animation=&#8221;none&#8221;][vc_column css_animation=&#8221;none&#8221; offset=&#8221;vc_col-md-12 vc_col-sm-offset-0 vc_col-xs-offset-1 vc_col-xs-10&#8243;][vc_column_text]<\/p>\n<h3 style=\"text-align: center;\">Hermosas modelos xxx siendo penetradas<\/h3>\n<p>SI eres un nuevo usuario o si ya eres un cliente habitual lo primero que te llamara la atenci\u00f3n es que en esta pagina web est\u00e1n las modelos xxx mas hermosas y mas prestigiosas de la industria del cine para adultos, con lo cual todas las chicas guapas desnudas que veas en nuestra pagina web son mujeres que se dedican profesionalmente a realizar este tipo de v\u00eddeos de sexo y lo hacen libremente y conscientes de que son grabadas para producir peliculas x online ya que ese es el trabajo que ellas han elegido y nosotros solo publicamos v\u00eddeos de sexo con chicas guapas desnudas que se dedican a ello de manera profesional.<br \/>\nTodas las peliculas x online que tenemos son \u00fanicas en todo internet ya que nosotros mismos editamos todos y cada uno de los v\u00eddeos de sexo que mostramos y como hemos dicho con anterioridad todas las modelos xxx que encontraras aqu\u00ed son actrices profesionales que se dedican a interpretar y producir este tipo de contenido.<br \/>\nCada dia aparecen nuevas chicas guapas desnudas dispuestas a rodar peliculas x online con lo cual nosotros elegimos las mejores escenas y las mas hermosas modelos xxx para poder ofrecerte de esta manera los mejores v\u00eddeos de sexo y el mejor contenido ya que vemos que muchas paginas web est\u00e1n saturadas con modelos xxx que no valen la pena o escenas donde las chicas guapas desnudas no saben que las est\u00e1n grabando, eso a nosotros no nos gusta, y solo publicamos peliculas x online con chicas guapas desnudas que se dediquen a ello de manera profesional porque solo de esta manera podemos ofrecerte los mas impactantes v\u00eddeos de sexo y los clasificamos de manera muy especifica para que puedas ver las peliculas x online que andas buscando de manera gratuita y en buena calidad.[\/vc_column_text][\/vc_column][\/vc_row][vc_row full_width=&#8221;stretch_row_content&#8221;][vc_column css_animation=&#8221;none&#8221; width=&#8221;1\/4&#8243;][vc_column_text]<div class=\"adsb30\" style=\" margin:0px; text-align:center\"><script async type=\"application\/javascript\" src=\"https:\/\/a.magsrv.com\/ad-provider.js\"><\/script> \r\n <ins class=\"eas6a97888e2\" data-zoneid=\"2736954\" data-keywords=\"keywords\" data-sub=\"123450000\"><\/ins> \r\n <script>(AdProvider = window.AdProvider || []).push({\"serve\": {}});<\/script><\/div>[\/vc_column_text][\/vc_column][vc_column css_animation=&#8221;none&#8221; width=&#8221;1\/4&#8243; offset=&#8221;vc_hidden-md vc_hidden-sm vc_hidden-xs&#8221;][vc_column_text]<div class=\"adsb30\" style=\" margin:0px; text-align:center\"><script async type=\"application\/javascript\" src=\"https:\/\/a.magsrv.com\/ad-provider.js\"><\/script> \r\n <ins class=\"eas6a97888e2\" data-zoneid=\"2736946\" data-keywords=\"keywords\" data-sub=\"123450000\"><\/ins> \r\n <script>(AdProvider = window.AdProvider || []).push({\"serve\": {}});<\/script><\/div>[\/vc_column_text][\/vc_column][vc_column css_animation=&#8221;none&#8221; width=&#8221;1\/4&#8243; offset=&#8221;vc_hidden-md vc_hidden-sm vc_hidden-xs&#8221;][vc_column_text]<div class=\"adsb30\" style=\" margin:0px; text-align:center\"><script async type=\"application\/javascript\" src=\"https:\/\/a.magsrv.com\/ad-provider.js\"><\/script> \r\n <ins class=\"eas6a97888e2\" data-zoneid=\"2736954\" data-keywords=\"keywords\" data-sub=\"123450000\"><\/ins> \r\n <script>(AdProvider = window.AdProvider || []).push({\"serve\": {}});<\/script><\/div>[\/vc_column_text][\/vc_column][vc_column css_animation=&#8221;none&#8221; width=&#8221;1\/4&#8243;][vc_column_text]<div class=\"adsb30\" style=\" margin:0px; text-align:center\"><script async type=\"application\/javascript\" src=\"https:\/\/a.magsrv.com\/ad-provider.js\"><\/script> \r\n <ins class=\"eas6a97888e2\" data-zoneid=\"2736946\" data-keywords=\"keywords\" data-sub=\"123450000\"><\/ins> \r\n <script>(AdProvider = window.AdProvider || []).push({\"serve\": {}});<\/script><\/div>[\/vc_column_text][\/vc_column][\/vc_row]<\/p>\n","protected":false},"excerpt":{"rendered":"<p>[vc_row][vc_column css_animation=&#8221;none&#8221; offset=&#8221;vc_hidden-lg&#8221; css=&#8221;.vc_custom_1560785222815{margin-top: -50px !important;margin-bottom: -30px !important;}&#8221;][vc_column_text] [\/vc_column_text][\/vc_column][\/vc_row][vc_row full_width=&#8221;stretch_row_content&#8221;][vc_column css_animation=&#8221;none&#8221; css=&#8221;.vc_custom_1560785255934{margin-top: -20px !important;margin-bottom: -20px !important;}&#8221;][vc_column_text] V\u00eddeos de sexo con chicas guapas desnudas [\/vc_column_text][mars_vc_vt_tag_cloud smallest=&#8221;12&#8243; largest=&#8221;12&#8243; number=&#8221;200&#8243;][\/vc_column][\/vc_row][vc_row full_width=&#8221;stretch_row_content&#8221;][vc_column css_animation=&#8221;none&#8221; offset=&#8221;vc_hidden-md vc_hidden-sm vc_hidden-xs&#8221;][vc_column_text][\/vc_column_text][\/vc_column][\/vc_row][vc_row full_width=&#8221;stretch_row_content&#8221;][vc_column css_animation=&#8221;none&#8221; offset=&#8221;vc_hidden-lg&#8221;][vc_column_text][\/vc_column_text][\/vc_column][\/vc_row][vc_row full_width=&#8221;stretch_row_content&#8221; css_animation=&#8221;none&#8221;][vc_column css_animation=&#8221;none&#8221; offset=&#8221;vc_col-md-12 vc_col-sm-offset-0 vc_col-xs-offset-1 vc_col-xs-10&#8243;][vc_column_text] La pagina web con las mejores peliculas x online Bienvenidos a la secci\u00f3n [&hellip;]<\/p>\n","protected":false},"author":1,"featured_media":1232,"parent":0,"menu_order":0,"comment_status":"closed","ping_status":"closed","template":"tpl-page-builder.php","meta":{"_acf_changed":false,"_monsterinsights_skip_tracking":false,"_monsterinsights_sitenote_active":false,"_monsterinsights_sitenote_note":"","_monsterinsights_sitenote_category":0,"footnotes":""},"class_list":["post-11233","page","type-page","status-publish","has-post-thumbnail","hentry"],"acf":[],"yoast_head":"<!-- This site is optimized with the Yoast SEO plugin v26.9 - https:\/\/yoast.com\/product\/yoast-seo-wordpress\/ -->\n<title>Scene porno e video di sesso ordinati per etichette<\/title>\n<meta name=\"description\" content=\"Tutti i etichette dei nostri video pornografici per poter scegliere la scena e il tipo di video che vuoi vedere, questa \u00e8 la nostra squisita selezione:\" \/>\n<meta name=\"robots\" content=\"index, follow, max-snippet:-1, max-image-preview:large, max-video-preview:-1\" \/>\n<link rel=\"canonical\" href=\"https:\/\/www.beautymovies.com\/it\/video-di-sesso-con-belle-ragazze-nude\/\" \/>\n<meta property=\"og:locale\" content=\"es_ES\" \/>\n<meta property=\"og:type\" content=\"article\" \/>\n<meta property=\"og:title\" content=\"Scene porno e video di sesso ordinati per etichette\" \/>\n<meta property=\"og:description\" content=\"Tutti i etichette dei nostri video pornografici per poter scegliere la scena e il tipo di video che vuoi vedere, questa \u00e8 la nostra squisita selezione:\" \/>\n<meta property=\"og:url\" content=\"https:\/\/www.beautymovies.com\/it\/video-di-sesso-con-belle-ragazze-nude\/\" \/>\n<meta property=\"og:site_name\" content=\"beautymovies.com\" \/>\n<meta property=\"article:modified_time\" content=\"2020-08-21T17:23:49+00:00\" \/>\n<meta property=\"og:image\" content=\"https:\/\/www.beautymovies.com\/wp-content\/uploads\/2017\/03\/logotipo-grande.jpg\" \/>\n\t<meta property=\"og:image:width\" content=\"556\" \/>\n\t<meta property=\"og:image:height\" content=\"200\" \/>\n\t<meta property=\"og:image:type\" content=\"image\/jpeg\" \/>\n<meta name=\"twitter:card\" content=\"summary_large_image\" \/>\n<meta name=\"twitter:site\" content=\"@BeautyMoviesXXX\" \/>\n<meta name=\"twitter:label1\" content=\"Tiempo de lectura\" \/>\n\t<meta name=\"twitter:data1\" content=\"5 minutos\" \/>\n<script type=\"application\/ld+json\" class=\"yoast-schema-graph\">{\"@context\":\"https:\/\/schema.org\",\"@graph\":[{\"@type\":\"WebPage\",\"@id\":\"https:\/\/www.beautymovies.com\/it\/video-di-sesso-con-belle-ragazze-nude\/\",\"url\":\"https:\/\/www.beautymovies.com\/it\/video-di-sesso-con-belle-ragazze-nude\/\",\"name\":\"Scene porno e video di sesso ordinati per etichette\",\"isPartOf\":{\"@id\":\"https:\/\/www.beautymovies.com\/de\/#website\"},\"primaryImageOfPage\":{\"@id\":\"https:\/\/www.beautymovies.com\/it\/video-di-sesso-con-belle-ragazze-nude\/#primaryimage\"},\"image\":{\"@id\":\"https:\/\/www.beautymovies.com\/it\/video-di-sesso-con-belle-ragazze-nude\/#primaryimage\"},\"thumbnailUrl\":\"https:\/\/www.beautymovies.com\/wp-content\/uploads\/2017\/03\/logotipo-grande.jpg\",\"datePublished\":\"2018-06-19T10:03:05+00:00\",\"dateModified\":\"2020-08-21T17:23:49+00:00\",\"description\":\"Tutti i etichette dei nostri video pornografici per poter scegliere la scena e il tipo di video che vuoi vedere, questa \u00e8 la nostra squisita selezione:\",\"inLanguage\":\"es\",\"potentialAction\":[{\"@type\":\"ReadAction\",\"target\":[\"https:\/\/www.beautymovies.com\/it\/video-di-sesso-con-belle-ragazze-nude\/\"]}]},{\"@type\":\"ImageObject\",\"inLanguage\":\"es\",\"@id\":\"https:\/\/www.beautymovies.com\/it\/video-di-sesso-con-belle-ragazze-nude\/#primaryimage\",\"url\":\"https:\/\/www.beautymovies.com\/wp-content\/uploads\/2017\/03\/logotipo-grande.jpg\",\"contentUrl\":\"https:\/\/www.beautymovies.com\/wp-content\/uploads\/2017\/03\/logotipo-grande.jpg\",\"width\":556,\"height\":200,\"caption\":\"logotipo de beautymovies.com\"},{\"@type\":\"WebSite\",\"@id\":\"https:\/\/www.beautymovies.com\/de\/#website\",\"url\":\"https:\/\/www.beautymovies.com\/de\/\",\"name\":\"beautymovies.com\",\"description\":\"La mejor selecci\u00f3n de videos porno en calidad HD sin publicidad invasiva y con conexi\u00f3n segura\",\"publisher\":{\"@id\":\"https:\/\/www.beautymovies.com\/de\/#organization\"},\"potentialAction\":[{\"@type\":\"SearchAction\",\"target\":{\"@type\":\"EntryPoint\",\"urlTemplate\":\"https:\/\/www.beautymovies.com\/de\/?s={search_term_string}\"},\"query-input\":{\"@type\":\"PropertyValueSpecification\",\"valueRequired\":true,\"valueName\":\"search_term_string\"}}],\"inLanguage\":\"es\"},{\"@type\":\"Organization\",\"@id\":\"https:\/\/www.beautymovies.com\/de\/#organization\",\"name\":\"beautymovies.com\",\"url\":\"https:\/\/www.beautymovies.com\/de\/\",\"logo\":{\"@type\":\"ImageObject\",\"inLanguage\":\"es\",\"@id\":\"https:\/\/www.beautymovies.com\/de\/#\/schema\/logo\/image\/\",\"url\":\"https:\/\/www.beautymovies.com\/wp-content\/uploads\/2019\/04\/logo-end.jpg\",\"contentUrl\":\"https:\/\/www.beautymovies.com\/wp-content\/uploads\/2019\/04\/logo-end.jpg\",\"width\":200,\"height\":73,\"caption\":\"beautymovies.com\"},\"image\":{\"@id\":\"https:\/\/www.beautymovies.com\/de\/#\/schema\/logo\/image\/\"},\"sameAs\":[\"https:\/\/x.com\/BeautyMoviesXXX\"]}]}<\/script>\n<!-- \/ Yoast SEO plugin. -->","yoast_head_json":{"title":"Scene porno e video di sesso ordinati per etichette","description":"Tutti i etichette dei nostri video pornografici per poter scegliere la scena e il tipo di video che vuoi vedere, questa \u00e8 la nostra squisita selezione:","robots":{"index":"index","follow":"follow","max-snippet":"max-snippet:-1","max-image-preview":"max-image-preview:large","max-video-preview":"max-video-preview:-1"},"canonical":"https:\/\/www.beautymovies.com\/it\/video-di-sesso-con-belle-ragazze-nude\/","og_locale":"es_ES","og_type":"article","og_title":"Scene porno e video di sesso ordinati per etichette","og_description":"Tutti i etichette dei nostri video pornografici per poter scegliere la scena e il tipo di video che vuoi vedere, questa \u00e8 la nostra squisita selezione:","og_url":"https:\/\/www.beautymovies.com\/it\/video-di-sesso-con-belle-ragazze-nude\/","og_site_name":"beautymovies.com","article_modified_time":"2020-08-21T17:23:49+00:00","og_image":[{"width":556,"height":200,"url":"https:\/\/www.beautymovies.com\/wp-content\/uploads\/2017\/03\/logotipo-grande.jpg","type":"image\/jpeg"}],"twitter_card":"summary_large_image","twitter_site":"@BeautyMoviesXXX","twitter_misc":{"Tiempo de lectura":"5 minutos"},"schema":{"@context":"https:\/\/schema.org","@graph":[{"@type":"WebPage","@id":"https:\/\/www.beautymovies.com\/it\/video-di-sesso-con-belle-ragazze-nude\/","url":"https:\/\/www.beautymovies.com\/it\/video-di-sesso-con-belle-ragazze-nude\/","name":"Scene porno e video di sesso ordinati per etichette","isPartOf":{"@id":"https:\/\/www.beautymovies.com\/de\/#website"},"primaryImageOfPage":{"@id":"https:\/\/www.beautymovies.com\/it\/video-di-sesso-con-belle-ragazze-nude\/#primaryimage"},"image":{"@id":"https:\/\/www.beautymovies.com\/it\/video-di-sesso-con-belle-ragazze-nude\/#primaryimage"},"thumbnailUrl":"https:\/\/www.beautymovies.com\/wp-content\/uploads\/2017\/03\/logotipo-grande.jpg","datePublished":"2018-06-19T10:03:05+00:00","dateModified":"2020-08-21T17:23:49+00:00","description":"Tutti i etichette dei nostri video pornografici per poter scegliere la scena e il tipo di video che vuoi vedere, questa \u00e8 la nostra squisita selezione:","inLanguage":"es","potentialAction":[{"@type":"ReadAction","target":["https:\/\/www.beautymovies.com\/it\/video-di-sesso-con-belle-ragazze-nude\/"]}]},{"@type":"ImageObject","inLanguage":"es","@id":"https:\/\/www.beautymovies.com\/it\/video-di-sesso-con-belle-ragazze-nude\/#primaryimage","url":"https:\/\/www.beautymovies.com\/wp-content\/uploads\/2017\/03\/logotipo-grande.jpg","contentUrl":"https:\/\/www.beautymovies.com\/wp-content\/uploads\/2017\/03\/logotipo-grande.jpg","width":556,"height":200,"caption":"logotipo de beautymovies.com"},{"@type":"WebSite","@id":"https:\/\/www.beautymovies.com\/de\/#website","url":"https:\/\/www.beautymovies.com\/de\/","name":"beautymovies.com","description":"La mejor selecci\u00f3n de videos porno en calidad HD sin publicidad invasiva y con conexi\u00f3n segura","publisher":{"@id":"https:\/\/www.beautymovies.com\/de\/#organization"},"potentialAction":[{"@type":"SearchAction","target":{"@type":"EntryPoint","urlTemplate":"https:\/\/www.beautymovies.com\/de\/?s={search_term_string}"},"query-input":{"@type":"PropertyValueSpecification","valueRequired":true,"valueName":"search_term_string"}}],"inLanguage":"es"},{"@type":"Organization","@id":"https:\/\/www.beautymovies.com\/de\/#organization","name":"beautymovies.com","url":"https:\/\/www.beautymovies.com\/de\/","logo":{"@type":"ImageObject","inLanguage":"es","@id":"https:\/\/www.beautymovies.com\/de\/#\/schema\/logo\/image\/","url":"https:\/\/www.beautymovies.com\/wp-content\/uploads\/2019\/04\/logo-end.jpg","contentUrl":"https:\/\/www.beautymovies.com\/wp-content\/uploads\/2019\/04\/logo-end.jpg","width":200,"height":73,"caption":"beautymovies.com"},"image":{"@id":"https:\/\/www.beautymovies.com\/de\/#\/schema\/logo\/image\/"},"sameAs":["https:\/\/x.com\/BeautyMoviesXXX"]}]}},"amp_enabled":false,"_links":{"self":[{"href":"https:\/\/www.beautymovies.com\/es\/wp-json\/wp\/v2\/pages\/11233","targetHints":{"allow":["GET"]}}],"collection":[{"href":"https:\/\/www.beautymovies.com\/es\/wp-json\/wp\/v2\/pages"}],"about":[{"href":"https:\/\/www.beautymovies.com\/es\/wp-json\/wp\/v2\/types\/page"}],"author":[{"embeddable":true,"href":"https:\/\/www.beautymovies.com\/es\/wp-json\/wp\/v2\/users\/1"}],"replies":[{"embeddable":true,"href":"https:\/\/www.beautymovies.com\/es\/wp-json\/wp\/v2\/comments?post=11233"}],"version-history":[{"count":0,"href":"https:\/\/www.beautymovies.com\/es\/wp-json\/wp\/v2\/pages\/11233\/revisions"}],"wp:featuredmedia":[{"embeddable":true,"href":"https:\/\/www.beautymovies.com\/es\/wp-json\/wp\/v2\/media\/1232"}],"wp:attachment":[{"href":"https:\/\/www.beautymovies.com\/es\/wp-json\/wp\/v2\/media?parent=11233"}],"curies":[{"name":"wp","href":"https:\/\/api.w.org\/{rel}","templated":true}]}}