{"id":11233,"date":"2018-06-19T12:03:05","date_gmt":"2018-06-19T10:03:05","guid":{"rendered":"https:\/\/www.beautymovies.com\/?page_id=11233"},"modified":"2020-08-21T19:23:49","modified_gmt":"2020-08-21T17:23:49","slug":"tags","status":"publish","type":"page","link":"https:\/\/www.beautymovies.com\/fr\/videos-de-sexe-avec-de-belles-filles-nues\/","title":{"rendered":"\u00c9tiquettes"},"content":{"rendered":"<p>[vc_row][vc_column css_animation=&#8221;none&#8221; offset=&#8221;vc_hidden-lg&#8221; css=&#8221;.vc_custom_1560785397068{margin-top: -50px !important;margin-bottom: -30px !important;}&#8221;][vc_column_text]<\/p>\n<p style=\"text-align: center;\"><div class=\"adsb30\" style=\" margin:0px; text-align:center\"><script async type=\"application\/javascript\" src=\"https:\/\/a.magsrv.com\/ad-provider.js\"><\/script> \r\n <ins class=\"eas6a97888e10\" data-zoneid=\"2718186\" data-keywords=\"keywords\" data-sub=\"123450000\"><\/ins> \r\n <script>(AdProvider = window.AdProvider || []).push({\"serve\": {}});<\/script><\/div>\n<p>[\/vc_column_text][\/vc_column][\/vc_row][vc_row full_width=&#8221;stretch_row_content&#8221;][vc_column css_animation=&#8221;none&#8221; css=&#8221;.vc_custom_1560785417128{margin-top: -20px !important;margin-bottom: -20px !important;}&#8221;][vc_column_text]<\/p>\n<h1 style=\"text-align: center;\"><span class=\"tlid-translation translation\" lang=\"fr\"><span class=\"\" title=\"\">Vid\u00e9os de sexe avec de belles filles nues<\/span><\/span><\/h1>\n<p>[\/vc_column_text][mars_vc_vt_tag_cloud smallest=&#8221;12&#8243; largest=&#8221;12&#8243; number=&#8221;200&#8243;][\/vc_column][\/vc_row][vc_row full_width=&#8221;stretch_row_content&#8221;][vc_column css_animation=&#8221;none&#8221; offset=&#8221;vc_hidden-md vc_hidden-sm vc_hidden-xs&#8221;][vc_column_text]<div class=\"adsb30\" style=\" margin:12px; text-align:center\"><script async type=\"application\/javascript\" src=\"https:\/\/a.magsrv.com\/ad-provider.js\"><\/script> \r\n <ins class=\"eas6a97888e20\" data-zoneid=\"3423767\" data-keywords=\"keywords\" data-sub=\"123450000\"><\/ins> \r\n <script>(AdProvider = window.AdProvider || []).push({\"serve\": {}});<\/script><\/div>[\/vc_column_text][\/vc_column][\/vc_row][vc_row full_width=&#8221;stretch_row_content&#8221;][vc_column css_animation=&#8221;none&#8221; offset=&#8221;vc_hidden-lg&#8221;][vc_column_text][\/vc_column_text][\/vc_column][\/vc_row][vc_row full_width=&#8221;stretch_row_content&#8221; css_animation=&#8221;none&#8221;][vc_column css_animation=&#8221;none&#8221; offset=&#8221;vc_col-md-12 vc_col-sm-offset-0 vc_col-xs-offset-1 vc_col-xs-10&#8243;][vc_column_text]<\/p>\n<h2 style=\"text-align: center;\">Le site avec les meilleurs films x en ligne<\/h2>\n<p>Bienvenue dans la section o\u00f9 vous trouverez toutes les \u00e9tiquettes que nous avons cr\u00e9\u00e9es sur le Web pour distribuer sp\u00e9cifiquement et de mani\u00e8re unique toutes les vid\u00e9os de sexe que nous avons sur le site.<br \/>\nVous pouvez trouver des \u00e9tiquettes tr\u00e8s diff\u00e9rentes, en fonction du nombre de jolies filles nues qui apparaissent \u00e0 l&#8217;\u00e9cran ou en fonction du buste des mod\u00e8les xxx, mais l&#8217;important est que vous puissiez regarder tous les films x en ligne gratuitement. si vous recherchez des vid\u00e9os de sexe, vous pourrez trouver des sc\u00e8nes de sexe tr\u00e8s sp\u00e9cifiques dans cette section car ici les films x en ligne de mani\u00e8re beaucoup plus concr\u00e8te et plus proche.<br \/>\nApr\u00e8s avoir d\u00e9j\u00e0 command\u00e9 tous les x films en ligne par cat\u00e9gories, mais aussi par mod\u00e8les de xxx et maintenant, par marques, vous pouvez facilement et intuitivement trouver tout ce que vous cherchez, car nous mettons \u00e0 votre disposition le plus grand choix de jolies filles nues que vous puissiez imaginer depuis ici. Vous verrez les actrices les plus c\u00e9l\u00e8bres du cin\u00e9ma pour adultes, mais vous pourrez \u00e9galement voir tous les mod\u00e8les xxx qui commencent maintenant \u00e0 travailler dans l\u2019industrie du film pornographique et qui cherchent \u00e0 se tailler une place dans ce march\u00e9 concurrentiel.<br \/>\nIci, vous pouvez v\u00e9rifier que les vid\u00e9os de sexe que nous avons sont associ\u00e9es \u00e0 un mot cl\u00e9 ou \u00e0 une phrase sp\u00e9cifique, car vous pourrez ainsi retrouver les jolies filles nues que vous recherchiez tout en entretenant des relations dans des lieux tr\u00e8s sp\u00e9cifiques tels qu&#8217;une voiture ou un h\u00f4pital, mais nous les s\u00e9parons \u00e9galement par le nombre de mod\u00e8les xxx qui apparaissent dans la sc\u00e8ne en question.<br \/>\nAvec les \u00e9tiquettes d\u00e9j\u00e0 cr\u00e9\u00e9es, nous prenons en ordre tous les films x en ligne, mais vous trouverez \u00e9galement en haut de la page un moteur de recherche dans lequel vous pouvez \u00e9crire tout le texte de votre choix, soit en donnant des exemples du nom d&#8217;un fichier. sc\u00e8ne particuli\u00e8re o\u00f9 les belles filles nues que vous voulez voir ou n&#8217;importe quelle position sexuelle que nos mod\u00e8les xxx ont faite et que vous ne trouvez pas dans aucune des trois fa\u00e7ons dont nous leur avons command\u00e9 tout le contenu, car pour nous c&#8217;est vital que les utilisateurs trouvent les vid\u00e9os de sexe dont ils ont envie.[\/vc_column_text][\/vc_column][\/vc_row][vc_row full_width=&#8221;stretch_row_content&#8221; content_placement=&#8221;middle&#8221;][vc_column css_animation=&#8221;none&#8221; width=&#8221;1\/6&#8243; offset=&#8221;vc_hidden-md vc_hidden-sm vc_hidden-xs&#8221;][\/vc_column][vc_column width=&#8221;2\/3&#8243;][vc_column_text]<div class=\"adsb30\" style=\" margin:0px; margin-right:0px; text-align:right\"><script async type=\"application\/javascript\" src=\"https:\/\/a.magsrv.com\/ad-provider.js\"><\/script> \r\n <ins class=\"eas6a97888e20\" data-zoneid=\"3422213\" data-keywords=\"keywords\" data-sub=\"123450000\"><\/ins> \r\n <script>(AdProvider = window.AdProvider || []).push({\"serve\": {}});<\/script><\/div>[\/vc_column_text][\/vc_column][vc_column width=&#8221;1\/6&#8243;][\/vc_column][\/vc_row][vc_row full_width=&#8221;stretch_row_content&#8221; css_animation=&#8221;none&#8221;][vc_column css_animation=&#8221;none&#8221; offset=&#8221;vc_col-md-12 vc_col-sm-offset-0 vc_col-xs-offset-1 vc_col-xs-10&#8243;][vc_column_text]<\/p>\n<h3 style=\"text-align: center;\">De superbes mod\u00e8les xxx en train de p\u00e9n\u00e9trer<\/h3>\n<p>Si vous \u00eates un nouvel utilisateur ou si vous \u00eates d\u00e9j\u00e0 un client r\u00e9gulier, la premi\u00e8re chose qui attirera votre attention est que sur ce site vous trouvez les plus beaux et les plus prestigieux mod\u00e8les xxx de l&#8217;industrie du film pour adultes, avec lesquels toutes les belles filles nues Ce que vous voyez sur notre site Web sont des femmes qui se consacrent professionnellement \u00e0 la production de ce type de vid\u00e9os de sexe. Elles le font librement et sont conscientes qu&#8217;elles sont enregistr\u00e9es pour produire x films en ligne, car c&#8217;est le travail qu&#8217;elles ont choisi et nous ne publions que des vid\u00e9os de sexe belles filles nues qui s&#8217;y consacrent de mani\u00e8re professionnelle.<br \/>\nTous les films en ligne x que nous avons sont uniques sur Internet car nous montons chacune des vid\u00e9os de sexe que nous montrons et, comme nous l\u2019avons d\u00e9j\u00e0 dit, tous les mod\u00e8les xxx que vous trouverez ici sont des actrices professionnelles qui se consacrent \u00e0 l\u2019interpr\u00e9tation et produire ce type de contenu.<br \/>\nChaque jour de nouvelles belles filles nues semblent pr\u00eates \u00e0 tourner des films x en ligne avec lesquels nous choisissons les meilleures sc\u00e8nes et les plus beaux mod\u00e8les xxx pour pouvoir vous offrir les meilleures vid\u00e9os de sexe et le meilleur contenu dans la mesure o\u00f9 nous constatons que de nombreux sites Web sont satur\u00e9s de xxx des mod\u00e8les qui n&#8217;en valent pas la peine ou des sc\u00e8nes o\u00f9 les belles filles nues ne savent pas qu&#8217;elles les enregistrent, que nous n&#8217;aimons pas, et que nous ne publions des films en ligne qu&#8217;avec de belles filles nues qui s&#8217;y consacrent de mani\u00e8re professionnelle De cette fa\u00e7on, nous pouvons vous proposer les vid\u00e9os de sexe les plus impressionnantes et nous les classons de mani\u00e8re tr\u00e8s sp\u00e9cifique afin que vous puissiez regarder les films x en ligne que vous recherchez gratuitement et en bonne qualit\u00e9.[\/vc_column_text][\/vc_column][\/vc_row][vc_row full_width=&#8221;stretch_row_content&#8221;][vc_column css_animation=&#8221;none&#8221; width=&#8221;1\/4&#8243;][vc_column_text]<div class=\"adsb30\" style=\" margin:0px; text-align:center\"><script async type=\"application\/javascript\" src=\"https:\/\/a.magsrv.com\/ad-provider.js\"><\/script> \r\n <ins class=\"eas6a97888e2\" data-zoneid=\"2736954\" data-keywords=\"keywords\" data-sub=\"123450000\"><\/ins> \r\n <script>(AdProvider = window.AdProvider || []).push({\"serve\": {}});<\/script><\/div>[\/vc_column_text][\/vc_column][vc_column css_animation=&#8221;none&#8221; width=&#8221;1\/4&#8243; offset=&#8221;vc_hidden-md vc_hidden-sm vc_hidden-xs&#8221;][vc_column_text]<div class=\"adsb30\" style=\" margin:0px; text-align:center\"><script async type=\"application\/javascript\" src=\"https:\/\/a.magsrv.com\/ad-provider.js\"><\/script> \r\n <ins class=\"eas6a97888e2\" data-zoneid=\"2736946\" data-keywords=\"keywords\" data-sub=\"123450000\"><\/ins> \r\n <script>(AdProvider = window.AdProvider || []).push({\"serve\": {}});<\/script><\/div>[\/vc_column_text][\/vc_column][vc_column css_animation=&#8221;none&#8221; width=&#8221;1\/4&#8243; offset=&#8221;vc_hidden-md vc_hidden-sm vc_hidden-xs&#8221;][vc_column_text]<div class=\"adsb30\" style=\" margin:0px; text-align:center\"><script async type=\"application\/javascript\" src=\"https:\/\/a.magsrv.com\/ad-provider.js\"><\/script> \r\n <ins class=\"eas6a97888e2\" data-zoneid=\"2736954\" data-keywords=\"keywords\" data-sub=\"123450000\"><\/ins> \r\n <script>(AdProvider = window.AdProvider || []).push({\"serve\": {}});<\/script><\/div>[\/vc_column_text][\/vc_column][vc_column css_animation=&#8221;none&#8221; width=&#8221;1\/4&#8243;][vc_column_text]<div class=\"adsb30\" style=\" margin:0px; text-align:center\"><script async type=\"application\/javascript\" src=\"https:\/\/a.magsrv.com\/ad-provider.js\"><\/script> \r\n <ins class=\"eas6a97888e2\" data-zoneid=\"2736946\" data-keywords=\"keywords\" data-sub=\"123450000\"><\/ins> \r\n <script>(AdProvider = window.AdProvider || []).push({\"serve\": {}});<\/script><\/div>[\/vc_column_text][\/vc_column][\/vc_row]<\/p>\n","protected":false},"excerpt":{"rendered":"<p>[vc_row][vc_column css_animation=&#8221;none&#8221; offset=&#8221;vc_hidden-lg&#8221; css=&#8221;.vc_custom_1560785397068{margin-top: -50px !important;margin-bottom: -30px !important;}&#8221;][vc_column_text] [\/vc_column_text][\/vc_column][\/vc_row][vc_row full_width=&#8221;stretch_row_content&#8221;][vc_column css_animation=&#8221;none&#8221; css=&#8221;.vc_custom_1560785417128{margin-top: -20px !important;margin-bottom: -20px !important;}&#8221;][vc_column_text] Vid\u00e9os de sexe avec de belles filles nues [\/vc_column_text][mars_vc_vt_tag_cloud smallest=&#8221;12&#8243; largest=&#8221;12&#8243; number=&#8221;200&#8243;][\/vc_column][\/vc_row][vc_row full_width=&#8221;stretch_row_content&#8221;][vc_column css_animation=&#8221;none&#8221; offset=&#8221;vc_hidden-md vc_hidden-sm vc_hidden-xs&#8221;][vc_column_text][\/vc_column_text][\/vc_column][\/vc_row][vc_row full_width=&#8221;stretch_row_content&#8221;][vc_column css_animation=&#8221;none&#8221; offset=&#8221;vc_hidden-lg&#8221;][vc_column_text][\/vc_column_text][\/vc_column][\/vc_row][vc_row full_width=&#8221;stretch_row_content&#8221; css_animation=&#8221;none&#8221;][vc_column css_animation=&#8221;none&#8221; offset=&#8221;vc_col-md-12 vc_col-sm-offset-0 vc_col-xs-offset-1 vc_col-xs-10&#8243;][vc_column_text] Le site avec les meilleurs films x en ligne Bienvenue dans la [&hellip;]<\/p>\n","protected":false},"author":1,"featured_media":1232,"parent":0,"menu_order":0,"comment_status":"closed","ping_status":"closed","template":"tpl-page-builder.php","meta":{"_acf_changed":false,"_monsterinsights_skip_tracking":false,"_monsterinsights_sitenote_active":false,"_monsterinsights_sitenote_note":"","_monsterinsights_sitenote_category":0,"footnotes":""},"class_list":["post-11233","page","type-page","status-publish","has-post-thumbnail","hentry"],"acf":[],"yoast_head":"<!-- This site is optimized with the Yoast SEO plugin v26.9 - https:\/\/yoast.com\/product\/yoast-seo-wordpress\/ -->\n<title>Scene porno e video di sesso ordinati per etichette<\/title>\n<meta name=\"description\" content=\"Tutti i etichette dei nostri video pornografici per poter scegliere la scena e il tipo di video che vuoi vedere, questa \u00e8 la nostra squisita selezione:\" \/>\n<meta name=\"robots\" content=\"index, follow, max-snippet:-1, max-image-preview:large, max-video-preview:-1\" \/>\n<link rel=\"canonical\" href=\"https:\/\/www.beautymovies.com\/it\/video-di-sesso-con-belle-ragazze-nude\/\" \/>\n<meta property=\"og:locale\" content=\"fr_FR\" \/>\n<meta property=\"og:type\" content=\"article\" \/>\n<meta property=\"og:title\" content=\"Scene porno e video di sesso ordinati per etichette\" \/>\n<meta property=\"og:description\" content=\"Tutti i etichette dei nostri video pornografici per poter scegliere la scena e il tipo di video che vuoi vedere, questa \u00e8 la nostra squisita selezione:\" \/>\n<meta property=\"og:url\" content=\"https:\/\/www.beautymovies.com\/it\/video-di-sesso-con-belle-ragazze-nude\/\" \/>\n<meta property=\"og:site_name\" content=\"beautymovies.com\" \/>\n<meta property=\"article:modified_time\" content=\"2020-08-21T17:23:49+00:00\" \/>\n<meta property=\"og:image\" content=\"https:\/\/www.beautymovies.com\/wp-content\/uploads\/2017\/03\/logotipo-grande.jpg\" \/>\n\t<meta property=\"og:image:width\" content=\"556\" \/>\n\t<meta property=\"og:image:height\" content=\"200\" \/>\n\t<meta property=\"og:image:type\" content=\"image\/jpeg\" \/>\n<meta name=\"twitter:card\" content=\"summary_large_image\" \/>\n<meta name=\"twitter:site\" content=\"@BeautyMoviesXXX\" \/>\n<meta name=\"twitter:label1\" content=\"Dur\u00e9e de lecture estim\u00e9e\" \/>\n\t<meta name=\"twitter:data1\" content=\"6 minutes\" \/>\n<script type=\"application\/ld+json\" class=\"yoast-schema-graph\">{\"@context\":\"https:\/\/schema.org\",\"@graph\":[{\"@type\":\"WebPage\",\"@id\":\"https:\/\/www.beautymovies.com\/it\/video-di-sesso-con-belle-ragazze-nude\/\",\"url\":\"https:\/\/www.beautymovies.com\/it\/video-di-sesso-con-belle-ragazze-nude\/\",\"name\":\"Scene porno e video di sesso ordinati per etichette\",\"isPartOf\":{\"@id\":\"https:\/\/www.beautymovies.com\/de\/#website\"},\"primaryImageOfPage\":{\"@id\":\"https:\/\/www.beautymovies.com\/it\/video-di-sesso-con-belle-ragazze-nude\/#primaryimage\"},\"image\":{\"@id\":\"https:\/\/www.beautymovies.com\/it\/video-di-sesso-con-belle-ragazze-nude\/#primaryimage\"},\"thumbnailUrl\":\"https:\/\/www.beautymovies.com\/wp-content\/uploads\/2017\/03\/logotipo-grande.jpg\",\"datePublished\":\"2018-06-19T10:03:05+00:00\",\"dateModified\":\"2020-08-21T17:23:49+00:00\",\"description\":\"Tutti i etichette dei nostri video pornografici per poter scegliere la scena e il tipo di video che vuoi vedere, questa \u00e8 la nostra squisita selezione:\",\"inLanguage\":\"fr-FR\",\"potentialAction\":[{\"@type\":\"ReadAction\",\"target\":[\"https:\/\/www.beautymovies.com\/it\/video-di-sesso-con-belle-ragazze-nude\/\"]}]},{\"@type\":\"ImageObject\",\"inLanguage\":\"fr-FR\",\"@id\":\"https:\/\/www.beautymovies.com\/it\/video-di-sesso-con-belle-ragazze-nude\/#primaryimage\",\"url\":\"https:\/\/www.beautymovies.com\/wp-content\/uploads\/2017\/03\/logotipo-grande.jpg\",\"contentUrl\":\"https:\/\/www.beautymovies.com\/wp-content\/uploads\/2017\/03\/logotipo-grande.jpg\",\"width\":556,\"height\":200,\"caption\":\"logotipo de beautymovies.com\"},{\"@type\":\"WebSite\",\"@id\":\"https:\/\/www.beautymovies.com\/de\/#website\",\"url\":\"https:\/\/www.beautymovies.com\/de\/\",\"name\":\"beautymovies.com\",\"description\":\"La meilleure s\u00e9lection de vid\u00e9os porno en qualit\u00e9 HD sans publicit\u00e9 invasive et avec connexion s\u00e9curis\u00e9e\",\"publisher\":{\"@id\":\"https:\/\/www.beautymovies.com\/de\/#organization\"},\"potentialAction\":[{\"@type\":\"SearchAction\",\"target\":{\"@type\":\"EntryPoint\",\"urlTemplate\":\"https:\/\/www.beautymovies.com\/de\/?s={search_term_string}\"},\"query-input\":{\"@type\":\"PropertyValueSpecification\",\"valueRequired\":true,\"valueName\":\"search_term_string\"}}],\"inLanguage\":\"fr-FR\"},{\"@type\":\"Organization\",\"@id\":\"https:\/\/www.beautymovies.com\/de\/#organization\",\"name\":\"beautymovies.com\",\"url\":\"https:\/\/www.beautymovies.com\/de\/\",\"logo\":{\"@type\":\"ImageObject\",\"inLanguage\":\"fr-FR\",\"@id\":\"https:\/\/www.beautymovies.com\/de\/#\/schema\/logo\/image\/\",\"url\":\"https:\/\/www.beautymovies.com\/wp-content\/uploads\/2019\/04\/logo-end.jpg\",\"contentUrl\":\"https:\/\/www.beautymovies.com\/wp-content\/uploads\/2019\/04\/logo-end.jpg\",\"width\":200,\"height\":73,\"caption\":\"beautymovies.com\"},\"image\":{\"@id\":\"https:\/\/www.beautymovies.com\/de\/#\/schema\/logo\/image\/\"},\"sameAs\":[\"https:\/\/x.com\/BeautyMoviesXXX\"]}]}<\/script>\n<!-- \/ Yoast SEO plugin. -->","yoast_head_json":{"title":"Scene porno e video di sesso ordinati per etichette","description":"Tutti i etichette dei nostri video pornografici per poter scegliere la scena e il tipo di video che vuoi vedere, questa \u00e8 la nostra squisita selezione:","robots":{"index":"index","follow":"follow","max-snippet":"max-snippet:-1","max-image-preview":"max-image-preview:large","max-video-preview":"max-video-preview:-1"},"canonical":"https:\/\/www.beautymovies.com\/it\/video-di-sesso-con-belle-ragazze-nude\/","og_locale":"fr_FR","og_type":"article","og_title":"Scene porno e video di sesso ordinati per etichette","og_description":"Tutti i etichette dei nostri video pornografici per poter scegliere la scena e il tipo di video che vuoi vedere, questa \u00e8 la nostra squisita selezione:","og_url":"https:\/\/www.beautymovies.com\/it\/video-di-sesso-con-belle-ragazze-nude\/","og_site_name":"beautymovies.com","article_modified_time":"2020-08-21T17:23:49+00:00","og_image":[{"width":556,"height":200,"url":"https:\/\/www.beautymovies.com\/wp-content\/uploads\/2017\/03\/logotipo-grande.jpg","type":"image\/jpeg"}],"twitter_card":"summary_large_image","twitter_site":"@BeautyMoviesXXX","twitter_misc":{"Dur\u00e9e de lecture estim\u00e9e":"6 minutes"},"schema":{"@context":"https:\/\/schema.org","@graph":[{"@type":"WebPage","@id":"https:\/\/www.beautymovies.com\/it\/video-di-sesso-con-belle-ragazze-nude\/","url":"https:\/\/www.beautymovies.com\/it\/video-di-sesso-con-belle-ragazze-nude\/","name":"Scene porno e video di sesso ordinati per etichette","isPartOf":{"@id":"https:\/\/www.beautymovies.com\/de\/#website"},"primaryImageOfPage":{"@id":"https:\/\/www.beautymovies.com\/it\/video-di-sesso-con-belle-ragazze-nude\/#primaryimage"},"image":{"@id":"https:\/\/www.beautymovies.com\/it\/video-di-sesso-con-belle-ragazze-nude\/#primaryimage"},"thumbnailUrl":"https:\/\/www.beautymovies.com\/wp-content\/uploads\/2017\/03\/logotipo-grande.jpg","datePublished":"2018-06-19T10:03:05+00:00","dateModified":"2020-08-21T17:23:49+00:00","description":"Tutti i etichette dei nostri video pornografici per poter scegliere la scena e il tipo di video che vuoi vedere, questa \u00e8 la nostra squisita selezione:","inLanguage":"fr-FR","potentialAction":[{"@type":"ReadAction","target":["https:\/\/www.beautymovies.com\/it\/video-di-sesso-con-belle-ragazze-nude\/"]}]},{"@type":"ImageObject","inLanguage":"fr-FR","@id":"https:\/\/www.beautymovies.com\/it\/video-di-sesso-con-belle-ragazze-nude\/#primaryimage","url":"https:\/\/www.beautymovies.com\/wp-content\/uploads\/2017\/03\/logotipo-grande.jpg","contentUrl":"https:\/\/www.beautymovies.com\/wp-content\/uploads\/2017\/03\/logotipo-grande.jpg","width":556,"height":200,"caption":"logotipo de beautymovies.com"},{"@type":"WebSite","@id":"https:\/\/www.beautymovies.com\/de\/#website","url":"https:\/\/www.beautymovies.com\/de\/","name":"beautymovies.com","description":"La meilleure s\u00e9lection de vid\u00e9os porno en qualit\u00e9 HD sans publicit\u00e9 invasive et avec connexion s\u00e9curis\u00e9e","publisher":{"@id":"https:\/\/www.beautymovies.com\/de\/#organization"},"potentialAction":[{"@type":"SearchAction","target":{"@type":"EntryPoint","urlTemplate":"https:\/\/www.beautymovies.com\/de\/?s={search_term_string}"},"query-input":{"@type":"PropertyValueSpecification","valueRequired":true,"valueName":"search_term_string"}}],"inLanguage":"fr-FR"},{"@type":"Organization","@id":"https:\/\/www.beautymovies.com\/de\/#organization","name":"beautymovies.com","url":"https:\/\/www.beautymovies.com\/de\/","logo":{"@type":"ImageObject","inLanguage":"fr-FR","@id":"https:\/\/www.beautymovies.com\/de\/#\/schema\/logo\/image\/","url":"https:\/\/www.beautymovies.com\/wp-content\/uploads\/2019\/04\/logo-end.jpg","contentUrl":"https:\/\/www.beautymovies.com\/wp-content\/uploads\/2019\/04\/logo-end.jpg","width":200,"height":73,"caption":"beautymovies.com"},"image":{"@id":"https:\/\/www.beautymovies.com\/de\/#\/schema\/logo\/image\/"},"sameAs":["https:\/\/x.com\/BeautyMoviesXXX"]}]}},"amp_enabled":false,"_links":{"self":[{"href":"https:\/\/www.beautymovies.com\/fr\/wp-json\/wp\/v2\/pages\/11233","targetHints":{"allow":["GET"]}}],"collection":[{"href":"https:\/\/www.beautymovies.com\/fr\/wp-json\/wp\/v2\/pages"}],"about":[{"href":"https:\/\/www.beautymovies.com\/fr\/wp-json\/wp\/v2\/types\/page"}],"author":[{"embeddable":true,"href":"https:\/\/www.beautymovies.com\/fr\/wp-json\/wp\/v2\/users\/1"}],"replies":[{"embeddable":true,"href":"https:\/\/www.beautymovies.com\/fr\/wp-json\/wp\/v2\/comments?post=11233"}],"version-history":[{"count":0,"href":"https:\/\/www.beautymovies.com\/fr\/wp-json\/wp\/v2\/pages\/11233\/revisions"}],"wp:featuredmedia":[{"embeddable":true,"href":"https:\/\/www.beautymovies.com\/fr\/wp-json\/wp\/v2\/media\/1232"}],"wp:attachment":[{"href":"https:\/\/www.beautymovies.com\/fr\/wp-json\/wp\/v2\/media?parent=11233"}],"curies":[{"name":"wp","href":"https:\/\/api.w.org\/{rel}","templated":true}]}}