{"id":32671,"date":"2026-03-11T20:18:18","date_gmt":"2026-03-11T19:18:18","guid":{"rendered":"https:\/\/www.beautymovies.com\/es\/?page_id=32671"},"modified":"2026-03-25T10:18:52","modified_gmt":"2026-03-25T09:18:52","slug":"espanol-chat-en-vivo","status":"publish","type":"page","link":"https:\/\/www.beautymovies.com\/fr\/chat-en-direct\/","title":{"rendered":"Chat en direct"},"content":{"rendered":"<p>[vc_row][vc_column][vc_column_text]<\/p>\n<h2 style=\"text-align: center;\"><strong><span class=\"HwtZe\" lang=\"fr\"><span class=\"jCAhz ChMk0b\"><span class=\"ryNqvb\">Filles en ligne maintenant<\/span><\/span><\/span><\/strong><\/h2>\n<div class=\"pw1uU\" tabindex=\"0\" aria-hidden=\"true\"><\/div>\n<div class=\"pw1uU\" tabindex=\"0\" aria-hidden=\"true\"><\/div>\n<div class=\"OvtS8d\"><\/div>\n<div id=\"ow24\" class=\"NQSJo\"><\/div>\n<p>[\/vc_column_text][\/vc_column][\/vc_row][vc_row][vc_column width=&#8221;1\/3&#8243;][\/vc_column][vc_column width=&#8221;1\/3&#8243;][vc_btn title=&#8221;ACC\u00c9DER \u00c0 TOUS LES SALONS&#8221; style=&#8221;3d&#8221; shape=&#8221;round&#8221; color=&#8221;danger&#8221; size=&#8221;lg&#8221; align=&#8221;center&#8221; i_type=&#8221;pixelicons&#8221; i_icon_pixelicons=&#8221;vc_pixel_icon vc_pixel_icon-arrow&#8221; css_animation=&#8221;bounceIn&#8221; button_block=&#8221;true&#8221; add_icon=&#8221;true&#8221; link=&#8221;url:https%3A%2F%2Fbongacams11.com%2Ftrack%3Fv%3D2%26c%3D834233|title:ACC%C3%89DER%20%C3%80%20TOUS%20LES%20SALONS|target:_blank|rel:nofollow&#8221;][\/vc_column][vc_column width=&#8221;1\/3&#8243;][\/vc_column][\/vc_row][vc_row][vc_column][vc_raw_html]JTNDc2NyaXB0JTIwdHlwZSUzRCUyMnRleHQlMkZqYXZhc2NyaXB0JTIyJTIwc3JjJTNEJTIyaHR0cHMlM0ElMkYlMkZibmdwcm0uY29tJTJGcHJvbW8ucGhwJTNGYyUzRDgzNDIzMyUyNnR5cGUlM0RlbWJlZF9jaGF0JTI2dG9wX21vZGVsJTNEMSUyNm1vZGVsX29mZmxpbmUlM0Rob21lcGFnZSUyMiUyMGlkJTNEJTIyQkNfRUMlMjIlM0UlM0MlMkZzY3JpcHQlM0U=[\/vc_raw_html][\/vc_column][\/vc_row][vc_row][vc_column width=&#8221;1\/3&#8243;][\/vc_column][vc_column width=&#8221;1\/3&#8243;][vc_btn title=&#8221;ACC\u00c9DER \u00c0 TOUS LES SALONS&#8221; style=&#8221;3d&#8221; shape=&#8221;round&#8221; color=&#8221;danger&#8221; size=&#8221;lg&#8221; align=&#8221;center&#8221; i_type=&#8221;pixelicons&#8221; i_icon_pixelicons=&#8221;vc_pixel_icon vc_pixel_icon-arrow&#8221; css_animation=&#8221;bounceIn&#8221; button_block=&#8221;true&#8221; add_icon=&#8221;true&#8221; link=&#8221;url:https%3A%2F%2Fbongacams11.com%2Ftrack%3Fv%3D2%26c%3D834233|title:ACC%C3%89DER%20%C3%80%20TOUS%20LES%20SALONS|target:_blank|rel:nofollow&#8221;][\/vc_column][vc_column width=&#8221;1\/3&#8243;][\/vc_column][\/vc_row]<\/p>\n","protected":false},"excerpt":{"rendered":"<p>[vc_row][vc_column][vc_column_text] Filles en ligne maintenant [\/vc_column_text][\/vc_column][\/vc_row][vc_row][vc_column width=&#8221;1\/3&#8243;][\/vc_column][vc_column width=&#8221;1\/3&#8243;][vc_btn title=&#8221;ACC\u00c9DER \u00c0 TOUS LES SALONS&#8221; style=&#8221;3d&#8221; shape=&#8221;round&#8221; color=&#8221;danger&#8221; size=&#8221;lg&#8221; align=&#8221;center&#8221; i_type=&#8221;pixelicons&#8221; i_icon_pixelicons=&#8221;vc_pixel_icon vc_pixel_icon-arrow&#8221; css_animation=&#8221;bounceIn&#8221; button_block=&#8221;true&#8221; add_icon=&#8221;true&#8221; link=&#8221;url:https%3A%2F%2Fbongacams11.com%2Ftrack%3Fv%3D2%26c%3D834233|title:ACC%C3%89DER%20%C3%80%20TOUS%20LES%20SALONS|target:_blank|rel:nofollow&#8221;][\/vc_column][vc_column width=&#8221;1\/3&#8243;][\/vc_column][\/vc_row][vc_row][vc_column][vc_raw_html]JTNDc2NyaXB0JTIwdHlwZSUzRCUyMnRleHQlMkZqYXZhc2NyaXB0JTIyJTIwc3JjJTNEJTIyaHR0cHMlM0ElMkYlMkZibmdwcm0uY29tJTJGcHJvbW8ucGhwJTNGYyUzRDgzNDIzMyUyNnR5cGUlM0RlbWJlZF9jaGF0JTI2dG9wX21vZGVsJTNEMSUyNm1vZGVsX29mZmxpbmUlM0Rob21lcGFnZSUyMiUyMGlkJTNEJTIyQkNfRUMlMjIlM0UlM0MlMkZzY3JpcHQlM0U=[\/vc_raw_html][\/vc_column][\/vc_row][vc_row][vc_column width=&#8221;1\/3&#8243;][\/vc_column][vc_column width=&#8221;1\/3&#8243;][vc_btn title=&#8221;ACC\u00c9DER \u00c0 TOUS LES SALONS&#8221; style=&#8221;3d&#8221; shape=&#8221;round&#8221; color=&#8221;danger&#8221; size=&#8221;lg&#8221; align=&#8221;center&#8221; i_type=&#8221;pixelicons&#8221; i_icon_pixelicons=&#8221;vc_pixel_icon vc_pixel_icon-arrow&#8221; css_animation=&#8221;bounceIn&#8221; button_block=&#8221;true&#8221; add_icon=&#8221;true&#8221; link=&#8221;url:https%3A%2F%2Fbongacams11.com%2Ftrack%3Fv%3D2%26c%3D834233|title:ACC%C3%89DER%20%C3%80%20TOUS%20LES%20SALONS|target:_blank|rel:nofollow&#8221;][\/vc_column][vc_column width=&#8221;1\/3&#8243;][\/vc_column][\/vc_row]<\/p>\n","protected":false},"author":1,"featured_media":0,"parent":0,"menu_order":0,"comment_status":"closed","ping_status":"closed","template":"tpl-page-builder-fw.php","meta":{"_acf_changed":false,"_monsterinsights_skip_tracking":false,"_monsterinsights_sitenote_active":false,"_monsterinsights_sitenote_note":"","_monsterinsights_sitenote_category":0,"footnotes":""},"class_list":["post-32671","page","type-page","status-publish","hentry"],"acf":[],"yoast_head":"<!-- This site is optimized with the Yoast SEO plugin v26.9 - https:\/\/yoast.com\/product\/yoast-seo-wordpress\/ -->\n<title>\u25b7The best videos of Chat en direct in high resolution<\/title>\n<meta name=\"description\" content=\"Discover here the Chat en direct videos of the most beautiful and provocative actresses of the erotic cinema in our high-quality and free content.\" \/>\n<meta name=\"robots\" content=\"index, follow, max-snippet:-1, max-image-preview:large, max-video-preview:-1\" \/>\n<link rel=\"canonical\" href=\"https:\/\/www.beautymovies.com\/es\/chat-en-vivo\/\" \/>\n<meta property=\"og:locale\" content=\"fr_FR\" \/>\n<meta property=\"og:type\" content=\"article\" \/>\n<meta property=\"og:title\" content=\"\u25b7The best videos of Chat en direct in high resolution\" \/>\n<meta property=\"og:description\" content=\"Discover here the Chat en direct videos of the most beautiful and provocative actresses of the erotic cinema in our high-quality and free content.\" \/>\n<meta property=\"og:url\" content=\"https:\/\/www.beautymovies.com\/es\/chat-en-vivo\/\" \/>\n<meta property=\"og:site_name\" content=\"beautymovies.com\" \/>\n<meta property=\"article:modified_time\" content=\"2026-03-25T09:18:52+00:00\" \/>\n<meta name=\"twitter:card\" content=\"summary_large_image\" \/>\n<meta name=\"twitter:site\" content=\"@BeautyMoviesXXX\" \/>\n<meta name=\"twitter:label1\" content=\"Dur\u00e9e de lecture estim\u00e9e\" \/>\n\t<meta name=\"twitter:data1\" content=\"1 minute\" \/>\n<script type=\"application\/ld+json\" class=\"yoast-schema-graph\">{\"@context\":\"https:\/\/schema.org\",\"@graph\":[{\"@type\":\"WebPage\",\"@id\":\"https:\/\/www.beautymovies.com\/es\/chat-en-vivo\/\",\"url\":\"https:\/\/www.beautymovies.com\/es\/chat-en-vivo\/\",\"name\":\"\u25b7The best videos of Chat en direct in high resolution\",\"isPartOf\":{\"@id\":\"https:\/\/www.beautymovies.com\/de\/#website\"},\"datePublished\":\"2026-03-11T19:18:18+00:00\",\"dateModified\":\"2026-03-25T09:18:52+00:00\",\"description\":\"Discover here the Chat en direct videos of the most beautiful and provocative actresses of the erotic cinema in our high-quality and free content.\",\"inLanguage\":\"fr-FR\",\"potentialAction\":[{\"@type\":\"ReadAction\",\"target\":[\"https:\/\/www.beautymovies.com\/es\/chat-en-vivo\/\"]}]},{\"@type\":\"WebSite\",\"@id\":\"https:\/\/www.beautymovies.com\/de\/#website\",\"url\":\"https:\/\/www.beautymovies.com\/de\/\",\"name\":\"beautymovies.com\",\"description\":\"La meilleure s\u00e9lection de vid\u00e9os porno en qualit\u00e9 HD sans publicit\u00e9 invasive et avec connexion s\u00e9curis\u00e9e\",\"publisher\":{\"@id\":\"https:\/\/www.beautymovies.com\/de\/#organization\"},\"potentialAction\":[{\"@type\":\"SearchAction\",\"target\":{\"@type\":\"EntryPoint\",\"urlTemplate\":\"https:\/\/www.beautymovies.com\/de\/?s={search_term_string}\"},\"query-input\":{\"@type\":\"PropertyValueSpecification\",\"valueRequired\":true,\"valueName\":\"search_term_string\"}}],\"inLanguage\":\"fr-FR\"},{\"@type\":\"Organization\",\"@id\":\"https:\/\/www.beautymovies.com\/de\/#organization\",\"name\":\"beautymovies.com\",\"url\":\"https:\/\/www.beautymovies.com\/de\/\",\"logo\":{\"@type\":\"ImageObject\",\"inLanguage\":\"fr-FR\",\"@id\":\"https:\/\/www.beautymovies.com\/de\/#\/schema\/logo\/image\/\",\"url\":\"https:\/\/www.beautymovies.com\/wp-content\/uploads\/2019\/04\/logo-end.jpg\",\"contentUrl\":\"https:\/\/www.beautymovies.com\/wp-content\/uploads\/2019\/04\/logo-end.jpg\",\"width\":200,\"height\":73,\"caption\":\"beautymovies.com\"},\"image\":{\"@id\":\"https:\/\/www.beautymovies.com\/de\/#\/schema\/logo\/image\/\"},\"sameAs\":[\"https:\/\/x.com\/BeautyMoviesXXX\"]}]}<\/script>\n<!-- \/ Yoast SEO plugin. -->","yoast_head_json":{"title":"\u25b7The best videos of Chat en direct in high resolution","description":"Discover here the Chat en direct videos of the most beautiful and provocative actresses of the erotic cinema in our high-quality and free content.","robots":{"index":"index","follow":"follow","max-snippet":"max-snippet:-1","max-image-preview":"max-image-preview:large","max-video-preview":"max-video-preview:-1"},"canonical":"https:\/\/www.beautymovies.com\/es\/chat-en-vivo\/","og_locale":"fr_FR","og_type":"article","og_title":"\u25b7The best videos of Chat en direct in high resolution","og_description":"Discover here the Chat en direct videos of the most beautiful and provocative actresses of the erotic cinema in our high-quality and free content.","og_url":"https:\/\/www.beautymovies.com\/es\/chat-en-vivo\/","og_site_name":"beautymovies.com","article_modified_time":"2026-03-25T09:18:52+00:00","twitter_card":"summary_large_image","twitter_site":"@BeautyMoviesXXX","twitter_misc":{"Dur\u00e9e de lecture estim\u00e9e":"1 minute"},"schema":{"@context":"https:\/\/schema.org","@graph":[{"@type":"WebPage","@id":"https:\/\/www.beautymovies.com\/es\/chat-en-vivo\/","url":"https:\/\/www.beautymovies.com\/es\/chat-en-vivo\/","name":"\u25b7The best videos of Chat en direct in high resolution","isPartOf":{"@id":"https:\/\/www.beautymovies.com\/de\/#website"},"datePublished":"2026-03-11T19:18:18+00:00","dateModified":"2026-03-25T09:18:52+00:00","description":"Discover here the Chat en direct videos of the most beautiful and provocative actresses of the erotic cinema in our high-quality and free content.","inLanguage":"fr-FR","potentialAction":[{"@type":"ReadAction","target":["https:\/\/www.beautymovies.com\/es\/chat-en-vivo\/"]}]},{"@type":"WebSite","@id":"https:\/\/www.beautymovies.com\/de\/#website","url":"https:\/\/www.beautymovies.com\/de\/","name":"beautymovies.com","description":"La meilleure s\u00e9lection de vid\u00e9os porno en qualit\u00e9 HD sans publicit\u00e9 invasive et avec connexion s\u00e9curis\u00e9e","publisher":{"@id":"https:\/\/www.beautymovies.com\/de\/#organization"},"potentialAction":[{"@type":"SearchAction","target":{"@type":"EntryPoint","urlTemplate":"https:\/\/www.beautymovies.com\/de\/?s={search_term_string}"},"query-input":{"@type":"PropertyValueSpecification","valueRequired":true,"valueName":"search_term_string"}}],"inLanguage":"fr-FR"},{"@type":"Organization","@id":"https:\/\/www.beautymovies.com\/de\/#organization","name":"beautymovies.com","url":"https:\/\/www.beautymovies.com\/de\/","logo":{"@type":"ImageObject","inLanguage":"fr-FR","@id":"https:\/\/www.beautymovies.com\/de\/#\/schema\/logo\/image\/","url":"https:\/\/www.beautymovies.com\/wp-content\/uploads\/2019\/04\/logo-end.jpg","contentUrl":"https:\/\/www.beautymovies.com\/wp-content\/uploads\/2019\/04\/logo-end.jpg","width":200,"height":73,"caption":"beautymovies.com"},"image":{"@id":"https:\/\/www.beautymovies.com\/de\/#\/schema\/logo\/image\/"},"sameAs":["https:\/\/x.com\/BeautyMoviesXXX"]}]}},"amp_enabled":false,"_links":{"self":[{"href":"https:\/\/www.beautymovies.com\/fr\/wp-json\/wp\/v2\/pages\/32671","targetHints":{"allow":["GET"]}}],"collection":[{"href":"https:\/\/www.beautymovies.com\/fr\/wp-json\/wp\/v2\/pages"}],"about":[{"href":"https:\/\/www.beautymovies.com\/fr\/wp-json\/wp\/v2\/types\/page"}],"author":[{"embeddable":true,"href":"https:\/\/www.beautymovies.com\/fr\/wp-json\/wp\/v2\/users\/1"}],"replies":[{"embeddable":true,"href":"https:\/\/www.beautymovies.com\/fr\/wp-json\/wp\/v2\/comments?post=32671"}],"version-history":[{"count":0,"href":"https:\/\/www.beautymovies.com\/fr\/wp-json\/wp\/v2\/pages\/32671\/revisions"}],"wp:attachment":[{"href":"https:\/\/www.beautymovies.com\/fr\/wp-json\/wp\/v2\/media?parent=32671"}],"curies":[{"name":"wp","href":"https:\/\/api.w.org\/{rel}","templated":true}]}}