{"id":11233,"date":"2018-06-19T12:03:05","date_gmt":"2018-06-19T10:03:05","guid":{"rendered":"https:\/\/www.beautymovies.com\/?page_id=11233"},"modified":"2020-08-21T19:23:49","modified_gmt":"2020-08-21T17:23:49","slug":"tags","status":"publish","type":"page","link":"https:\/\/www.beautymovies.com\/it\/video-di-sesso-con-belle-ragazze-nude\/","title":{"rendered":"Etichette"},"content":{"rendered":"<p>[vc_row][vc_column css_animation=&#8221;none&#8221; offset=&#8221;vc_hidden-lg&#8221; css=&#8221;.vc_custom_1560785431974{margin-top: -50px !important;margin-bottom: -30px !important;}&#8221;][vc_column_text]<\/p>\n<p style=\"text-align: center;\"><div class=\"adsb30\" style=\" margin:0px; text-align:center\"><script async type=\"application\/javascript\" src=\"https:\/\/a.magsrv.com\/ad-provider.js\"><\/script> \r\n <ins class=\"eas6a97888e10\" data-zoneid=\"2718186\" data-keywords=\"keywords\" data-sub=\"123450000\"><\/ins> \r\n <script>(AdProvider = window.AdProvider || []).push({\"serve\": {}});<\/script><\/div>\n<p>[\/vc_column_text][\/vc_column][\/vc_row][vc_row full_width=&#8221;stretch_row_content&#8221;][vc_column css_animation=&#8221;none&#8221; css=&#8221;.vc_custom_1560785451032{margin-top: -20px !important;margin-bottom: -20px !important;}&#8221;][vc_column_text]<\/p>\n<h1 style=\"text-align: center;\"><span class=\"tlid-translation translation\" lang=\"it\"><span class=\"\" title=\"\">Video di sesso con belle ragazze nude<\/span><\/span><\/h1>\n<p>[\/vc_column_text][mars_vc_vt_tag_cloud smallest=&#8221;12&#8243; largest=&#8221;12&#8243; number=&#8221;200&#8243;][\/vc_column][\/vc_row][vc_row full_width=&#8221;stretch_row_content&#8221;][vc_column css_animation=&#8221;none&#8221; offset=&#8221;vc_hidden-md vc_hidden-sm vc_hidden-xs&#8221;][vc_column_text]<div class=\"adsb30\" style=\" margin:12px; text-align:center\"><script async type=\"application\/javascript\" src=\"https:\/\/a.magsrv.com\/ad-provider.js\"><\/script> \r\n <ins class=\"eas6a97888e20\" data-zoneid=\"3423767\" data-keywords=\"keywords\" data-sub=\"123450000\"><\/ins> \r\n <script>(AdProvider = window.AdProvider || []).push({\"serve\": {}});<\/script><\/div>[\/vc_column_text][\/vc_column][\/vc_row][vc_row full_width=&#8221;stretch_row_content&#8221;][vc_column css_animation=&#8221;none&#8221; offset=&#8221;vc_hidden-lg&#8221;][vc_column_text][\/vc_column_text][\/vc_column][\/vc_row][vc_row full_width=&#8221;stretch_row_content&#8221; css_animation=&#8221;none&#8221;][vc_column css_animation=&#8221;none&#8221; offset=&#8221;vc_col-md-12 vc_col-sm-offset-0 vc_col-xs-offset-1 vc_col-xs-10&#8243;][vc_column_text]<\/p>\n<h2 style=\"text-align: center;\">Il sito web con i migliori film x online<\/h2>\n<p>Benvenuto nella sezione in cui troverai tutte le etichette che abbiamo creato sul Web per distribuire in modo specifico e unico tutti i video di sesso che abbiamo sul sito web.<br \/>\nPuoi trovare etichette molto diverse, a seconda del numero di belle ragazze nude che appaiono sullo schermo o in base al busto che hanno le modelle xxx, ma la cosa importante \u00e8 che puoi guardare tutti i film x online gratuitamente, quindi se stai cercando video di sesso, potrai trovare scene sessuali molto specifiche in questa sezione perch\u00e9 qui i film sono online in un modo molto pi\u00f9 concreto e vicino.<br \/>\nAvendo precedentemente ordinato tutti i film x online per categorie ma anche per modelli xxx e ora anche per etichette puoi trovare in modo molto intuitivo e facile tutto quello che stai cercando perch\u00e9 ti mettiamo a portata di mano la pi\u00f9 grande selezione di belle ragazze nude che puoi immaginare da qui vedrai le attrici pi\u00f9 famose del cinema per adulti, ma puoi anche vedere tutti i modelli xxx che ora stanno iniziando a lavorare nel settore del cinema pornografico e stanno cercando di fare un&#8217;ammaccatura in questo mercato competitivo.<br \/>\nQui puoi controllare che i video di sesso che abbiamo sono associati a una parola chiave o una frase molto specifica perch\u00e9 in questo modo puoi trovare quelle belle ragazze nude che stavi cercando mantenendo relazioni in luoghi molto specifici come un&#8217;auto o un ospedale, ma li separiamo anche dal numero di modelli xxx che compaiono nella scena in questione.<br \/>\nCon le etichette gi\u00e0 create prendiamo tutti i film x online che abbiamo in ordine, ma anche nella parte superiore di questa pagina c&#8217;\u00e8 un motore di ricerca in cui puoi scrivere tutto il testo che vuoi, sia dando esempi del nome di un scena particolare in cui le belle ragazze nude che vuoi vedere o qualsiasi posizione sessuale che i nostri modelli xxx hanno fatto e che non trovi in \u200b\u200bnessuno dei tre modi in cui abbiamo ordinato loro tutto il contenuto, perch\u00e9 per noi \u00e8 vitale che gli utenti trovano i video di sesso che bramano.[\/vc_column_text][\/vc_column][\/vc_row][vc_row full_width=&#8221;stretch_row_content&#8221; content_placement=&#8221;middle&#8221;][vc_column css_animation=&#8221;none&#8221; width=&#8221;1\/6&#8243; offset=&#8221;vc_hidden-md vc_hidden-sm vc_hidden-xs&#8221;][\/vc_column][vc_column width=&#8221;2\/3&#8243;][vc_column_text]<div class=\"adsb30\" style=\" margin:0px; margin-right:0px; text-align:right\"><script async type=\"application\/javascript\" src=\"https:\/\/a.magsrv.com\/ad-provider.js\"><\/script> \r\n <ins class=\"eas6a97888e20\" data-zoneid=\"3422213\" data-keywords=\"keywords\" data-sub=\"123450000\"><\/ins> \r\n <script>(AdProvider = window.AdProvider || []).push({\"serve\": {}});<\/script><\/div>[\/vc_column_text][\/vc_column][vc_column width=&#8221;1\/6&#8243;][\/vc_column][\/vc_row][vc_row full_width=&#8221;stretch_row_content&#8221; css_animation=&#8221;none&#8221;][vc_column css_animation=&#8221;none&#8221; offset=&#8221;vc_col-md-12 vc_col-sm-offset-0 vc_col-xs-offset-1 vc_col-xs-10&#8243;][vc_column_text]<\/p>\n<h3 style=\"text-align: center;\">Stupende modelle xxx penetrate<\/h3>\n<p>Se sei un nuovo utente o se sei gi\u00e0 un cliente abituale la prima cosa che attirer\u00e0 la tua attenzione \u00e8 che su questo sito web ci sono i modelli xxx pi\u00f9 belli e prestigiosi dell&#8217;industria cinematografica per adulti, con i quali tutte le belle ragazze nude che vedi sul nostro sito web sono donne che si dedicano professionalmente alla realizzazione di questo tipo di video di sesso e lo fanno liberamente e consapevoli di essere registrate per produrre film x online dal momento che \u00e8 il lavoro che hanno scelto e pubblichiamo solo video di sesso con belle ragazze nude che si dedicano ad esso in modo professionale.<br \/>\nTutti i film x online che abbiamo sono unici in tutta Internet poich\u00e9 modifichiamo tutti i video di sesso che mostriamo e, come abbiamo detto prima, tutti i modelli xxx che troverai qui sono attrici professionisti che si dedicano all&#8217;interpretazione e produrre questo tipo di contenuto.<br \/>\nOgni giorno nuove belle ragazze nude sembrano pronte a girare film x online con cui scegliamo le scene migliori e le pi\u00f9 belle modelle xxx per essere in grado di offrirti i migliori video di sesso e i migliori contenuti poich\u00e9 vediamo che molti siti Web sono saturi di xxx modelle che non valgono la pena o scene in cui le belle ragazze nude non sanno che le stanno registrando, che non ci piacciono, e pubblichiamo solo film online con belle ragazze nude che si dedicano ad esso in modo professionale perch\u00e9 solo in in questo modo possiamo offrirti i video di sesso pi\u00f9 impressionanti e li classifichiamo in un modo molto specifico in modo che tu possa guardare i film x online che stai cercando gratuitamente e in buona qualit\u00e0.[\/vc_column_text][\/vc_column][\/vc_row][vc_row full_width=&#8221;stretch_row_content&#8221;][vc_column css_animation=&#8221;none&#8221; width=&#8221;1\/4&#8243;][vc_column_text]<div class=\"adsb30\" style=\" margin:0px; text-align:center\"><script async type=\"application\/javascript\" src=\"https:\/\/a.magsrv.com\/ad-provider.js\"><\/script> \r\n <ins class=\"eas6a97888e2\" data-zoneid=\"2736954\" data-keywords=\"keywords\" data-sub=\"123450000\"><\/ins> \r\n <script>(AdProvider = window.AdProvider || []).push({\"serve\": {}});<\/script><\/div>[\/vc_column_text][\/vc_column][vc_column css_animation=&#8221;none&#8221; width=&#8221;1\/4&#8243; offset=&#8221;vc_hidden-md vc_hidden-sm vc_hidden-xs&#8221;][vc_column_text]<div class=\"adsb30\" style=\" margin:0px; text-align:center\"><script async type=\"application\/javascript\" src=\"https:\/\/a.magsrv.com\/ad-provider.js\"><\/script> \r\n <ins class=\"eas6a97888e2\" data-zoneid=\"2736946\" data-keywords=\"keywords\" data-sub=\"123450000\"><\/ins> \r\n <script>(AdProvider = window.AdProvider || []).push({\"serve\": {}});<\/script><\/div>[\/vc_column_text][\/vc_column][vc_column css_animation=&#8221;none&#8221; width=&#8221;1\/4&#8243; offset=&#8221;vc_hidden-md vc_hidden-sm vc_hidden-xs&#8221;][vc_column_text]<div class=\"adsb30\" style=\" margin:0px; text-align:center\"><script async type=\"application\/javascript\" src=\"https:\/\/a.magsrv.com\/ad-provider.js\"><\/script> \r\n <ins class=\"eas6a97888e2\" data-zoneid=\"2736954\" data-keywords=\"keywords\" data-sub=\"123450000\"><\/ins> \r\n <script>(AdProvider = window.AdProvider || []).push({\"serve\": {}});<\/script><\/div>[\/vc_column_text][\/vc_column][vc_column css_animation=&#8221;none&#8221; width=&#8221;1\/4&#8243;][vc_column_text]<div class=\"adsb30\" style=\" margin:0px; text-align:center\"><script async type=\"application\/javascript\" src=\"https:\/\/a.magsrv.com\/ad-provider.js\"><\/script> \r\n <ins class=\"eas6a97888e2\" data-zoneid=\"2736946\" data-keywords=\"keywords\" data-sub=\"123450000\"><\/ins> \r\n <script>(AdProvider = window.AdProvider || []).push({\"serve\": {}});<\/script><\/div>[\/vc_column_text][\/vc_column][\/vc_row]<\/p>\n","protected":false},"excerpt":{"rendered":"<p>[vc_row][vc_column css_animation=&#8221;none&#8221; offset=&#8221;vc_hidden-lg&#8221; css=&#8221;.vc_custom_1560785431974{margin-top: -50px !important;margin-bottom: -30px !important;}&#8221;][vc_column_text] [\/vc_column_text][\/vc_column][\/vc_row][vc_row full_width=&#8221;stretch_row_content&#8221;][vc_column css_animation=&#8221;none&#8221; css=&#8221;.vc_custom_1560785451032{margin-top: -20px !important;margin-bottom: -20px !important;}&#8221;][vc_column_text] Video di sesso con belle ragazze nude [\/vc_column_text][mars_vc_vt_tag_cloud smallest=&#8221;12&#8243; largest=&#8221;12&#8243; number=&#8221;200&#8243;][\/vc_column][\/vc_row][vc_row full_width=&#8221;stretch_row_content&#8221;][vc_column css_animation=&#8221;none&#8221; offset=&#8221;vc_hidden-md vc_hidden-sm vc_hidden-xs&#8221;][vc_column_text][\/vc_column_text][\/vc_column][\/vc_row][vc_row full_width=&#8221;stretch_row_content&#8221;][vc_column css_animation=&#8221;none&#8221; offset=&#8221;vc_hidden-lg&#8221;][vc_column_text][\/vc_column_text][\/vc_column][\/vc_row][vc_row full_width=&#8221;stretch_row_content&#8221; css_animation=&#8221;none&#8221;][vc_column css_animation=&#8221;none&#8221; offset=&#8221;vc_col-md-12 vc_col-sm-offset-0 vc_col-xs-offset-1 vc_col-xs-10&#8243;][vc_column_text] Il sito web con i migliori film x online Benvenuto nella sezione in [&hellip;]<\/p>\n","protected":false},"author":1,"featured_media":1232,"parent":0,"menu_order":0,"comment_status":"closed","ping_status":"closed","template":"tpl-page-builder.php","meta":{"_acf_changed":false,"_monsterinsights_skip_tracking":false,"_monsterinsights_sitenote_active":false,"_monsterinsights_sitenote_note":"","_monsterinsights_sitenote_category":0,"footnotes":""},"class_list":["post-11233","page","type-page","status-publish","has-post-thumbnail","hentry"],"acf":[],"yoast_head":"<!-- This site is optimized with the Yoast SEO plugin v26.9 - https:\/\/yoast.com\/product\/yoast-seo-wordpress\/ -->\n<title>Scene porno e video di sesso ordinati per etichette<\/title>\n<meta name=\"description\" content=\"Tutti i etichette dei nostri video pornografici per poter scegliere la scena e il tipo di video che vuoi vedere, questa \u00e8 la nostra squisita selezione:\" \/>\n<meta name=\"robots\" content=\"index, follow, max-snippet:-1, max-image-preview:large, max-video-preview:-1\" \/>\n<link rel=\"canonical\" href=\"https:\/\/www.beautymovies.com\/it\/video-di-sesso-con-belle-ragazze-nude\/\" \/>\n<meta property=\"og:locale\" content=\"it_IT\" \/>\n<meta property=\"og:type\" content=\"article\" \/>\n<meta property=\"og:title\" content=\"Scene porno e video di sesso ordinati per etichette\" \/>\n<meta property=\"og:description\" content=\"Tutti i etichette dei nostri video pornografici per poter scegliere la scena e il tipo di video che vuoi vedere, questa \u00e8 la nostra squisita selezione:\" \/>\n<meta property=\"og:url\" content=\"https:\/\/www.beautymovies.com\/it\/video-di-sesso-con-belle-ragazze-nude\/\" \/>\n<meta property=\"og:site_name\" content=\"beautymovies.com\" \/>\n<meta property=\"article:modified_time\" content=\"2020-08-21T17:23:49+00:00\" \/>\n<meta property=\"og:image\" content=\"https:\/\/www.beautymovies.com\/wp-content\/uploads\/2017\/03\/logotipo-grande.jpg\" \/>\n\t<meta property=\"og:image:width\" content=\"556\" \/>\n\t<meta property=\"og:image:height\" content=\"200\" \/>\n\t<meta property=\"og:image:type\" content=\"image\/jpeg\" \/>\n<meta name=\"twitter:card\" content=\"summary_large_image\" \/>\n<meta name=\"twitter:site\" content=\"@BeautyMoviesXXX\" \/>\n<meta name=\"twitter:label1\" content=\"Tempo di lettura stimato\" \/>\n\t<meta name=\"twitter:data1\" content=\"5 minuti\" \/>\n<script type=\"application\/ld+json\" class=\"yoast-schema-graph\">{\"@context\":\"https:\/\/schema.org\",\"@graph\":[{\"@type\":\"WebPage\",\"@id\":\"https:\/\/www.beautymovies.com\/it\/video-di-sesso-con-belle-ragazze-nude\/\",\"url\":\"https:\/\/www.beautymovies.com\/it\/video-di-sesso-con-belle-ragazze-nude\/\",\"name\":\"Scene porno e video di sesso ordinati per etichette\",\"isPartOf\":{\"@id\":\"https:\/\/www.beautymovies.com\/de\/#website\"},\"primaryImageOfPage\":{\"@id\":\"https:\/\/www.beautymovies.com\/it\/video-di-sesso-con-belle-ragazze-nude\/#primaryimage\"},\"image\":{\"@id\":\"https:\/\/www.beautymovies.com\/it\/video-di-sesso-con-belle-ragazze-nude\/#primaryimage\"},\"thumbnailUrl\":\"https:\/\/www.beautymovies.com\/wp-content\/uploads\/2017\/03\/logotipo-grande.jpg\",\"datePublished\":\"2018-06-19T10:03:05+00:00\",\"dateModified\":\"2020-08-21T17:23:49+00:00\",\"description\":\"Tutti i etichette dei nostri video pornografici per poter scegliere la scena e il tipo di video che vuoi vedere, questa \u00e8 la nostra squisita selezione:\",\"inLanguage\":\"it-IT\",\"potentialAction\":[{\"@type\":\"ReadAction\",\"target\":[\"https:\/\/www.beautymovies.com\/it\/video-di-sesso-con-belle-ragazze-nude\/\"]}]},{\"@type\":\"ImageObject\",\"inLanguage\":\"it-IT\",\"@id\":\"https:\/\/www.beautymovies.com\/it\/video-di-sesso-con-belle-ragazze-nude\/#primaryimage\",\"url\":\"https:\/\/www.beautymovies.com\/wp-content\/uploads\/2017\/03\/logotipo-grande.jpg\",\"contentUrl\":\"https:\/\/www.beautymovies.com\/wp-content\/uploads\/2017\/03\/logotipo-grande.jpg\",\"width\":556,\"height\":200,\"caption\":\"logotipo de beautymovies.com\"},{\"@type\":\"WebSite\",\"@id\":\"https:\/\/www.beautymovies.com\/de\/#website\",\"url\":\"https:\/\/www.beautymovies.com\/de\/\",\"name\":\"beautymovies.com\",\"description\":\"La migliore selezione di video porno in qualit\u00e0 HD senza pubblicit\u00e0 invasiva e con connessione sicura\",\"publisher\":{\"@id\":\"https:\/\/www.beautymovies.com\/de\/#organization\"},\"potentialAction\":[{\"@type\":\"SearchAction\",\"target\":{\"@type\":\"EntryPoint\",\"urlTemplate\":\"https:\/\/www.beautymovies.com\/de\/?s={search_term_string}\"},\"query-input\":{\"@type\":\"PropertyValueSpecification\",\"valueRequired\":true,\"valueName\":\"search_term_string\"}}],\"inLanguage\":\"it-IT\"},{\"@type\":\"Organization\",\"@id\":\"https:\/\/www.beautymovies.com\/de\/#organization\",\"name\":\"beautymovies.com\",\"url\":\"https:\/\/www.beautymovies.com\/de\/\",\"logo\":{\"@type\":\"ImageObject\",\"inLanguage\":\"it-IT\",\"@id\":\"https:\/\/www.beautymovies.com\/de\/#\/schema\/logo\/image\/\",\"url\":\"https:\/\/www.beautymovies.com\/wp-content\/uploads\/2019\/04\/logo-end.jpg\",\"contentUrl\":\"https:\/\/www.beautymovies.com\/wp-content\/uploads\/2019\/04\/logo-end.jpg\",\"width\":200,\"height\":73,\"caption\":\"beautymovies.com\"},\"image\":{\"@id\":\"https:\/\/www.beautymovies.com\/de\/#\/schema\/logo\/image\/\"},\"sameAs\":[\"https:\/\/x.com\/BeautyMoviesXXX\"]}]}<\/script>\n<!-- \/ Yoast SEO plugin. -->","yoast_head_json":{"title":"Scene porno e video di sesso ordinati per etichette","description":"Tutti i etichette dei nostri video pornografici per poter scegliere la scena e il tipo di video che vuoi vedere, questa \u00e8 la nostra squisita selezione:","robots":{"index":"index","follow":"follow","max-snippet":"max-snippet:-1","max-image-preview":"max-image-preview:large","max-video-preview":"max-video-preview:-1"},"canonical":"https:\/\/www.beautymovies.com\/it\/video-di-sesso-con-belle-ragazze-nude\/","og_locale":"it_IT","og_type":"article","og_title":"Scene porno e video di sesso ordinati per etichette","og_description":"Tutti i etichette dei nostri video pornografici per poter scegliere la scena e il tipo di video che vuoi vedere, questa \u00e8 la nostra squisita selezione:","og_url":"https:\/\/www.beautymovies.com\/it\/video-di-sesso-con-belle-ragazze-nude\/","og_site_name":"beautymovies.com","article_modified_time":"2020-08-21T17:23:49+00:00","og_image":[{"width":556,"height":200,"url":"https:\/\/www.beautymovies.com\/wp-content\/uploads\/2017\/03\/logotipo-grande.jpg","type":"image\/jpeg"}],"twitter_card":"summary_large_image","twitter_site":"@BeautyMoviesXXX","twitter_misc":{"Tempo di lettura stimato":"5 minuti"},"schema":{"@context":"https:\/\/schema.org","@graph":[{"@type":"WebPage","@id":"https:\/\/www.beautymovies.com\/it\/video-di-sesso-con-belle-ragazze-nude\/","url":"https:\/\/www.beautymovies.com\/it\/video-di-sesso-con-belle-ragazze-nude\/","name":"Scene porno e video di sesso ordinati per etichette","isPartOf":{"@id":"https:\/\/www.beautymovies.com\/de\/#website"},"primaryImageOfPage":{"@id":"https:\/\/www.beautymovies.com\/it\/video-di-sesso-con-belle-ragazze-nude\/#primaryimage"},"image":{"@id":"https:\/\/www.beautymovies.com\/it\/video-di-sesso-con-belle-ragazze-nude\/#primaryimage"},"thumbnailUrl":"https:\/\/www.beautymovies.com\/wp-content\/uploads\/2017\/03\/logotipo-grande.jpg","datePublished":"2018-06-19T10:03:05+00:00","dateModified":"2020-08-21T17:23:49+00:00","description":"Tutti i etichette dei nostri video pornografici per poter scegliere la scena e il tipo di video che vuoi vedere, questa \u00e8 la nostra squisita selezione:","inLanguage":"it-IT","potentialAction":[{"@type":"ReadAction","target":["https:\/\/www.beautymovies.com\/it\/video-di-sesso-con-belle-ragazze-nude\/"]}]},{"@type":"ImageObject","inLanguage":"it-IT","@id":"https:\/\/www.beautymovies.com\/it\/video-di-sesso-con-belle-ragazze-nude\/#primaryimage","url":"https:\/\/www.beautymovies.com\/wp-content\/uploads\/2017\/03\/logotipo-grande.jpg","contentUrl":"https:\/\/www.beautymovies.com\/wp-content\/uploads\/2017\/03\/logotipo-grande.jpg","width":556,"height":200,"caption":"logotipo de beautymovies.com"},{"@type":"WebSite","@id":"https:\/\/www.beautymovies.com\/de\/#website","url":"https:\/\/www.beautymovies.com\/de\/","name":"beautymovies.com","description":"La migliore selezione di video porno in qualit\u00e0 HD senza pubblicit\u00e0 invasiva e con connessione sicura","publisher":{"@id":"https:\/\/www.beautymovies.com\/de\/#organization"},"potentialAction":[{"@type":"SearchAction","target":{"@type":"EntryPoint","urlTemplate":"https:\/\/www.beautymovies.com\/de\/?s={search_term_string}"},"query-input":{"@type":"PropertyValueSpecification","valueRequired":true,"valueName":"search_term_string"}}],"inLanguage":"it-IT"},{"@type":"Organization","@id":"https:\/\/www.beautymovies.com\/de\/#organization","name":"beautymovies.com","url":"https:\/\/www.beautymovies.com\/de\/","logo":{"@type":"ImageObject","inLanguage":"it-IT","@id":"https:\/\/www.beautymovies.com\/de\/#\/schema\/logo\/image\/","url":"https:\/\/www.beautymovies.com\/wp-content\/uploads\/2019\/04\/logo-end.jpg","contentUrl":"https:\/\/www.beautymovies.com\/wp-content\/uploads\/2019\/04\/logo-end.jpg","width":200,"height":73,"caption":"beautymovies.com"},"image":{"@id":"https:\/\/www.beautymovies.com\/de\/#\/schema\/logo\/image\/"},"sameAs":["https:\/\/x.com\/BeautyMoviesXXX"]}]}},"amp_enabled":false,"_links":{"self":[{"href":"https:\/\/www.beautymovies.com\/it\/wp-json\/wp\/v2\/pages\/11233","targetHints":{"allow":["GET"]}}],"collection":[{"href":"https:\/\/www.beautymovies.com\/it\/wp-json\/wp\/v2\/pages"}],"about":[{"href":"https:\/\/www.beautymovies.com\/it\/wp-json\/wp\/v2\/types\/page"}],"author":[{"embeddable":true,"href":"https:\/\/www.beautymovies.com\/it\/wp-json\/wp\/v2\/users\/1"}],"replies":[{"embeddable":true,"href":"https:\/\/www.beautymovies.com\/it\/wp-json\/wp\/v2\/comments?post=11233"}],"version-history":[{"count":0,"href":"https:\/\/www.beautymovies.com\/it\/wp-json\/wp\/v2\/pages\/11233\/revisions"}],"wp:featuredmedia":[{"embeddable":true,"href":"https:\/\/www.beautymovies.com\/it\/wp-json\/wp\/v2\/media\/1232"}],"wp:attachment":[{"href":"https:\/\/www.beautymovies.com\/it\/wp-json\/wp\/v2\/media?parent=11233"}],"curies":[{"name":"wp","href":"https:\/\/api.w.org\/{rel}","templated":true}]}}