{"id":11233,"date":"2018-06-19T12:03:05","date_gmt":"2018-06-19T10:03:05","guid":{"rendered":"https:\/\/www.beautymovies.com\/?page_id=11233"},"modified":"2020-08-21T19:23:49","modified_gmt":"2020-08-21T17:23:49","slug":"tags","status":"publish","type":"page","link":"https:\/\/www.beautymovies.com\/pt\/videos-de-sexo-com-lindas-garotas-nuas\/","title":{"rendered":"R\u00f3tulos"},"content":{"rendered":"<p>[vc_row][vc_column css_animation=&#8221;none&#8221; offset=&#8221;vc_hidden-lg&#8221; css=&#8221;.vc_custom_1560785465152{margin-top: -50px !important;margin-bottom: -30px !important;}&#8221;][vc_column_text]<\/p>\n<p style=\"text-align: center;\"><div class=\"adsb30\" style=\" margin:0px; text-align:center\"><script async type=\"application\/javascript\" src=\"https:\/\/a.magsrv.com\/ad-provider.js\"><\/script> \r\n <ins class=\"eas6a97888e10\" data-zoneid=\"2718186\" data-keywords=\"keywords\" data-sub=\"123450000\"><\/ins> \r\n <script>(AdProvider = window.AdProvider || []).push({\"serve\": {}});<\/script><\/div>\n<p>[\/vc_column_text][\/vc_column][\/vc_row][vc_row full_width=&#8221;stretch_row_content&#8221;][vc_column css_animation=&#8221;none&#8221; css=&#8221;.vc_custom_1560785485943{margin-top: -20px !important;margin-bottom: -20px !important;}&#8221;][vc_column_text]<\/p>\n<div class=\"text-wrap tlid-copy-target\">\n<h1 class=\"result-shield-container tlid-copy-target\" style=\"text-align: center;\" tabindex=\"0\"><span class=\"tlid-translation translation\" lang=\"pt\"><span class=\"\" title=\"\">V\u00eddeos de sexo com lindas garotas nuas<\/span><\/span><\/h1>\n<\/div>\n<p>[\/vc_column_text][mars_vc_vt_tag_cloud smallest=&#8221;12&#8243; largest=&#8221;12&#8243; number=&#8221;200&#8243;][\/vc_column][\/vc_row][vc_row full_width=&#8221;stretch_row_content&#8221;][vc_column css_animation=&#8221;none&#8221; offset=&#8221;vc_hidden-md vc_hidden-sm vc_hidden-xs&#8221;][vc_column_text]<div class=\"adsb30\" style=\" margin:12px; text-align:center\"><script async type=\"application\/javascript\" src=\"https:\/\/a.magsrv.com\/ad-provider.js\"><\/script> \r\n <ins class=\"eas6a97888e20\" data-zoneid=\"3423767\" data-keywords=\"keywords\" data-sub=\"123450000\"><\/ins> \r\n <script>(AdProvider = window.AdProvider || []).push({\"serve\": {}});<\/script><\/div>[\/vc_column_text][\/vc_column][\/vc_row][vc_row full_width=&#8221;stretch_row_content&#8221;][vc_column css_animation=&#8221;none&#8221; offset=&#8221;vc_hidden-lg&#8221;][vc_column_text][\/vc_column_text][\/vc_column][\/vc_row][vc_row full_width=&#8221;stretch_row_content&#8221; css_animation=&#8221;none&#8221;][vc_column css_animation=&#8221;none&#8221; offset=&#8221;vc_col-md-12 vc_col-sm-offset-0 vc_col-xs-offset-1 vc_col-xs-10&#8243;][vc_column_text]<\/p>\n<h2 style=\"text-align: center;\">O site com os melhores filmes x online<\/h2>\n<p>Bem-vindo \u00e0 se\u00e7\u00e3o onde voc\u00ea encontrar\u00e1 todos os r\u00f3tulos que criamos na web para distribuir espec\u00edfica e exclusivamente todos os v\u00eddeos de sexo que temos no site.<br \/>\nVoc\u00ea pode encontrar r\u00f3tulos muito diferentes, dependendo do n\u00famero de lindas garotas nuas que aparecem na tela ou do busto das modelos xxx, mas o importante \u00e9 que voc\u00ea pode assistir a todos os filmes x online de gra\u00e7a, ent\u00e3o se voc\u00ea estiver procurando v\u00eddeos de sexo, poder\u00e1 encontrar cenas sexuais muito espec\u00edficas nesta se\u00e7\u00e3o, porque aqui os filmes x online de uma maneira muito mais concreta e pr\u00f3xima.<br \/>\nDepois de encomendar todos os x filmes on-line por categorias, mas tamb\u00e9m por modelos xxx e agora tamb\u00e9m por r\u00f3tulos, voc\u00ea pode encontrar de maneira muito intuitiva e f\u00e1cil tudo o que procura, porque colocamos ao seu alcance a maior sele\u00e7\u00e3o de lindas garotas nuas que voc\u00ea pode imaginar desde aqui. ver\u00e1 as atrizes mais famosas do cinema adulto, mas tamb\u00e9m \u00e9 poss\u00edvel ver todos os modelos xxx que agora est\u00e3o come\u00e7ando a trabalhar na ind\u00fastria de filmes pornogr\u00e1ficos e est\u00e3o tentando fazer um buraco nesse mercado competitivo.<br \/>\nAqui, voc\u00ea pode verificar se os v\u00eddeos de sexo que temos est\u00e3o associados a uma palavra-chave ou uma frase muito espec\u00edfica, pois, dessa maneira, voc\u00ea pode encontrar aquelas lindas garotas nuas que estava procurando, mantendo relacionamentos em locais muito espec\u00edficos, como um carro ou um hospital, mas tamb\u00e9m os separamos pelo n\u00famero de modelos xxx que aparecem na cena em quest\u00e3o.<br \/>\nCom os r\u00f3tulos j\u00e1 criados, colocamos todos os filmes x online que temos em ordem, mas tamb\u00e9m no topo desta p\u00e1gina h\u00e1 um mecanismo de pesquisa onde voc\u00ea pode escrever todo o texto que desejar, dando exemplos do nome de um cena particular em que as lindas garotas nuas que voc\u00ea quer ver ou qualquer posi\u00e7\u00e3o sexual que nossas modelos xxx fizeram e que voc\u00ea n\u00e3o encontra em nenhuma das tr\u00eas maneiras pelas quais pedimos todo o conte\u00fado, porque para n\u00f3s \u00e9 vital que os usu\u00e1rios encontrem os v\u00eddeos de sexo que desejam.[\/vc_column_text][\/vc_column][\/vc_row][vc_row full_width=&#8221;stretch_row_content&#8221; content_placement=&#8221;middle&#8221;][vc_column css_animation=&#8221;none&#8221; width=&#8221;1\/6&#8243; offset=&#8221;vc_hidden-md vc_hidden-sm vc_hidden-xs&#8221;][\/vc_column][vc_column width=&#8221;2\/3&#8243;][vc_column_text]<div class=\"adsb30\" style=\" margin:0px; margin-right:0px; text-align:right\"><script async type=\"application\/javascript\" src=\"https:\/\/a.magsrv.com\/ad-provider.js\"><\/script> \r\n <ins class=\"eas6a97888e20\" data-zoneid=\"3422213\" data-keywords=\"keywords\" data-sub=\"123450000\"><\/ins> \r\n <script>(AdProvider = window.AdProvider || []).push({\"serve\": {}});<\/script><\/div>[\/vc_column_text][\/vc_column][vc_column width=&#8221;1\/6&#8243;][\/vc_column][\/vc_row][vc_row full_width=&#8221;stretch_row_content&#8221; content_placement=&#8221;middle&#8221; css_animation=&#8221;none&#8221;][vc_column css_animation=&#8221;none&#8221; offset=&#8221;vc_col-md-12 vc_col-sm-offset-0 vc_col-xs-offset-1 vc_col-xs-10&#8243;][vc_column_text]<\/p>\n<h3 style=\"text-align: center;\">Lindas modelos xxx sendo penetrada<\/h3>\n<p>Se voc\u00ea \u00e9 um usu\u00e1rio novo ou j\u00e1 \u00e9 um cliente comum, a primeira coisa que chama sua aten\u00e7\u00e3o \u00e9 que neste site existem os modelos xxx mais bonitos e mais prestigiados da ind\u00fastria cinematogr\u00e1fica adulta, com os quais todas as lindas garotas nuas que voc\u00ea v\u00ea em nosso site s\u00e3o mulheres profissionalmente dedicadas a fazer esse tipo de v\u00eddeo de sexo, e o fazem livremente e cientes de que s\u00e3o gravadas para produzir x filmes on-line, j\u00e1 que esse \u00e9 o trabalho que eles escolheram e publicamos apenas v\u00eddeos lindas garotas nuas que se dedicam a ele de maneira profissional.<br \/>\nTodos os filmes x online que temos s\u00e3o \u00fanicos em toda a Internet, uma vez que editamos todos e cada um dos v\u00eddeos de sexo que mostramos e, como dissemos antes, todos os modelos xxx que voc\u00ea encontrar\u00e1 aqui s\u00e3o atrizes profissionais dedicadas \u00e0 interpreta\u00e7\u00e3o e produza esse tipo de conte\u00fado.<br \/>\nTodos os dias novas garotas nuas lindas parecem prontas para gravar filmes x online, com as quais escolhemos as melhores cenas e os modelos xxx mais bonitos para poder oferecer a voc\u00ea os melhores v\u00eddeos de sexo e o melhor conte\u00fado, pois vemos que muitos sites est\u00e3o saturados de xxx modelos que n\u00e3o valem a pena ou cenas em que as lindas garotas nuas n\u00e3o sabem que est\u00e3o gravando, das quais n\u00e3o gostamos, e s\u00f3 publicamos filmes online com lindas garotas nuas que se dedicam a ele de maneira profissional, porque apenas Dessa forma, podemos oferecer-lhe os v\u00eddeos de sexo mais impressionantes e os classificamos de uma maneira muito espec\u00edfica, para que voc\u00ea possa assistir aos filmes x online que voc\u00ea est\u00e1 procurando de gra\u00e7a e de boa qualidade.[\/vc_column_text][\/vc_column][\/vc_row][vc_row full_width=&#8221;stretch_row_content&#8221;][vc_column css_animation=&#8221;none&#8221; width=&#8221;1\/4&#8243;][vc_column_text]<div class=\"adsb30\" style=\" margin:0px; text-align:center\"><script async type=\"application\/javascript\" src=\"https:\/\/a.magsrv.com\/ad-provider.js\"><\/script> \r\n <ins class=\"eas6a97888e2\" data-zoneid=\"2736954\" data-keywords=\"keywords\" data-sub=\"123450000\"><\/ins> \r\n <script>(AdProvider = window.AdProvider || []).push({\"serve\": {}});<\/script><\/div>[\/vc_column_text][\/vc_column][vc_column css_animation=&#8221;none&#8221; width=&#8221;1\/4&#8243; offset=&#8221;vc_hidden-md vc_hidden-sm vc_hidden-xs&#8221;][vc_column_text]<div class=\"adsb30\" style=\" margin:0px; text-align:center\"><script async type=\"application\/javascript\" src=\"https:\/\/a.magsrv.com\/ad-provider.js\"><\/script> \r\n <ins class=\"eas6a97888e2\" data-zoneid=\"2736946\" data-keywords=\"keywords\" data-sub=\"123450000\"><\/ins> \r\n <script>(AdProvider = window.AdProvider || []).push({\"serve\": {}});<\/script><\/div>[\/vc_column_text][\/vc_column][vc_column css_animation=&#8221;none&#8221; width=&#8221;1\/4&#8243; offset=&#8221;vc_hidden-md vc_hidden-sm vc_hidden-xs&#8221;][vc_column_text]<div class=\"adsb30\" style=\" margin:0px; text-align:center\"><script async type=\"application\/javascript\" src=\"https:\/\/a.magsrv.com\/ad-provider.js\"><\/script> \r\n <ins class=\"eas6a97888e2\" data-zoneid=\"2736954\" data-keywords=\"keywords\" data-sub=\"123450000\"><\/ins> \r\n <script>(AdProvider = window.AdProvider || []).push({\"serve\": {}});<\/script><\/div>[\/vc_column_text][\/vc_column][vc_column css_animation=&#8221;none&#8221; width=&#8221;1\/4&#8243;][vc_column_text]<div class=\"adsb30\" style=\" margin:0px; text-align:center\"><script async type=\"application\/javascript\" src=\"https:\/\/a.magsrv.com\/ad-provider.js\"><\/script> \r\n <ins class=\"eas6a97888e2\" data-zoneid=\"2736946\" data-keywords=\"keywords\" data-sub=\"123450000\"><\/ins> \r\n <script>(AdProvider = window.AdProvider || []).push({\"serve\": {}});<\/script><\/div>[\/vc_column_text][\/vc_column][\/vc_row]<\/p>\n","protected":false},"excerpt":{"rendered":"<p>[vc_row][vc_column css_animation=&#8221;none&#8221; offset=&#8221;vc_hidden-lg&#8221; css=&#8221;.vc_custom_1560785465152{margin-top: -50px !important;margin-bottom: -30px !important;}&#8221;][vc_column_text] [\/vc_column_text][\/vc_column][\/vc_row][vc_row full_width=&#8221;stretch_row_content&#8221;][vc_column css_animation=&#8221;none&#8221; css=&#8221;.vc_custom_1560785485943{margin-top: -20px !important;margin-bottom: -20px !important;}&#8221;][vc_column_text] V\u00eddeos de sexo com lindas garotas nuas [\/vc_column_text][mars_vc_vt_tag_cloud smallest=&#8221;12&#8243; largest=&#8221;12&#8243; number=&#8221;200&#8243;][\/vc_column][\/vc_row][vc_row full_width=&#8221;stretch_row_content&#8221;][vc_column css_animation=&#8221;none&#8221; offset=&#8221;vc_hidden-md vc_hidden-sm vc_hidden-xs&#8221;][vc_column_text][\/vc_column_text][\/vc_column][\/vc_row][vc_row full_width=&#8221;stretch_row_content&#8221;][vc_column css_animation=&#8221;none&#8221; offset=&#8221;vc_hidden-lg&#8221;][vc_column_text][\/vc_column_text][\/vc_column][\/vc_row][vc_row full_width=&#8221;stretch_row_content&#8221; css_animation=&#8221;none&#8221;][vc_column css_animation=&#8221;none&#8221; offset=&#8221;vc_col-md-12 vc_col-sm-offset-0 vc_col-xs-offset-1 vc_col-xs-10&#8243;][vc_column_text] O site com os melhores filmes x online Bem-vindo \u00e0 se\u00e7\u00e3o onde voc\u00ea [&hellip;]<\/p>\n","protected":false},"author":1,"featured_media":1232,"parent":0,"menu_order":0,"comment_status":"closed","ping_status":"closed","template":"tpl-page-builder.php","meta":{"_acf_changed":false,"_monsterinsights_skip_tracking":false,"_monsterinsights_sitenote_active":false,"_monsterinsights_sitenote_note":"","_monsterinsights_sitenote_category":0,"footnotes":""},"class_list":["post-11233","page","type-page","status-publish","has-post-thumbnail","hentry"],"acf":[],"yoast_head":"<!-- This site is optimized with the Yoast SEO plugin v26.9 - https:\/\/yoast.com\/product\/yoast-seo-wordpress\/ -->\n<title>Scene porno e video di sesso ordinati per etichette<\/title>\n<meta name=\"description\" content=\"Tutti i etichette dei nostri video pornografici per poter scegliere la scena e il tipo di video che vuoi vedere, questa \u00e8 la nostra squisita selezione:\" \/>\n<meta name=\"robots\" content=\"index, follow, max-snippet:-1, max-image-preview:large, max-video-preview:-1\" \/>\n<link rel=\"canonical\" href=\"https:\/\/www.beautymovies.com\/it\/video-di-sesso-con-belle-ragazze-nude\/\" \/>\n<meta property=\"og:locale\" content=\"pt_PT\" \/>\n<meta property=\"og:type\" content=\"article\" \/>\n<meta property=\"og:title\" content=\"Scene porno e video di sesso ordinati per etichette\" \/>\n<meta property=\"og:description\" content=\"Tutti i etichette dei nostri video pornografici per poter scegliere la scena e il tipo di video che vuoi vedere, questa \u00e8 la nostra squisita selezione:\" \/>\n<meta property=\"og:url\" content=\"https:\/\/www.beautymovies.com\/it\/video-di-sesso-con-belle-ragazze-nude\/\" \/>\n<meta property=\"og:site_name\" content=\"beautymovies.com\" \/>\n<meta property=\"article:modified_time\" content=\"2020-08-21T17:23:49+00:00\" \/>\n<meta property=\"og:image\" content=\"https:\/\/www.beautymovies.com\/wp-content\/uploads\/2017\/03\/logotipo-grande.jpg\" \/>\n\t<meta property=\"og:image:width\" content=\"556\" \/>\n\t<meta property=\"og:image:height\" content=\"200\" \/>\n\t<meta property=\"og:image:type\" content=\"image\/jpeg\" \/>\n<meta name=\"twitter:card\" content=\"summary_large_image\" \/>\n<meta name=\"twitter:site\" content=\"@BeautyMoviesXXX\" \/>\n<meta name=\"twitter:label1\" content=\"Tempo estimado de leitura\" \/>\n\t<meta name=\"twitter:data1\" content=\"5 minutos\" \/>\n<script type=\"application\/ld+json\" class=\"yoast-schema-graph\">{\"@context\":\"https:\/\/schema.org\",\"@graph\":[{\"@type\":\"WebPage\",\"@id\":\"https:\/\/www.beautymovies.com\/it\/video-di-sesso-con-belle-ragazze-nude\/\",\"url\":\"https:\/\/www.beautymovies.com\/it\/video-di-sesso-con-belle-ragazze-nude\/\",\"name\":\"Scene porno e video di sesso ordinati per etichette\",\"isPartOf\":{\"@id\":\"https:\/\/www.beautymovies.com\/de\/#website\"},\"primaryImageOfPage\":{\"@id\":\"https:\/\/www.beautymovies.com\/it\/video-di-sesso-con-belle-ragazze-nude\/#primaryimage\"},\"image\":{\"@id\":\"https:\/\/www.beautymovies.com\/it\/video-di-sesso-con-belle-ragazze-nude\/#primaryimage\"},\"thumbnailUrl\":\"https:\/\/www.beautymovies.com\/wp-content\/uploads\/2017\/03\/logotipo-grande.jpg\",\"datePublished\":\"2018-06-19T10:03:05+00:00\",\"dateModified\":\"2020-08-21T17:23:49+00:00\",\"description\":\"Tutti i etichette dei nostri video pornografici per poter scegliere la scena e il tipo di video che vuoi vedere, questa \u00e8 la nostra squisita selezione:\",\"inLanguage\":\"pt-PT\",\"potentialAction\":[{\"@type\":\"ReadAction\",\"target\":[\"https:\/\/www.beautymovies.com\/it\/video-di-sesso-con-belle-ragazze-nude\/\"]}]},{\"@type\":\"ImageObject\",\"inLanguage\":\"pt-PT\",\"@id\":\"https:\/\/www.beautymovies.com\/it\/video-di-sesso-con-belle-ragazze-nude\/#primaryimage\",\"url\":\"https:\/\/www.beautymovies.com\/wp-content\/uploads\/2017\/03\/logotipo-grande.jpg\",\"contentUrl\":\"https:\/\/www.beautymovies.com\/wp-content\/uploads\/2017\/03\/logotipo-grande.jpg\",\"width\":556,\"height\":200,\"caption\":\"logotipo de beautymovies.com\"},{\"@type\":\"WebSite\",\"@id\":\"https:\/\/www.beautymovies.com\/de\/#website\",\"url\":\"https:\/\/www.beautymovies.com\/de\/\",\"name\":\"beautymovies.com\",\"description\":\"A melhor sele\u00e7\u00e3o de v\u00eddeos pornogr\u00e1ficos em qualidade HD sem publicidade invasiva e com conex\u00e3o segura\",\"publisher\":{\"@id\":\"https:\/\/www.beautymovies.com\/de\/#organization\"},\"potentialAction\":[{\"@type\":\"SearchAction\",\"target\":{\"@type\":\"EntryPoint\",\"urlTemplate\":\"https:\/\/www.beautymovies.com\/de\/?s={search_term_string}\"},\"query-input\":{\"@type\":\"PropertyValueSpecification\",\"valueRequired\":true,\"valueName\":\"search_term_string\"}}],\"inLanguage\":\"pt-PT\"},{\"@type\":\"Organization\",\"@id\":\"https:\/\/www.beautymovies.com\/de\/#organization\",\"name\":\"beautymovies.com\",\"url\":\"https:\/\/www.beautymovies.com\/de\/\",\"logo\":{\"@type\":\"ImageObject\",\"inLanguage\":\"pt-PT\",\"@id\":\"https:\/\/www.beautymovies.com\/de\/#\/schema\/logo\/image\/\",\"url\":\"https:\/\/www.beautymovies.com\/wp-content\/uploads\/2019\/04\/logo-end.jpg\",\"contentUrl\":\"https:\/\/www.beautymovies.com\/wp-content\/uploads\/2019\/04\/logo-end.jpg\",\"width\":200,\"height\":73,\"caption\":\"beautymovies.com\"},\"image\":{\"@id\":\"https:\/\/www.beautymovies.com\/de\/#\/schema\/logo\/image\/\"},\"sameAs\":[\"https:\/\/x.com\/BeautyMoviesXXX\"]}]}<\/script>\n<!-- \/ Yoast SEO plugin. -->","yoast_head_json":{"title":"Scene porno e video di sesso ordinati per etichette","description":"Tutti i etichette dei nostri video pornografici per poter scegliere la scena e il tipo di video che vuoi vedere, questa \u00e8 la nostra squisita selezione:","robots":{"index":"index","follow":"follow","max-snippet":"max-snippet:-1","max-image-preview":"max-image-preview:large","max-video-preview":"max-video-preview:-1"},"canonical":"https:\/\/www.beautymovies.com\/it\/video-di-sesso-con-belle-ragazze-nude\/","og_locale":"pt_PT","og_type":"article","og_title":"Scene porno e video di sesso ordinati per etichette","og_description":"Tutti i etichette dei nostri video pornografici per poter scegliere la scena e il tipo di video che vuoi vedere, questa \u00e8 la nostra squisita selezione:","og_url":"https:\/\/www.beautymovies.com\/it\/video-di-sesso-con-belle-ragazze-nude\/","og_site_name":"beautymovies.com","article_modified_time":"2020-08-21T17:23:49+00:00","og_image":[{"width":556,"height":200,"url":"https:\/\/www.beautymovies.com\/wp-content\/uploads\/2017\/03\/logotipo-grande.jpg","type":"image\/jpeg"}],"twitter_card":"summary_large_image","twitter_site":"@BeautyMoviesXXX","twitter_misc":{"Tempo estimado de leitura":"5 minutos"},"schema":{"@context":"https:\/\/schema.org","@graph":[{"@type":"WebPage","@id":"https:\/\/www.beautymovies.com\/it\/video-di-sesso-con-belle-ragazze-nude\/","url":"https:\/\/www.beautymovies.com\/it\/video-di-sesso-con-belle-ragazze-nude\/","name":"Scene porno e video di sesso ordinati per etichette","isPartOf":{"@id":"https:\/\/www.beautymovies.com\/de\/#website"},"primaryImageOfPage":{"@id":"https:\/\/www.beautymovies.com\/it\/video-di-sesso-con-belle-ragazze-nude\/#primaryimage"},"image":{"@id":"https:\/\/www.beautymovies.com\/it\/video-di-sesso-con-belle-ragazze-nude\/#primaryimage"},"thumbnailUrl":"https:\/\/www.beautymovies.com\/wp-content\/uploads\/2017\/03\/logotipo-grande.jpg","datePublished":"2018-06-19T10:03:05+00:00","dateModified":"2020-08-21T17:23:49+00:00","description":"Tutti i etichette dei nostri video pornografici per poter scegliere la scena e il tipo di video che vuoi vedere, questa \u00e8 la nostra squisita selezione:","inLanguage":"pt-PT","potentialAction":[{"@type":"ReadAction","target":["https:\/\/www.beautymovies.com\/it\/video-di-sesso-con-belle-ragazze-nude\/"]}]},{"@type":"ImageObject","inLanguage":"pt-PT","@id":"https:\/\/www.beautymovies.com\/it\/video-di-sesso-con-belle-ragazze-nude\/#primaryimage","url":"https:\/\/www.beautymovies.com\/wp-content\/uploads\/2017\/03\/logotipo-grande.jpg","contentUrl":"https:\/\/www.beautymovies.com\/wp-content\/uploads\/2017\/03\/logotipo-grande.jpg","width":556,"height":200,"caption":"logotipo de beautymovies.com"},{"@type":"WebSite","@id":"https:\/\/www.beautymovies.com\/de\/#website","url":"https:\/\/www.beautymovies.com\/de\/","name":"beautymovies.com","description":"A melhor sele\u00e7\u00e3o de v\u00eddeos pornogr\u00e1ficos em qualidade HD sem publicidade invasiva e com conex\u00e3o segura","publisher":{"@id":"https:\/\/www.beautymovies.com\/de\/#organization"},"potentialAction":[{"@type":"SearchAction","target":{"@type":"EntryPoint","urlTemplate":"https:\/\/www.beautymovies.com\/de\/?s={search_term_string}"},"query-input":{"@type":"PropertyValueSpecification","valueRequired":true,"valueName":"search_term_string"}}],"inLanguage":"pt-PT"},{"@type":"Organization","@id":"https:\/\/www.beautymovies.com\/de\/#organization","name":"beautymovies.com","url":"https:\/\/www.beautymovies.com\/de\/","logo":{"@type":"ImageObject","inLanguage":"pt-PT","@id":"https:\/\/www.beautymovies.com\/de\/#\/schema\/logo\/image\/","url":"https:\/\/www.beautymovies.com\/wp-content\/uploads\/2019\/04\/logo-end.jpg","contentUrl":"https:\/\/www.beautymovies.com\/wp-content\/uploads\/2019\/04\/logo-end.jpg","width":200,"height":73,"caption":"beautymovies.com"},"image":{"@id":"https:\/\/www.beautymovies.com\/de\/#\/schema\/logo\/image\/"},"sameAs":["https:\/\/x.com\/BeautyMoviesXXX"]}]}},"amp_enabled":false,"_links":{"self":[{"href":"https:\/\/www.beautymovies.com\/pt\/wp-json\/wp\/v2\/pages\/11233","targetHints":{"allow":["GET"]}}],"collection":[{"href":"https:\/\/www.beautymovies.com\/pt\/wp-json\/wp\/v2\/pages"}],"about":[{"href":"https:\/\/www.beautymovies.com\/pt\/wp-json\/wp\/v2\/types\/page"}],"author":[{"embeddable":true,"href":"https:\/\/www.beautymovies.com\/pt\/wp-json\/wp\/v2\/users\/1"}],"replies":[{"embeddable":true,"href":"https:\/\/www.beautymovies.com\/pt\/wp-json\/wp\/v2\/comments?post=11233"}],"version-history":[{"count":0,"href":"https:\/\/www.beautymovies.com\/pt\/wp-json\/wp\/v2\/pages\/11233\/revisions"}],"wp:featuredmedia":[{"embeddable":true,"href":"https:\/\/www.beautymovies.com\/pt\/wp-json\/wp\/v2\/media\/1232"}],"wp:attachment":[{"href":"https:\/\/www.beautymovies.com\/pt\/wp-json\/wp\/v2\/media?parent=11233"}],"curies":[{"name":"wp","href":"https:\/\/api.w.org\/{rel}","templated":true}]}}